{"id":97,"date":"2024-10-17T20:01:30","date_gmt":"2024-10-17T18:01:30","guid":{"rendered":"https:\/\/wordpress86.gcms.verdigado.net\/?page_id=97"},"modified":"2026-04-07T11:28:10","modified_gmt":"2026-04-07T09:28:10","slug":"ausschuesse","status":"publish","type":"page","link":"https:\/\/gruene-bergedorf.de\/index.php\/ausschuesse\/","title":{"rendered":"Aussch\u00fcsse"},"content":{"rendered":"\t\t<div data-elementor-type=\"wp-page\" data-elementor-id=\"97\" class=\"elementor elementor-97\">\n\t\t\t\t<div class=\"elementor-element elementor-element-7d26b87 e-flex e-con-boxed e-con e-parent\" data-id=\"7d26b87\" data-element_type=\"container\" data-e-type=\"container\">\n\t\t\t\t\t<div class=\"e-con-inner\">\n\t\t\t\t<div class=\"elementor-element elementor-element-05302a2 elementor-widget elementor-widget-text-editor\" data-id=\"05302a2\" data-element_type=\"widget\" data-e-type=\"widget\" data-widget_type=\"text-editor.default\">\n\t\t\t\t\t\t\t\t\t<p>In den Fachaussch\u00fcssen wird die Arbeit f\u00fcr Bergedorf ganz konkret. Hier sprechen wir \u00fcber Themen wie Umwelt, Stadtentwicklung, Kultur oder Jugend und bereiten Entscheidungen f\u00fcr die Bezirksversammlung vor. Neben unseren Abgeordneten arbeiten auch fachkundige B\u00fcrger*innen als \u201eZugew\u00e4hlte\u201c mit und bringen ihr Wissen ein. So stellen wir sicher, dass viele Perspektiven geh\u00f6rt werden und unsere Fraktion gemeinsam starke Entscheidungen treffen kann.<\/p><p>\u00a0<\/p><p>\u00a0<\/p>\t\t\t\t\t\t\t\t<\/div>\n\t\t\t\t\t<\/div>\n\t\t\t\t<\/div>\n\t\t<div class=\"elementor-element elementor-element-ff268af e-grid e-con-boxed e-con e-parent\" data-id=\"ff268af\" data-element_type=\"container\" data-e-type=\"container\">\n\t\t\t\t\t<div class=\"e-con-inner\">\n\t\t\t\t<div class=\"elementor-element elementor-element-86524d8 elementor-widget elementor-widget-image\" data-id=\"86524d8\" data-element_type=\"widget\" data-e-type=\"widget\" data-widget_type=\"image.default\">\n\t\t\t\t\t\t\t\t\t\t\t\t\t\t\t\t<a href=\"https:\/\/gruene-bergedorf.de\/index.php\/hauptausschuss-ha\/\">\n\t\t\t\t\t\t\t<img fetchpriority=\"high\" decoding=\"async\" width=\"876\" height=\"876\" src=\"https:\/\/gruene-bergedorf.de\/wp-content\/uploads\/2025\/07\/IMG_0297-1024x1024.png\" class=\"attachment-large size-large wp-image-1181\" alt=\"\" srcset=\"https:\/\/gruene-bergedorf.de\/wp-content\/uploads\/2025\/07\/IMG_0297-1024x1024.png 1024w, https:\/\/gruene-bergedorf.de\/wp-content\/uploads\/2025\/07\/IMG_0297-300x300.png 300w, https:\/\/gruene-bergedorf.de\/wp-content\/uploads\/2025\/07\/IMG_0297-150x150.png 150w, https:\/\/gruene-bergedorf.de\/wp-content\/uploads\/2025\/07\/IMG_0297-768x768.png 768w, https:\/\/gruene-bergedorf.de\/wp-content\/uploads\/2025\/07\/IMG_0297-1536x1536.png 1536w, https:\/\/gruene-bergedorf.de\/wp-content\/uploads\/2025\/07\/IMG_0297.png 1920w\" sizes=\"(max-width: 876px) 100vw, 876px\" \/>\t\t\t\t\t\t\t\t<\/a>\n\t\t\t\t\t\t\t\t\t\t\t\t\t\t\t<\/div>\n\t\t\t\t<div class=\"elementor-element elementor-element-52846cd elementor-widget elementor-widget-image\" data-id=\"52846cd\" data-element_type=\"widget\" data-e-type=\"widget\" data-widget_type=\"image.default\">\n\t\t\t\t\t\t\t\t\t\t\t\t\t\t\t\t<a href=\"https:\/\/gruene-bergedorf.de\/index.php\/regionalausschuss-rga\/\">\n\t\t\t\t\t\t\t<img decoding=\"async\" width=\"876\" height=\"876\" src=\"https:\/\/gruene-bergedorf.de\/wp-content\/uploads\/2025\/07\/IMG_0298-1024x1024.png\" class=\"attachment-large size-large wp-image-1182\" alt=\"\" srcset=\"https:\/\/gruene-bergedorf.de\/wp-content\/uploads\/2025\/07\/IMG_0298-1024x1024.png 1024w, https:\/\/gruene-bergedorf.de\/wp-content\/uploads\/2025\/07\/IMG_0298-300x300.png 300w, https:\/\/gruene-bergedorf.de\/wp-content\/uploads\/2025\/07\/IMG_0298-150x150.png 150w, https:\/\/gruene-bergedorf.de\/wp-content\/uploads\/2025\/07\/IMG_0298-768x768.png 768w, https:\/\/gruene-bergedorf.de\/wp-content\/uploads\/2025\/07\/IMG_0298-1536x1536.png 1536w, https:\/\/gruene-bergedorf.de\/wp-content\/uploads\/2025\/07\/IMG_0298.png 1920w\" sizes=\"(max-width: 876px) 100vw, 876px\" \/>\t\t\t\t\t\t\t\t<\/a>\n\t\t\t\t\t\t\t\t\t\t\t\t\t\t\t<\/div>\n\t\t\t\t<div class=\"elementor-element elementor-element-ee90879 elementor-widget elementor-widget-image\" data-id=\"ee90879\" data-element_type=\"widget\" data-e-type=\"widget\" data-widget_type=\"image.default\">\n\t\t\t\t\t\t\t\t\t\t\t\t\t\t\t\t<a href=\"https:\/\/gruene-bergedorf.de\/index.php\/stadtentwicklungssausschuss-sea\/\">\n\t\t\t\t\t\t\t<img decoding=\"async\" width=\"876\" height=\"876\" src=\"https:\/\/gruene-bergedorf.de\/wp-content\/uploads\/2025\/07\/IMG_0300-1024x1024.png\" class=\"attachment-large size-large wp-image-1184\" alt=\"\" srcset=\"https:\/\/gruene-bergedorf.de\/wp-content\/uploads\/2025\/07\/IMG_0300-1024x1024.png 1024w, https:\/\/gruene-bergedorf.de\/wp-content\/uploads\/2025\/07\/IMG_0300-300x300.png 300w, https:\/\/gruene-bergedorf.de\/wp-content\/uploads\/2025\/07\/IMG_0300-150x150.png 150w, https:\/\/gruene-bergedorf.de\/wp-content\/uploads\/2025\/07\/IMG_0300-768x768.png 768w, https:\/\/gruene-bergedorf.de\/wp-content\/uploads\/2025\/07\/IMG_0300-1536x1536.png 1536w, https:\/\/gruene-bergedorf.de\/wp-content\/uploads\/2025\/07\/IMG_0300.png 1920w\" sizes=\"(max-width: 876px) 100vw, 876px\" \/>\t\t\t\t\t\t\t\t<\/a>\n\t\t\t\t\t\t\t\t\t\t\t\t\t\t\t<\/div>\n\t\t\t\t<div class=\"elementor-element elementor-element-c9d60cb elementor-widget elementor-widget-image\" data-id=\"c9d60cb\" data-element_type=\"widget\" data-e-type=\"widget\" data-widget_type=\"image.default\">\n\t\t\t\t\t\t\t\t\t\t\t\t\t\t\t\t<a href=\"https:\/\/gruene-bergedorf.de\/index.php\/umwelt-und-klimaschutz-uk\/\">\n\t\t\t\t\t\t\t<img loading=\"lazy\" decoding=\"async\" width=\"876\" height=\"876\" src=\"https:\/\/gruene-bergedorf.de\/wp-content\/uploads\/2025\/07\/IMG_0296-1024x1024.png\" class=\"attachment-large size-large wp-image-1179\" alt=\"\" srcset=\"https:\/\/gruene-bergedorf.de\/wp-content\/uploads\/2025\/07\/IMG_0296-1024x1024.png 1024w, https:\/\/gruene-bergedorf.de\/wp-content\/uploads\/2025\/07\/IMG_0296-300x300.png 300w, https:\/\/gruene-bergedorf.de\/wp-content\/uploads\/2025\/07\/IMG_0296-150x150.png 150w, https:\/\/gruene-bergedorf.de\/wp-content\/uploads\/2025\/07\/IMG_0296-768x768.png 768w, https:\/\/gruene-bergedorf.de\/wp-content\/uploads\/2025\/07\/IMG_0296-1536x1536.png 1536w, https:\/\/gruene-bergedorf.de\/wp-content\/uploads\/2025\/07\/IMG_0296.png 1920w\" sizes=\"(max-width: 876px) 100vw, 876px\" \/>\t\t\t\t\t\t\t\t<\/a>\n\t\t\t\t\t\t\t\t\t\t\t\t\t\t\t<\/div>\n\t\t\t\t<div class=\"elementor-element elementor-element-e0db87c elementor-widget elementor-widget-image\" data-id=\"e0db87c\" data-element_type=\"widget\" data-e-type=\"widget\" data-widget_type=\"image.default\">\n\t\t\t\t\t\t\t\t\t\t\t\t\t\t\t\t<a href=\"https:\/\/gruene-bergedorf.de\/index.php\/soziales-gesundheit-und-integration-sgi\/\">\n\t\t\t\t\t\t\t<img loading=\"lazy\" decoding=\"async\" width=\"876\" height=\"876\" src=\"https:\/\/gruene-bergedorf.de\/wp-content\/uploads\/2025\/07\/IMG_0301-1024x1024.png\" class=\"attachment-large size-large wp-image-1186\" alt=\"\" srcset=\"https:\/\/gruene-bergedorf.de\/wp-content\/uploads\/2025\/07\/IMG_0301-1024x1024.png 1024w, https:\/\/gruene-bergedorf.de\/wp-content\/uploads\/2025\/07\/IMG_0301-300x300.png 300w, https:\/\/gruene-bergedorf.de\/wp-content\/uploads\/2025\/07\/IMG_0301-150x150.png 150w, https:\/\/gruene-bergedorf.de\/wp-content\/uploads\/2025\/07\/IMG_0301-768x768.png 768w, https:\/\/gruene-bergedorf.de\/wp-content\/uploads\/2025\/07\/IMG_0301-1536x1536.png 1536w, https:\/\/gruene-bergedorf.de\/wp-content\/uploads\/2025\/07\/IMG_0301.png 1920w\" sizes=\"(max-width: 876px) 100vw, 876px\" \/>\t\t\t\t\t\t\t\t<\/a>\n\t\t\t\t\t\t\t\t\t\t\t\t\t\t\t<\/div>\n\t\t\t\t<div class=\"elementor-element elementor-element-d95549e elementor-widget elementor-widget-image\" data-id=\"d95549e\" data-element_type=\"widget\" data-e-type=\"widget\" data-widget_type=\"image.default\">\n\t\t\t\t\t\t\t\t\t\t\t\t\t\t\t\t<a href=\"https:\/\/gruene-bergedorf.de\/index.php\/verkehr-und-inneres-vi\/\">\n\t\t\t\t\t\t\t<img loading=\"lazy\" decoding=\"async\" width=\"876\" height=\"876\" src=\"https:\/\/gruene-bergedorf.de\/wp-content\/uploads\/2025\/07\/IMG_0293-1024x1024.png\" class=\"attachment-large size-large wp-image-1123\" alt=\"\" srcset=\"https:\/\/gruene-bergedorf.de\/wp-content\/uploads\/2025\/07\/IMG_0293-1024x1024.png 1024w, https:\/\/gruene-bergedorf.de\/wp-content\/uploads\/2025\/07\/IMG_0293-300x300.png 300w, https:\/\/gruene-bergedorf.de\/wp-content\/uploads\/2025\/07\/IMG_0293-150x150.png 150w, https:\/\/gruene-bergedorf.de\/wp-content\/uploads\/2025\/07\/IMG_0293-768x768.png 768w, https:\/\/gruene-bergedorf.de\/wp-content\/uploads\/2025\/07\/IMG_0293-1536x1536.png 1536w, https:\/\/gruene-bergedorf.de\/wp-content\/uploads\/2025\/07\/IMG_0293.png 1920w\" sizes=\"(max-width: 876px) 100vw, 876px\" \/>\t\t\t\t\t\t\t\t<\/a>\n\t\t\t\t\t\t\t\t\t\t\t\t\t\t\t<\/div>\n\t\t\t\t<div class=\"elementor-element elementor-element-f7648db elementor-widget elementor-widget-image\" data-id=\"f7648db\" data-element_type=\"widget\" data-e-type=\"widget\" data-widget_type=\"image.default\">\n\t\t\t\t\t\t\t\t\t\t\t\t\t\t\t\t<a href=\"https:\/\/gruene-bergedorf.de\/index.php\/sport-und-bildung-sb\/\">\n\t\t\t\t\t\t\t<img loading=\"lazy\" decoding=\"async\" width=\"876\" height=\"876\" src=\"https:\/\/gruene-bergedorf.de\/wp-content\/uploads\/2025\/07\/IMG_0302-1024x1024.png\" class=\"attachment-large size-large wp-image-1188\" alt=\"\" srcset=\"https:\/\/gruene-bergedorf.de\/wp-content\/uploads\/2025\/07\/IMG_0302-1024x1024.png 1024w, https:\/\/gruene-bergedorf.de\/wp-content\/uploads\/2025\/07\/IMG_0302-300x300.png 300w, https:\/\/gruene-bergedorf.de\/wp-content\/uploads\/2025\/07\/IMG_0302-150x150.png 150w, https:\/\/gruene-bergedorf.de\/wp-content\/uploads\/2025\/07\/IMG_0302-768x768.png 768w, https:\/\/gruene-bergedorf.de\/wp-content\/uploads\/2025\/07\/IMG_0302-1536x1536.png 1536w, https:\/\/gruene-bergedorf.de\/wp-content\/uploads\/2025\/07\/IMG_0302.png 1920w\" sizes=\"(max-width: 876px) 100vw, 876px\" \/>\t\t\t\t\t\t\t\t<\/a>\n\t\t\t\t\t\t\t\t\t\t\t\t\t\t\t<\/div>\n\t\t\t\t<div class=\"elementor-element elementor-element-9a2324f elementor-widget elementor-widget-image\" data-id=\"9a2324f\" data-element_type=\"widget\" data-e-type=\"widget\" data-widget_type=\"image.default\">\n\t\t\t\t\t\t\t\t\t\t\t\t\t\t\t\t<a href=\"https:\/\/gruene-bergedorf.de\/index.php\/kulturausschuss-ka\/\">\n\t\t\t\t\t\t\t<img loading=\"lazy\" decoding=\"async\" width=\"876\" height=\"876\" src=\"https:\/\/gruene-bergedorf.de\/wp-content\/uploads\/2025\/07\/IMG_0307-1024x1024.png\" class=\"attachment-large size-large wp-image-1195\" alt=\"\" srcset=\"https:\/\/gruene-bergedorf.de\/wp-content\/uploads\/2025\/07\/IMG_0307-1024x1024.png 1024w, https:\/\/gruene-bergedorf.de\/wp-content\/uploads\/2025\/07\/IMG_0307-300x300.png 300w, https:\/\/gruene-bergedorf.de\/wp-content\/uploads\/2025\/07\/IMG_0307-150x150.png 150w, https:\/\/gruene-bergedorf.de\/wp-content\/uploads\/2025\/07\/IMG_0307-768x768.png 768w, https:\/\/gruene-bergedorf.de\/wp-content\/uploads\/2025\/07\/IMG_0307-1536x1536.png 1536w, https:\/\/gruene-bergedorf.de\/wp-content\/uploads\/2025\/07\/IMG_0307.png 1920w\" sizes=\"(max-width: 876px) 100vw, 876px\" \/>\t\t\t\t\t\t\t\t<\/a>\n\t\t\t\t\t\t\t\t\t\t\t\t\t\t\t<\/div>\n\t\t\t\t<div class=\"elementor-element elementor-element-e82e214 elementor-widget elementor-widget-image\" data-id=\"e82e214\" data-element_type=\"widget\" data-e-type=\"widget\" data-widget_type=\"image.default\">\n\t\t\t\t\t\t\t\t\t\t\t\t\t\t\t\t<a href=\"https:\/\/gruene-bergedorf.de\/index.php\/wirtschaft-handel-und-tourismus-wht\/\">\n\t\t\t\t\t\t\t<img loading=\"lazy\" decoding=\"async\" width=\"876\" height=\"876\" src=\"https:\/\/gruene-bergedorf.de\/wp-content\/uploads\/2025\/07\/IMG_0303-1024x1024.png\" class=\"attachment-large size-large wp-image-1189\" alt=\"\" srcset=\"https:\/\/gruene-bergedorf.de\/wp-content\/uploads\/2025\/07\/IMG_0303-1024x1024.png 1024w, https:\/\/gruene-bergedorf.de\/wp-content\/uploads\/2025\/07\/IMG_0303-300x300.png 300w, https:\/\/gruene-bergedorf.de\/wp-content\/uploads\/2025\/07\/IMG_0303-150x150.png 150w, https:\/\/gruene-bergedorf.de\/wp-content\/uploads\/2025\/07\/IMG_0303-768x768.png 768w, https:\/\/gruene-bergedorf.de\/wp-content\/uploads\/2025\/07\/IMG_0303-1536x1536.png 1536w, https:\/\/gruene-bergedorf.de\/wp-content\/uploads\/2025\/07\/IMG_0303.png 1920w\" sizes=\"(max-width: 876px) 100vw, 876px\" \/>\t\t\t\t\t\t\t\t<\/a>\n\t\t\t\t\t\t\t\t\t\t\t\t\t\t\t<\/div>\n\t\t\t\t<div class=\"elementor-element elementor-element-d9d2686 elementor-widget elementor-widget-image\" data-id=\"d9d2686\" data-element_type=\"widget\" data-e-type=\"widget\" data-widget_type=\"image.default\">\n\t\t\t\t\t\t\t\t\t\t\t\t\t\t\t\t<a href=\"https:\/\/gruene-bergedorf.de\/index.php\/bauangelegenheiten-bau\/\">\n\t\t\t\t\t\t\t<img loading=\"lazy\" decoding=\"async\" width=\"876\" height=\"876\" src=\"https:\/\/gruene-bergedorf.de\/wp-content\/uploads\/2025\/07\/IMG_0304-1024x1024.png\" class=\"attachment-large size-large wp-image-1190\" alt=\"\" srcset=\"https:\/\/gruene-bergedorf.de\/wp-content\/uploads\/2025\/07\/IMG_0304-1024x1024.png 1024w, https:\/\/gruene-bergedorf.de\/wp-content\/uploads\/2025\/07\/IMG_0304-300x300.png 300w, https:\/\/gruene-bergedorf.de\/wp-content\/uploads\/2025\/07\/IMG_0304-150x150.png 150w, https:\/\/gruene-bergedorf.de\/wp-content\/uploads\/2025\/07\/IMG_0304-768x768.png 768w, https:\/\/gruene-bergedorf.de\/wp-content\/uploads\/2025\/07\/IMG_0304-1536x1536.png 1536w, https:\/\/gruene-bergedorf.de\/wp-content\/uploads\/2025\/07\/IMG_0304.png 1920w\" sizes=\"(max-width: 876px) 100vw, 876px\" \/>\t\t\t\t\t\t\t\t<\/a>\n\t\t\t\t\t\t\t\t\t\t\t\t\t\t\t<\/div>\n\t\t\t\t<div class=\"elementor-element elementor-element-1ad1aeb elementor-widget elementor-widget-image\" data-id=\"1ad1aeb\" data-element_type=\"widget\" data-e-type=\"widget\" data-widget_type=\"image.default\">\n\t\t\t\t\t\t\t\t\t\t\t\t\t\t\t\t<a href=\"https:\/\/gruene-bergedorf.de\/index.php\/unterausschuss-bau-ubau\/\">\n\t\t\t\t\t\t\t<img loading=\"lazy\" decoding=\"async\" width=\"876\" height=\"876\" src=\"https:\/\/gruene-bergedorf.de\/wp-content\/uploads\/2025\/07\/IMG_0306-1024x1024.png\" class=\"attachment-large size-large wp-image-1192\" alt=\"\" srcset=\"https:\/\/gruene-bergedorf.de\/wp-content\/uploads\/2025\/07\/IMG_0306-1024x1024.png 1024w, https:\/\/gruene-bergedorf.de\/wp-content\/uploads\/2025\/07\/IMG_0306-300x300.png 300w, https:\/\/gruene-bergedorf.de\/wp-content\/uploads\/2025\/07\/IMG_0306-150x150.png 150w, https:\/\/gruene-bergedorf.de\/wp-content\/uploads\/2025\/07\/IMG_0306-768x768.png 768w, https:\/\/gruene-bergedorf.de\/wp-content\/uploads\/2025\/07\/IMG_0306-1536x1536.png 1536w, https:\/\/gruene-bergedorf.de\/wp-content\/uploads\/2025\/07\/IMG_0306.png 1920w\" sizes=\"(max-width: 876px) 100vw, 876px\" \/>\t\t\t\t\t\t\t\t<\/a>\n\t\t\t\t\t\t\t\t\t\t\t\t\t\t\t<\/div>\n\t\t\t\t<div class=\"elementor-element elementor-element-99a4fea elementor-widget elementor-widget-image\" data-id=\"99a4fea\" data-element_type=\"widget\" data-e-type=\"widget\" data-widget_type=\"image.default\">\n\t\t\t\t\t\t\t\t\t\t\t\t\t\t\t\t<a href=\"https:\/\/gruene-bergedorf.de\/index.php\/jugendhilfeausschuss-jha\/\">\n\t\t\t\t\t\t\t<img loading=\"lazy\" decoding=\"async\" width=\"768\" height=\"768\" src=\"https:\/\/gruene-bergedorf.de\/wp-content\/uploads\/2025\/07\/F6F1B289-7AE3-4505-B6CD-9D657692D818.jpg\" class=\"attachment-large size-large wp-image-1531\" alt=\"\" srcset=\"https:\/\/gruene-bergedorf.de\/wp-content\/uploads\/2025\/07\/F6F1B289-7AE3-4505-B6CD-9D657692D818.jpg 768w, https:\/\/gruene-bergedorf.de\/wp-content\/uploads\/2025\/07\/F6F1B289-7AE3-4505-B6CD-9D657692D818-300x300.jpg 300w, https:\/\/gruene-bergedorf.de\/wp-content\/uploads\/2025\/07\/F6F1B289-7AE3-4505-B6CD-9D657692D818-150x150.jpg 150w\" sizes=\"(max-width: 768px) 100vw, 768px\" \/>\t\t\t\t\t\t\t\t<\/a>\n\t\t\t\t\t\t\t\t\t\t\t\t\t\t\t<\/div>\n\t\t\t\t<div class=\"elementor-element elementor-element-43790df elementor-widget elementor-widget-image\" data-id=\"43790df\" data-element_type=\"widget\" data-e-type=\"widget\" data-widget_type=\"image.default\">\n\t\t\t\t\t\t\t\t\t\t\t\t\t\t\t\t<a href=\"https:\/\/gruene-bergedorf.de\/index.php\/jugendhilfeausschuss-jha\/\">\n\t\t\t\t\t\t\t<img decoding=\"async\" src=\"https:\/\/gruene-bergedorf.de\/wp-content\/uploads\/2025\/07\/IMG_0305.png\" title=\"\" alt=\"\" loading=\"lazy\" \/>\t\t\t\t\t\t\t\t<\/a>\n\t\t\t\t\t\t\t\t\t\t\t\t\t\t\t<\/div>\n\t\t\t\t<div class=\"elementor-element elementor-element-0ef5aa6 elementor-widget elementor-widget-image\" data-id=\"0ef5aa6\" data-element_type=\"widget\" data-e-type=\"widget\" data-widget_type=\"image.default\">\n\t\t\t\t\t\t\t\t\t\t\t\t\t\t\t\t<a href=\"https:\/\/gruene-bergedorf.de\/index.php\/ausschuss-fuer-haushalt-und-vergabe-hv\/\">\n\t\t\t\t\t\t\t<img loading=\"lazy\" decoding=\"async\" width=\"876\" height=\"876\" src=\"https:\/\/gruene-bergedorf.de\/wp-content\/uploads\/2026\/04\/sharepic-5-1024x1024.png\" class=\"attachment-large size-large wp-image-2525\" alt=\"\" srcset=\"https:\/\/gruene-bergedorf.de\/wp-content\/uploads\/2026\/04\/sharepic-5-1024x1024.png 1024w, https:\/\/gruene-bergedorf.de\/wp-content\/uploads\/2026\/04\/sharepic-5-300x300.png 300w, https:\/\/gruene-bergedorf.de\/wp-content\/uploads\/2026\/04\/sharepic-5-150x150.png 150w, https:\/\/gruene-bergedorf.de\/wp-content\/uploads\/2026\/04\/sharepic-5-768x768.png 768w, https:\/\/gruene-bergedorf.de\/wp-content\/uploads\/2026\/04\/sharepic-5.png 1080w\" sizes=\"(max-width: 876px) 100vw, 876px\" \/>\t\t\t\t\t\t\t\t<\/a>\n\t\t\t\t\t\t\t\t\t\t\t\t\t\t\t<\/div>\n\t\t\t\t\t<\/div>\n\t\t\t\t<\/div>\n\t\t\t\t<\/div>\n\t\t","protected":false},"excerpt":{"rendered":"<p>In den Fachaussch\u00fcssen wird die Arbeit f\u00fcr Bergedorf ganz konkret. Hier sprechen wir \u00fcber Themen wie Umwelt, Stadtentwicklung, Kultur oder Jugend und bereiten Entscheidungen f\u00fcr die Bezirksversammlung vor. Neben unseren [&hellip;]<\/p>\n","protected":false},"author":3,"featured_media":0,"parent":0,"menu_order":0,"comment_status":"closed","ping_status":"closed","template":"","meta":{"footnotes":""},"class_list":["post-97","page","type-page","status-publish","hentry"],"_links":{"self":[{"href":"https:\/\/gruene-bergedorf.de\/index.php\/wp-json\/wp\/v2\/pages\/97","targetHints":{"allow":["GET"]}}],"collection":[{"href":"https:\/\/gruene-bergedorf.de\/index.php\/wp-json\/wp\/v2\/pages"}],"about":[{"href":"https:\/\/gruene-bergedorf.de\/index.php\/wp-json\/wp\/v2\/types\/page"}],"author":[{"embeddable":true,"href":"https:\/\/gruene-bergedorf.de\/index.php\/wp-json\/wp\/v2\/users\/3"}],"replies":[{"embeddable":true,"href":"https:\/\/gruene-bergedorf.de\/index.php\/wp-json\/wp\/v2\/comments?post=97"}],"version-history":[{"count":75,"href":"https:\/\/gruene-bergedorf.de\/index.php\/wp-json\/wp\/v2\/pages\/97\/revisions"}],"predecessor-version":[{"id":2540,"href":"https:\/\/gruene-bergedorf.de\/index.php\/wp-json\/wp\/v2\/pages\/97\/revisions\/2540"}],"wp:attachment":[{"href":"https:\/\/gruene-bergedorf.de\/index.php\/wp-json\/wp\/v2\/media?parent=97"}],"curies":[{"name":"wp","href":"https:\/\/api.w.org\/{rel}","templated":true}]}}