{"id":96,"date":"2024-10-17T20:01:30","date_gmt":"2024-10-17T18:01:30","guid":{"rendered":"https:\/\/wordpress86.gcms.verdigado.net\/?page_id=96"},"modified":"2026-02-23T13:52:02","modified_gmt":"2026-02-23T12:52:02","slug":"bezirksabgeordnete","status":"publish","type":"page","link":"https:\/\/gruene-bergedorf.de\/index.php\/bezirksabgeordnete\/","title":{"rendered":"Bezirksabgeordnete"},"content":{"rendered":"\n<h2 class=\"wp-block-heading\">Unsere Mitglieder in der Bezirksversammlung Bergedorf<\/h2>\n\n\n\n<p>Die Bezirksversammlung ist das demokratisch gew\u00e4hlte Gremium des Bezirks Bergedorf. Sie erm\u00f6glicht den B\u00fcrgerinnen und B\u00fcrgern, unmittelbar an der politischen Gestaltung ihres Bezirks mitzuwirken. \u00dcber lokale Angelegenheiten fasst das Gremium Beschl\u00fcsse, wirkt an Verwaltungsaufgaben mit und \u00fcberwacht diese.<\/p>\n\n\n\n<p>Zur Bearbeitung spezieller Themen werden verschiedene <a href=\"https:\/\/gruene-bergedorf.de\/index.php\/ausschuesse\/\" data-type=\"category\" data-id=\"8\">Aussch\u00fcsse<\/a> gebildet.<\/p>\n\n\n\n<div class=\"wp-block-buttons is-layout-flex wp-block-buttons-is-layout-flex\">\n<div class=\"wp-block-button\"><a class=\"wp-block-button__link wp-element-button\" href=\"https:\/\/www.hamburg.de\/politik-und-verwaltung\/bezirke\/bergedorf\/bezirksversammlung\">Bezirksversammlung Bergedorf<\/a><\/div>\n<\/div>\n\n\n\n<div style=\"height:70px\" aria-hidden=\"true\" class=\"wp-block-spacer\"><\/div>\n\n\n\n<div style=\"height:40px\" aria-hidden=\"true\" class=\"wp-block-spacer\"><\/div>\n\n\n\n<div class=\"wp-block-group is-nowrap is-layout-flex wp-container-core-group-is-layout-ad2f72ca wp-block-group-is-layout-flex\">\n<div class=\"wp-block-columns is-layout-flex wp-container-core-columns-is-layout-9d6595d7 wp-block-columns-is-layout-flex\">\n<div class=\"wp-block-column mb-md-4 is-layout-flow wp-block-column-is-layout-flow\">\n<div class=\"wp-block-columns is-layout-flex wp-container-core-columns-is-layout-9d6595d7 wp-block-columns-is-layout-flex\">\n<div class=\"wp-block-column is-layout-flow wp-block-column-is-layout-flow\">\n<div class=\"wp-block-media-text alignwide is-stacked-on-mobile person has-shadow\"><figure class=\"wp-block-media-text__media\"><img fetchpriority=\"high\" decoding=\"async\" width=\"1024\" height=\"683\" src=\"https:\/\/gruene-bergedorf.de\/wp-content\/uploads\/2025\/12\/IMG_0320-1024x683.jpeg\" alt=\"\" class=\"wp-image-2153 size-full\" srcset=\"https:\/\/gruene-bergedorf.de\/wp-content\/uploads\/2025\/12\/IMG_0320-1024x683.jpeg 1024w, https:\/\/gruene-bergedorf.de\/wp-content\/uploads\/2025\/12\/IMG_0320-300x200.jpeg 300w, https:\/\/gruene-bergedorf.de\/wp-content\/uploads\/2025\/12\/IMG_0320-768x512.jpeg 768w\" sizes=\"(max-width: 1024px) 100vw, 1024px\" \/><\/figure><div class=\"wp-block-media-text__content\">\n<p class=\"has-text-align-left person-name\">Lenka Brodbeck<\/p>\n\n\n\n<p class=\"has-text-align-left person-description\">Co-Fraktionsvorsitzende<\/p>\n\n\n\n<p>Sprecherin f\u00fcr:<\/p>\n\n\n\n<ul class=\"wp-block-list\">\n<li><a href=\"https:\/\/gruene-bergedorf.de\/index.php\/regionalausschuss-rga\/\" data-type=\"page\" data-id=\"641\">Vier- und Marschlande<\/a><\/li>\n\n\n\n<li><a href=\"https:\/\/gruene-bergedorf.de\/index.php\/soziales-gesundheit-und-integration-sgi\/\" data-type=\"page\" data-id=\"647\">Soziales, Gesundheit und Integration<\/a><\/li>\n\n\n\n<li><a href=\"https:\/\/gruene-bergedorf.de\/index.php\/unterausschuss-bau-ubau\/\" data-type=\"page\" data-id=\"659\">Unterausschuss Bau<\/a><\/li>\n<\/ul>\n\n\n\n<p class=\"has-text-align-left person-mail no-link\">\ud83d\udce7 <a href=\"#\" data-unscramble=\"ed.frodegreb-eneurg@kcebdorb.aknel\" data-type=\"mailto\" data-id=\"#\" data-unscramble=\"ed.frodegreb-eneurg@kcebdorb.aknel\">lenka.brodbeck@gruene-bergedorf.de<\/a><\/p>\n\n\n\n<div style=\"height:40px\" aria-hidden=\"true\" class=\"wp-block-spacer\"><\/div>\n\n\n\n<div class=\"wp-block-buttons is-layout-flex wp-block-buttons-is-layout-flex\">\n<div class=\"wp-block-button\"><a class=\"wp-block-button__link wp-element-button\" href=\"https:\/\/gruene-bergedorf.de\/index.php\/im-aufbau\/\">Mehr erfahren<\/a><\/div>\n<\/div>\n<\/div><\/div>\n<\/div>\n\n\n\n<div class=\"wp-block-column is-layout-flow wp-block-column-is-layout-flow\">\n<div class=\"wp-block-media-text alignwide is-stacked-on-mobile person has-shadow\"><figure class=\"wp-block-media-text__media\"><img decoding=\"async\" width=\"1024\" height=\"683\" src=\"https:\/\/gruene-bergedorf.de\/wp-content\/uploads\/2025\/09\/DSC3473-1024x683.jpg\" alt=\"\" class=\"wp-image-1662 size-full\" srcset=\"https:\/\/gruene-bergedorf.de\/wp-content\/uploads\/2025\/09\/DSC3473-1024x683.jpg 1024w, https:\/\/gruene-bergedorf.de\/wp-content\/uploads\/2025\/09\/DSC3473-300x200.jpg 300w, https:\/\/gruene-bergedorf.de\/wp-content\/uploads\/2025\/09\/DSC3473-768x512.jpg 768w\" sizes=\"(max-width: 1024px) 100vw, 1024px\" \/><\/figure><div class=\"wp-block-media-text__content\">\n<p class=\"has-text-align-left person-name\">Nils Potthast<\/p>\n\n\n\n<p class=\"has-text-align-left person-description\">Co-Fraktionsvorsitzender<\/p>\n\n\n\n<p>Sprecher f\u00fcr:<\/p>\n\n\n\n<ul class=\"wp-block-list\">\n<li><a href=\"https:\/\/gruene-bergedorf.de\/index.php\/umwelt-und-klimaschutz-uk\/\" data-type=\"page\" data-id=\"645\">Umwelt- und Klimaschutz<\/a><\/li>\n<\/ul>\n\n\n\n<p class=\"has-text-align-left person-mail no-link\">\ud83d\udce7 <a href=\"#\" data-unscramble=\"ed.frodegreb-eneurg@tsahttop.slin\" data-type=\"mailto\" data-id=\"#\" data-unscramble=\"ed.frodegreb-eneurg@tsahttop.slin\">nils.potthast@gruene-bergedorf.de<\/a><\/p>\n\n\n\n<div style=\"height:50px\" aria-hidden=\"true\" class=\"wp-block-spacer\"><\/div>\n\n\n\n<div class=\"wp-block-buttons is-layout-flex wp-block-buttons-is-layout-flex\">\n<div class=\"wp-block-button\"><a class=\"wp-block-button__link wp-element-button\" href=\"https:\/\/gruene-bergedorf.de\/index.php\/nils-potthast\/\">Mehr erfahren<\/a><\/div>\n<\/div>\n<\/div><\/div>\n<\/div>\n<\/div>\n<\/div>\n<\/div>\n<\/div>\n\n\n\n<div class=\"wp-block-columns is-layout-flex wp-container-core-columns-is-layout-9d6595d7 wp-block-columns-is-layout-flex\">\n<div class=\"wp-block-column mb-md-4 is-layout-flow wp-block-column-is-layout-flow\">\n<div class=\"wp-block-columns is-layout-flex wp-container-core-columns-is-layout-9d6595d7 wp-block-columns-is-layout-flex\">\n<div class=\"wp-block-column is-layout-flow wp-block-column-is-layout-flow\">\n<div class=\"wp-block-media-text alignwide is-stacked-on-mobile person has-shadow\"><figure class=\"wp-block-media-text__media\"><img decoding=\"async\" width=\"1024\" height=\"683\" src=\"https:\/\/gruene-bergedorf.de\/wp-content\/uploads\/2025\/09\/HA905437-1024x683.jpg\" alt=\"\" class=\"wp-image-1665 size-full\" srcset=\"https:\/\/gruene-bergedorf.de\/wp-content\/uploads\/2025\/09\/HA905437-1024x683.jpg 1024w, https:\/\/gruene-bergedorf.de\/wp-content\/uploads\/2025\/09\/HA905437-300x200.jpg 300w, https:\/\/gruene-bergedorf.de\/wp-content\/uploads\/2025\/09\/HA905437-768x512.jpg 768w, https:\/\/gruene-bergedorf.de\/wp-content\/uploads\/2025\/09\/HA905437-1536x1024.jpg 1536w, https:\/\/gruene-bergedorf.de\/wp-content\/uploads\/2025\/09\/HA905437-2048x1365.jpg 2048w\" sizes=\"(max-width: 1024px) 100vw, 1024px\" \/><\/figure><div class=\"wp-block-media-text__content\">\n<p class=\"person-name\">Enja Basener<\/p>\n\n\n\n<p class=\"person-mail no-link\">\ud83d\udce7 <a href=\"#\" data-unscramble=\"ed.frodegreb-eneurg@renesab.ajne\">enja.basener@gruene-bergedorf.de<\/a><\/p>\n\n\n\n<div style=\"height:40px\" aria-hidden=\"true\" class=\"wp-block-spacer\"><\/div>\n\n\n\n<div class=\"wp-block-buttons is-layout-flex wp-block-buttons-is-layout-flex\">\n<div class=\"wp-block-button\"><a class=\"wp-block-button__link wp-element-button\" href=\"https:\/\/gruene-bergedorf.de\/index.php\/im-aufbau\/\">Mehr erfahren<\/a><\/div>\n<\/div>\n<\/div><\/div>\n<\/div>\n\n\n\n<div class=\"wp-block-column is-layout-flow wp-block-column-is-layout-flow\">\n<div class=\"wp-block-media-text alignwide is-stacked-on-mobile person has-shadow\"><figure class=\"wp-block-media-text__media\"><img loading=\"lazy\" decoding=\"async\" width=\"1024\" height=\"683\" src=\"https:\/\/gruene-bergedorf.de\/wp-content\/uploads\/2026\/02\/IMG_0351-1024x683.jpeg\" alt=\"\" class=\"wp-image-2387 size-full\" srcset=\"https:\/\/gruene-bergedorf.de\/wp-content\/uploads\/2026\/02\/IMG_0351-1024x683.jpeg 1024w, https:\/\/gruene-bergedorf.de\/wp-content\/uploads\/2026\/02\/IMG_0351-300x200.jpeg 300w, https:\/\/gruene-bergedorf.de\/wp-content\/uploads\/2026\/02\/IMG_0351-768x512.jpeg 768w, https:\/\/gruene-bergedorf.de\/wp-content\/uploads\/2026\/02\/IMG_0351-1536x1024.jpeg 1536w, https:\/\/gruene-bergedorf.de\/wp-content\/uploads\/2026\/02\/IMG_0351-2048x1365.jpeg 2048w\" sizes=\"(max-width: 1024px) 100vw, 1024px\" \/><\/figure><div class=\"wp-block-media-text__content\">\n<p class=\"person-name\">Jan Vlamynck<\/p>\n\n\n\n<p>Sprecher f\u00fcr:<\/p>\n\n\n\n<ul class=\"wp-block-list\">\n<li><a href=\"https:\/\/gruene-bergedorf.de\/index.php\/wirtschaft-handel-und-tourismus-wht\/\" data-type=\"page\" data-id=\"655\">Wirtschaft, Handel und Tourismus<\/a><\/li>\n\n\n\n<li><a href=\"https:\/\/gruene-bergedorf.de\/index.php\/sport-und-bildung-sb\/\" data-type=\"page\" data-id=\"651\">Sport und Bildung<\/a><\/li>\n<\/ul>\n\n\n\n<p class=\"person-mail no-link\">\ud83d\udce7 <a href=\"#\" data-unscramble=\"ed.frodegreb-eneurg@kcnymalv.naj\">jan.vlamynck@gruene-bergedorf.de<\/a><\/p>\n\n\n\n<div style=\"height:40px\" aria-hidden=\"true\" class=\"wp-block-spacer\"><\/div>\n\n\n\n<div class=\"wp-block-buttons is-layout-flex wp-block-buttons-is-layout-flex\">\n<div class=\"wp-block-button\"><a class=\"wp-block-button__link wp-element-button\" href=\"https:\/\/gruene-bergedorf.de\/index.php\/im-aufbau\/\">Mehr erfahren<\/a><\/div>\n<\/div>\n<\/div><\/div>\n<\/div>\n<\/div>\n<\/div>\n<\/div>\n\n\n\n<div class=\"wp-block-columns is-layout-flex wp-container-core-columns-is-layout-9d6595d7 wp-block-columns-is-layout-flex\">\n<div class=\"wp-block-column mb-md-4 is-layout-flow wp-block-column-is-layout-flow\">\n<div class=\"wp-block-columns is-layout-flex wp-container-core-columns-is-layout-9d6595d7 wp-block-columns-is-layout-flex\">\n<div class=\"wp-block-column is-layout-flow wp-block-column-is-layout-flow\">\n<div class=\"wp-block-media-text alignwide is-stacked-on-mobile is-image-fill-element person has-shadow\"><figure class=\"wp-block-media-text__media\"><img loading=\"lazy\" decoding=\"async\" width=\"1024\" height=\"744\" src=\"https:\/\/wordpress86.gcms.verdigado.net\/wp-content\/uploads\/2024\/10\/8-Fabio-Detmer-1024x744.jpg\" alt=\"\" class=\"wp-image-192 size-full\" style=\"object-position:0% 51%\" srcset=\"https:\/\/gruene-bergedorf.de\/wp-content\/uploads\/2024\/10\/8-Fabio-Detmer-1024x744.jpg 1024w, https:\/\/gruene-bergedorf.de\/wp-content\/uploads\/2024\/10\/8-Fabio-Detmer-300x218.jpg 300w, https:\/\/gruene-bergedorf.de\/wp-content\/uploads\/2024\/10\/8-Fabio-Detmer-768x558.jpg 768w, https:\/\/gruene-bergedorf.de\/wp-content\/uploads\/2024\/10\/8-Fabio-Detmer-1536x1116.jpg 1536w, https:\/\/gruene-bergedorf.de\/wp-content\/uploads\/2024\/10\/8-Fabio-Detmer-2048x1487.jpg 2048w\" sizes=\"(max-width: 1024px) 100vw, 1024px\" \/><\/figure><div class=\"wp-block-media-text__content\">\n<p class=\"person-name\">Fabio Detmer<\/p>\n\n\n\n<p class=\"person-description\">Sprecher f\u00fcr:<\/p>\n\n\n\n<ul class=\"wp-block-list\">\n<li><a href=\"https:\/\/gruene-bergedorf.de\/index.php\/verkehr-und-inneres-vi\/\" data-type=\"page\" data-id=\"649\">Verkehr und Inneres<\/a><\/li>\n<\/ul>\n\n\n\n<p class=\"person-mail no-link\">\ud83d\udce7 <a href=\"#\" data-unscramble=\"ed.frodegreb-eneurg@remted.oibaf\">fabio.detmer@gruene-bergedorf.de<\/a><\/p>\n\n\n\n<div style=\"height:40px\" aria-hidden=\"true\" class=\"wp-block-spacer\"><\/div>\n\n\n\n<div class=\"wp-block-buttons is-layout-flex wp-block-buttons-is-layout-flex\">\n<div class=\"wp-block-button\"><a class=\"wp-block-button__link wp-element-button\" href=\"https:\/\/gruene-bergedorf.de\/index.php\/im-aufbau\/\">Mehr erfahren<\/a><\/div>\n<\/div>\n<\/div><\/div>\n<\/div>\n\n\n\n<div class=\"wp-block-column is-layout-flow wp-block-column-is-layout-flow\">\n<div class=\"wp-block-media-text alignwide is-stacked-on-mobile person has-shadow\"><figure class=\"wp-block-media-text__media\"><img loading=\"lazy\" decoding=\"async\" width=\"1024\" height=\"683\" src=\"https:\/\/gruene-bergedorf.de\/wp-content\/uploads\/2025\/12\/IMG_0318-1024x683.jpeg\" alt=\"\" class=\"wp-image-2149 size-full\" srcset=\"https:\/\/gruene-bergedorf.de\/wp-content\/uploads\/2025\/12\/IMG_0318-1024x683.jpeg 1024w, https:\/\/gruene-bergedorf.de\/wp-content\/uploads\/2025\/12\/IMG_0318-300x200.jpeg 300w, https:\/\/gruene-bergedorf.de\/wp-content\/uploads\/2025\/12\/IMG_0318-768x512.jpeg 768w\" sizes=\"(max-width: 1024px) 100vw, 1024px\" \/><\/figure><div class=\"wp-block-media-text__content\">\n<p class=\"person-name\">Pia Scherhaufer<\/p>\n\n\n\n<p class=\"person-mail no-link\">\ud83d\udce7 <a href=\"#\" data-unscramble=\"ed.frodegreb-eneurg@refuahrehcs.aip\">pia.scherhaufer@gruene-bergedorf.de<\/a><\/p>\n\n\n\n<div style=\"height:40px\" aria-hidden=\"true\" class=\"wp-block-spacer\"><\/div>\n\n\n\n<div class=\"wp-block-buttons is-layout-flex wp-block-buttons-is-layout-flex\">\n<div class=\"wp-block-button\"><a class=\"wp-block-button__link wp-element-button\" href=\"https:\/\/gruene-bergedorf.de\/index.php\/im-aufbau\/\">Mehr erfahren<\/a><\/div>\n<\/div>\n<\/div><\/div>\n<\/div>\n<\/div>\n<\/div>\n<\/div>\n\n\n\n<div class=\"wp-block-columns is-layout-flex wp-container-core-columns-is-layout-9d6595d7 wp-block-columns-is-layout-flex\">\n<div class=\"wp-block-column mb-md-4 is-layout-flow wp-block-column-is-layout-flow\">\n<div class=\"wp-block-columns is-layout-flex wp-container-core-columns-is-layout-9d6595d7 wp-block-columns-is-layout-flex\">\n<div class=\"wp-block-column is-layout-flow wp-block-column-is-layout-flow\">\n<div class=\"wp-block-media-text alignwide is-stacked-on-mobile is-image-fill-element person has-shadow\"><figure class=\"wp-block-media-text__media\"><img loading=\"lazy\" decoding=\"async\" width=\"1024\" height=\"683\" src=\"https:\/\/gruene-bergedorf.de\/wp-content\/uploads\/2025\/12\/IMG_0319-1024x683.jpeg\" alt=\"\" class=\"wp-image-2151 size-full\" style=\"object-position:50% 50%\" srcset=\"https:\/\/gruene-bergedorf.de\/wp-content\/uploads\/2025\/12\/IMG_0319-1024x683.jpeg 1024w, https:\/\/gruene-bergedorf.de\/wp-content\/uploads\/2025\/12\/IMG_0319-300x200.jpeg 300w, https:\/\/gruene-bergedorf.de\/wp-content\/uploads\/2025\/12\/IMG_0319-768x512.jpeg 768w\" sizes=\"(max-width: 1024px) 100vw, 1024px\" \/><\/figure><div class=\"wp-block-media-text__content\">\n<p class=\"person-name\">Anke Bendt-Soetedjo<\/p>\n\n\n\n<p class=\"person-description\">Sprecherin f\u00fcr:<\/p>\n\n\n\n<ul class=\"wp-block-list\">\n<li><a href=\"https:\/\/gruene-bergedorf.de\/index.php\/kulturausschuss-ka\/\" data-type=\"page\" data-id=\"653\">Kultur<\/a><\/li>\n\n\n\n<li><a href=\"https:\/\/gruene-bergedorf.de\/index.php\/bauangelegenheiten-bau\/\" data-type=\"page\" data-id=\"657\">Bauangelegenheiten<\/a><\/li>\n<\/ul>\n\n\n\n<p class=\"person-mail no-link\">\ud83d\udce7 <a href=\"#\" data-unscramble=\"ed.frodegreb-eneurg@ojdeteos-tdneb.ekna\">anke.bendt-soetedjo@gruene-bergedorf.de<\/a><\/p>\n\n\n\n<div style=\"height:40px\" aria-hidden=\"true\" class=\"wp-block-spacer\"><\/div>\n\n\n\n<div class=\"wp-block-buttons is-layout-flex wp-block-buttons-is-layout-flex\">\n<div class=\"wp-block-button\"><a class=\"wp-block-button__link wp-element-button\" href=\"https:\/\/gruene-bergedorf.de\/index.php\/im-aufbau\/\">Mehr erfahren<\/a><\/div>\n<\/div>\n<\/div><\/div>\n<\/div>\n\n\n\n<div class=\"wp-block-column is-layout-flow wp-block-column-is-layout-flow\"><\/div>\n<\/div>\n<\/div>\n<\/div>\n\n\n\n<p><\/p>\n","protected":false},"excerpt":{"rendered":"<p>Unsere Mitglieder in der Bezirksversammlung Bergedorf Die Bezirksversammlung ist das demokratisch gew\u00e4hlte Gremium des Bezirks Bergedorf. Sie erm\u00f6glicht den B\u00fcrgerinnen und B\u00fcrgern, unmittelbar an der politischen Gestaltung ihres Bezirks mitzuwirken. [&hellip;]<\/p>\n","protected":false},"author":3,"featured_media":0,"parent":0,"menu_order":0,"comment_status":"closed","ping_status":"closed","template":"","meta":{"footnotes":""},"class_list":["post-96","page","type-page","status-publish","hentry"],"_links":{"self":[{"href":"https:\/\/gruene-bergedorf.de\/index.php\/wp-json\/wp\/v2\/pages\/96","targetHints":{"allow":["GET"]}}],"collection":[{"href":"https:\/\/gruene-bergedorf.de\/index.php\/wp-json\/wp\/v2\/pages"}],"about":[{"href":"https:\/\/gruene-bergedorf.de\/index.php\/wp-json\/wp\/v2\/types\/page"}],"author":[{"embeddable":true,"href":"https:\/\/gruene-bergedorf.de\/index.php\/wp-json\/wp\/v2\/users\/3"}],"replies":[{"embeddable":true,"href":"https:\/\/gruene-bergedorf.de\/index.php\/wp-json\/wp\/v2\/comments?post=96"}],"version-history":[{"count":56,"href":"https:\/\/gruene-bergedorf.de\/index.php\/wp-json\/wp\/v2\/pages\/96\/revisions"}],"predecessor-version":[{"id":2541,"href":"https:\/\/gruene-bergedorf.de\/index.php\/wp-json\/wp\/v2\/pages\/96\/revisions\/2541"}],"wp:attachment":[{"href":"https:\/\/gruene-bergedorf.de\/index.php\/wp-json\/wp\/v2\/media?parent=96"}],"curies":[{"name":"wp","href":"https:\/\/api.w.org\/{rel}","templated":true}]}}