{"id":95,"date":"2024-10-17T20:01:30","date_gmt":"2024-10-17T18:01:30","guid":{"rendered":"https:\/\/wordpress86.gcms.verdigado.net\/?page_id=95"},"modified":"2025-11-04T10:23:10","modified_gmt":"2025-11-04T09:23:10","slug":"faq","status":"publish","type":"page","link":"https:\/\/gruene-bergedorf.de\/index.php\/faq\/","title":{"rendered":"FAQ"},"content":{"rendered":"\n<blockquote class=\"wp-block-quote is-layout-flow wp-block-quote-is-layout-flow\">\n<blockquote class=\"wp-block-quote is-layout-flow wp-block-quote-is-layout-flow\">\n<p>\u201e<em>Hier beantworten wir die wichtigsten Fragen!<\/em>\u201c<\/p>\n\n\n\n<p>&#8211; Gerald B\u00fcrklen<\/p>\n<\/blockquote>\n\n\n\n<p><\/p>\n<\/blockquote>\n\n\n\n<p><\/p>\n\n\n\n<h2 class=\"wp-block-heading\">Wie oft und wo trifft sich der Kreisvorstand?<\/h2>\n\n\n\n<p>Der Kreisvorstand trifft sich einmal im Monat, manchmal digital, in der Regel in der Kreisgesch\u00e4ftsstelle in der&nbsp;<a href=\"https:\/\/www.openstreetmap.org\/#map=19\/53.48503\/10.21413\" target=\"_blank\" rel=\"noreferrer noopener\">T\u00f6pfertwiete 28 in 21029 Hamburg-Bergedorf<\/a>. Die aktuellen Termine findest Du&nbsp;<a href=\"https:\/\/gruene-bergedorf.de\/index.php\/termine\/\" data-type=\"page\" data-id=\"60\">hier<\/a>.<\/p>\n\n\n\n<h2 class=\"wp-block-heading\">Muss man sich zur Sitzung anmelden oder abmelden?<\/h2>\n\n\n\n<p>Ja, bitte bei der&nbsp;<a href=\"https:\/\/gruene-bergedorf.de\/index.php\/kontakt\/\" data-type=\"page\" data-id=\"11\">Gesch\u00e4ftsstelle<\/a>&nbsp;melden. Hier wird auch der aktuelle Tagungsort mitgeteilt.<\/p>\n\n\n\n<h2 class=\"wp-block-heading\">Muss man Gr\u00fcnen-Parteimitglied sein, um an den Sitzungen teilzunehmen?<\/h2>\n\n\n\n<p>Ja, die Sitzungen sind offen f\u00fcr alle Gr\u00fcnen Mitglieder.<\/p>\n\n\n\n<h2 class=\"wp-block-heading\">Welche Themen werden normalerweise besprochen?<\/h2>\n\n\n\n<p>Nachdem die politischen Grundlinien vom Bundesverband und vom Landesverband festgelegt werden, geht es im Kreisvorstand vorrangig um Themen in Bergedorf sowie um organisatorische Planungen von Terminen und politischen Veranstaltungen. Au\u00dferdem berichten die Fraktionsmitglieder von ihrer Arbeit in der Bezirksversammlung. Es wird auch stets an den eigenen Strukturen und Prozessen gearbeitet, um sowohl Mitglieder als auch interessierte Menschen noch besser zu informieren und einzubinden.<\/p>\n\n\n\n<h2 class=\"wp-block-heading\">Gibt es andere Sitzungen oder Veranstaltungen des Kreisverbandes, an denen ich teilnehmen kann?<\/h2>\n\n\n\n<p>Klar! Die beste Gelegenheit, bei uns einfach mal reinzuschnuppern, sind die Mitgliederabende, die unregelm\u00e4\u00dfig in wechselnden Lokalen stattfinden (siehe&nbsp;<a href=\"https:\/\/gruene-bergedorf.de\/index.php\/termine\/\" data-type=\"page\" data-id=\"60\">Kalender<\/a>). Bei einem Getr\u00e4nk in lockerem Rahmen l\u00e4sst sich hier schnell Anschluss finden und \u00fcber aktuelle Themen mitdiskutieren, oder auch einfach nur Fragen zu stellen. Hier ist jeder willkommen \u2013 egal ob Mitglied oder nicht.<\/p>\n\n\n\n<p>Au\u00dferdem gibt es die&nbsp;Arbeitsgemeinschaften, die sich zu verschiedenen Themen diskutieren und Anregungen, Konzepte und Forderungen ausarbeiten.&nbsp; in einigen Teilen des Bezirkes aktive Stadtteilgruppen, die sich ebenfalls \u00fcber interessierte TeilnehmerInnen freuen. Zu den Treffen der Arbeitsgemeinschaften sind ebenfalls alle herzliche eingeladen \u2013 ob Mitglied oder nicht.<\/p>\n\n\n\n<p>Nicht zuletzt gibt es etwa zweimal pro Jahr Mitgliederversammlungen, bei denen gew\u00e4hlt, debattiert und abgestimmt wird. Auch hier sind Interessierte stets sehr willkommen. Abstimmen darf allerdings nur, wer Mitglied ist.<\/p>\n\n\n\n<h2 class=\"wp-block-heading\">Wieviel Beitrag muss ich zahlen, wenn ich Mitglied werde?<\/h2>\n\n\n\n<p>Die Richtlinie f\u00fcr den monatlichen Mitgliedsbeitrag liegt bei circa einem Prozent deines Netto-Einkommens. Gern darf man nat\u00fcrlich auch mehr zahlen. Falls es Dir aus sozialen Gr\u00fcnden nicht m\u00f6glich ist, diesen Betrag monatlich aufzubringen, kannst Du uns die Gr\u00fcnde daf\u00fcr kurz darlegen und der Kreisvorstand entscheidet dann \u00fcber Deine Aufnahme zu einem niedrigeren Mitgliedsbeitrag.<\/p>\n\n\n\n<h2 class=\"wp-block-heading\">Wie kann ich meinen Mitgliedsbeitrag \u00e4ndern?<\/h2>\n\n\n\n<p>Sollte sich Deine Einkommenssituation \u00e4ndern und Du m\u00f6chtest Deinen Mitgliedsbeitrag \u00e4ndern, kannst Du dies <a href=\"https:\/\/gruene-bergedorf.de\/index.php\/beitrag-anpassen\/\" data-type=\"page\" data-id=\"1948\">auf dieser Seite<\/a> unkompliziert beantragen.<\/p>\n\n\n\n<h2 class=\"wp-block-heading\">Kann ich im Kreisverband auch aktiv werden, wenn ich kein Mitglied bin?<\/h2>\n\n\n\n<p>Ja. Du kannst auch ohne Mitgliedschaft an allen Terminen des Kreisverbandes (au\u00dfer den Vorstandssitzungen) teilnehmen und mitdiskutieren. Auch die Sitzungen der&nbsp;<a href=\"https:\/\/www.gruene-hamburg.de\/mitmachen\/landesarbeitsgemeinschaften\/\" target=\"_blank\" rel=\"noreferrer noopener\">Landesarbeitsgemeinschaften im Landesverband<\/a>&nbsp;stehen Dir offen. Einzige Einschr\u00e4nkungen: bei Abstimmungen auf Kreismitgliederversammlungen und Landesmitgliederversammlungen hat man ohne Mitgliedschaft kein Stimmrecht.<\/p>\n\n\n\n<h2 class=\"wp-block-heading\">An wen wendet man sich mit Anliegen aller Art?<\/h2>\n\n\n\n<p>Unsere&nbsp;Kreisgesch\u00e4ftsstelle&nbsp;hat per Telefon, eMail oder <a href=\"https:\/\/gruene-bergedorf.de\/index.php\/kontakt\/\" data-type=\"link\" data-id=\"https:\/\/gruene-bergedorf.de\/index.php\/kontakt\/\">Kontaktformular<\/a> stets ein offenes Ohr und leitet Anliegen aller Art gern auch an die jeweils Zust\u00e4ndigen weiter. Gern kannst Du bei speziellen Fragen aber auch die <a href=\"https:\/\/gruene-bergedorf.de\/index.php\/vorstand\/\" data-type=\"page\" data-id=\"91\">Mitglieder des&nbsp;Kreisvorstandes<\/a>&nbsp;direkt per eMail kontaktieren.<\/p>\n\n\n\n<h2 class=\"wp-block-heading\">Darf jedes Mitglied an den Sitzungen der Bezirksversammlung teilnehmen?<\/h2>\n\n\n\n<p>Ja. Nicht nur f\u00fcr Mitglieder, sondern f\u00fcr alle B\u00fcrgerinnen und B\u00fcrger ist die Bezirksversammlung offen. Zu Beginn gibt es jeweils eine \u00f6ffentliche Fragestunde, bei der sich alle BesucherInnen mit ihren Anliegen zu Wort melden k\u00f6nnen. Die Bezirksversammlung tagt in der Regel einmal monatlich. Aktuelle Sitzungstermine sind&nbsp;<a href=\"https:\/\/sitzungsdienst-bergedorf.hamburg.de\/bi\/si010_e.asp\" data-type=\"link\" data-id=\"https:\/\/sitzungsdienst-bergedorf.hamburg.de\/bi\/si010_e.asp\">hier<\/a>&nbsp;zu finden.<\/p>\n\n\n\n<p>Gr\u00fcne Mitglieder k\u00f6nnen auch an den Fraktionssitzungen der Bezirksfraktion teilnehmen, wo die einzelnen Themen jeweils vor der Bezirksversammlung inhaltlich diskutiert werden. N\u00e4here Infos erh\u00e4ltst Du bei Interesse auch \u00fcber das B\u00fcro der&nbsp;<a href=\"https:\/\/gruene-bergedorf.de\/index.php\/s\/fraktion\/\" data-type=\"page\" data-id=\"80\">Bezirksfraktion<\/a>.<\/p>\n\n\n\n<h2 class=\"wp-block-heading\">Welche Informationsmedien gibt es vom Kreisverband und von der ganzen Partei?<\/h2>\n\n\n\n<ul class=\"wp-block-list\">\n<li>Kreisverband Bergedorf: regelm\u00e4\u00dfiger&nbsp;Newsletter&nbsp;und diese Homepage.<\/li>\n\n\n\n<li>Gesamtpartei: Mit Parteibeitritt erh\u00e4lt man ein umfassendes Informationspaket sowie regelm\u00e4\u00dfig die Bundes-Mitgliederzeitschrift Schr\u00e4gstrich per Post und den \u201egreennewsletter\u201c des Landesverbandes per eMail.<\/li>\n<\/ul>\n\n\n\n<h2 class=\"wp-block-heading\">Kann jedes Mitglied eigene Themen vorschlagen?<\/h2>\n\n\n\n<p>Ja, gerne. Mit Diskussionsthemen f\u00fcr Mitgliederabende oder auch mit Veranstaltungsideen&nbsp; kann jede:r gern auf den Kreisvorstand zukommen. F\u00fcr Diskussionen \u00fcber Entwicklungen in einzelnen Stadtteilen sind die Abgeordneten in den&nbsp;Aussch\u00fcssen&nbsp;die richtigen Ansprechpartner.<\/p>\n\n\n\n<p>Dar\u00fcber hinaus kann jedes Mitglied selbstverst\u00e4ndlich auf Parteitagen inhaltliche Antr\u00e4ge einbringen und zur Abstimmung stellen.<\/p>\n\n\n\n<h2 class=\"wp-block-heading\">Wo finde ich die Position der Gr\u00fcnen zu aktuellen politischen Themen?<\/h2>\n\n\n\n<p>Auf der <a href=\"https:\/\/www.gruene.de\/\" data-type=\"link\" data-id=\"https:\/\/www.gruene.de\/\">Website der Bundespartei<\/a> sind unter&nbsp;Themen&nbsp;die wichtigsten Inhalte&nbsp;dargestellt.<br><br><\/p>\n","protected":false},"excerpt":{"rendered":"<p>Wie oft und wo trifft sich der Kreisvorstand? Der Kreisvorstand trifft sich einmal im Monat, manchmal digital, in der Regel in der Kreisgesch\u00e4ftsstelle in der&nbsp;T\u00f6pfertwiete 28 in 21029 Hamburg-Bergedorf. Die [&hellip;]<\/p>\n","protected":false},"author":3,"featured_media":0,"parent":0,"menu_order":0,"comment_status":"closed","ping_status":"closed","template":"","meta":{"footnotes":""},"class_list":["post-95","page","type-page","status-publish","hentry"],"_links":{"self":[{"href":"https:\/\/gruene-bergedorf.de\/index.php\/wp-json\/wp\/v2\/pages\/95","targetHints":{"allow":["GET"]}}],"collection":[{"href":"https:\/\/gruene-bergedorf.de\/index.php\/wp-json\/wp\/v2\/pages"}],"about":[{"href":"https:\/\/gruene-bergedorf.de\/index.php\/wp-json\/wp\/v2\/types\/page"}],"author":[{"embeddable":true,"href":"https:\/\/gruene-bergedorf.de\/index.php\/wp-json\/wp\/v2\/users\/3"}],"replies":[{"embeddable":true,"href":"https:\/\/gruene-bergedorf.de\/index.php\/wp-json\/wp\/v2\/comments?post=95"}],"version-history":[{"count":31,"href":"https:\/\/gruene-bergedorf.de\/index.php\/wp-json\/wp\/v2\/pages\/95\/revisions"}],"predecessor-version":[{"id":1952,"href":"https:\/\/gruene-bergedorf.de\/index.php\/wp-json\/wp\/v2\/pages\/95\/revisions\/1952"}],"wp:attachment":[{"href":"https:\/\/gruene-bergedorf.de\/index.php\/wp-json\/wp\/v2\/media?parent=95"}],"curies":[{"name":"wp","href":"https:\/\/api.w.org\/{rel}","templated":true}]}}