{"id":92,"date":"2024-10-17T20:01:30","date_gmt":"2024-10-17T18:01:30","guid":{"rendered":"https:\/\/wordpress86.gcms.verdigado.net\/?page_id=92"},"modified":"2025-12-11T10:05:36","modified_gmt":"2025-12-11T09:05:36","slug":"arbeitsgruppen","status":"publish","type":"page","link":"https:\/\/gruene-bergedorf.de\/index.php\/arbeitsgruppen\/","title":{"rendered":"Arbeitsgruppen"},"content":{"rendered":"\n<div class=\"wp-block-group same-height has-white-background-color has-background is-layout-flow wp-block-group-is-layout-flow\">\n<h2 class=\"wp-block-heading has-text-align-center h1\"><\/h2>\n<\/div>\n\n\n\n<div class=\"wp-block-columns is-layout-flex wp-container-core-columns-is-layout-9d6595d7 wp-block-columns-is-layout-flex\">\n<div class=\"wp-block-column mb-md-4 is-layout-flow wp-block-column-is-layout-flow\">\n<div class=\"wp-block-columns is-layout-flex wp-container-core-columns-is-layout-9d6595d7 wp-block-columns-is-layout-flex\">\n<div class=\"wp-block-column is-layout-flow wp-block-column-is-layout-flow\">\n<div class=\"wp-block-media-text alignwide is-stacked-on-mobile person has-shadow\"><figure class=\"wp-block-media-text__media\"><img fetchpriority=\"high\" decoding=\"async\" width=\"512\" height=\"512\" src=\"https:\/\/wordpress86.gcms.verdigado.net\/wp-content\/uploads\/2024\/10\/cropped-GRUENE_Profilbild1-1.jpg\" alt=\"\" class=\"wp-image-285 size-full\" srcset=\"https:\/\/gruene-bergedorf.de\/wp-content\/uploads\/2024\/10\/cropped-GRUENE_Profilbild1-1.jpg 512w, https:\/\/gruene-bergedorf.de\/wp-content\/uploads\/2024\/10\/cropped-GRUENE_Profilbild1-1-300x300.jpg 300w, https:\/\/gruene-bergedorf.de\/wp-content\/uploads\/2024\/10\/cropped-GRUENE_Profilbild1-1-150x150.jpg 150w, https:\/\/gruene-bergedorf.de\/wp-content\/uploads\/2024\/10\/cropped-GRUENE_Profilbild1-1-270x270.jpg 270w, https:\/\/gruene-bergedorf.de\/wp-content\/uploads\/2024\/10\/cropped-GRUENE_Profilbild1-1-192x192.jpg 192w, https:\/\/gruene-bergedorf.de\/wp-content\/uploads\/2024\/10\/cropped-GRUENE_Profilbild1-1-180x180.jpg 180w, https:\/\/gruene-bergedorf.de\/wp-content\/uploads\/2024\/10\/cropped-GRUENE_Profilbild1-1-32x32.jpg 32w\" sizes=\"(max-width: 512px) 100vw, 512px\" \/><\/figure><div class=\"wp-block-media-text__content\">\n<p class=\"person-name\">AG Verkehr und Mobilit\u00e4t<\/p>\n\n\n\n<p class=\"person-description\">Die AG Verkehr und Mobilit\u00e4t setzt sich f\u00fcr umweltfreundliche, sichere und sozial gerechte Verkehrskonzepte ein, um die Lebensqualit\u00e4t im Bezirk nachhaltig zu steigern.<\/p>\n\n\n\n<div class=\"wp-block-buttons is-layout-flex wp-block-buttons-is-layout-flex\">\n<div class=\"wp-block-button\"><a class=\"wp-block-button__link wp-element-button\" href=\"https:\/\/gruene-bergedorf.de\/index.php\/ag-verkehr-und-mobilitaet\/\">Mehr erfahren<\/a><\/div>\n<\/div>\n<\/div><\/div>\n<\/div>\n\n\n\n<div class=\"wp-block-column is-layout-flow wp-block-column-is-layout-flow\">\n<div class=\"wp-block-media-text alignwide is-stacked-on-mobile person has-shadow\"><figure class=\"wp-block-media-text__media\"><img decoding=\"async\" src=\"https:\/\/wordpress86.gcms.verdigado.net\/wp-content\/uploads\/2024\/10\/GRUENE_Profilbild3-e1731954128122.jpg\" alt=\"\" class=\"wp-image-155 size-full\"\/><\/figure><div class=\"wp-block-media-text__content\">\n<p class=\"person-name\">AG Klima<\/p>\n\n\n\n<p class=\"person-description\">Die AG Klima engagiert sich f\u00fcr konsequenten Klimaschutz, indem sie vor Ort konkrete Ma\u00dfnahmen entwickelt und politische Impulse setzt, um den CO\u2082-Aussto\u00df nachhaltig zu senken.<\/p>\n\n\n\n<div class=\"wp-block-buttons is-layout-flex wp-block-buttons-is-layout-flex\">\n<div class=\"wp-block-button\"><a class=\"wp-block-button__link wp-element-button\" href=\"https:\/\/gruene-bergedorf.de\/index.php\/ag-klima\/\">Mehr erfahren<\/a><\/div>\n<\/div>\n<\/div><\/div>\n<\/div>\n\n\n\n<div class=\"wp-block-column is-layout-flow wp-block-column-is-layout-flow\">\n<div class=\"wp-block-media-text alignwide is-stacked-on-mobile person has-shadow\"><figure class=\"wp-block-media-text__media\"><img fetchpriority=\"high\" decoding=\"async\" width=\"512\" height=\"512\" src=\"https:\/\/wordpress86.gcms.verdigado.net\/wp-content\/uploads\/2024\/10\/cropped-GRUENE_Profilbild1-1.jpg\" alt=\"\" class=\"wp-image-285 size-full\" srcset=\"https:\/\/gruene-bergedorf.de\/wp-content\/uploads\/2024\/10\/cropped-GRUENE_Profilbild1-1.jpg 512w, https:\/\/gruene-bergedorf.de\/wp-content\/uploads\/2024\/10\/cropped-GRUENE_Profilbild1-1-300x300.jpg 300w, https:\/\/gruene-bergedorf.de\/wp-content\/uploads\/2024\/10\/cropped-GRUENE_Profilbild1-1-150x150.jpg 150w, https:\/\/gruene-bergedorf.de\/wp-content\/uploads\/2024\/10\/cropped-GRUENE_Profilbild1-1-270x270.jpg 270w, https:\/\/gruene-bergedorf.de\/wp-content\/uploads\/2024\/10\/cropped-GRUENE_Profilbild1-1-192x192.jpg 192w, https:\/\/gruene-bergedorf.de\/wp-content\/uploads\/2024\/10\/cropped-GRUENE_Profilbild1-1-180x180.jpg 180w, https:\/\/gruene-bergedorf.de\/wp-content\/uploads\/2024\/10\/cropped-GRUENE_Profilbild1-1-32x32.jpg 32w\" sizes=\"(max-width: 512px) 100vw, 512px\" \/><\/figure><div class=\"wp-block-media-text__content\">\n<p class=\"person-name\">AG 60plus<\/p>\n\n\n\n<p class=\"person-description\">Die AG 60plus setzt sich daf\u00fcr ein, die Interessen \u00e4lterer Menschen in den politischen Diskurs einzubringen, ihr Engagement zu st\u00e4rken und ihre Lebensqualit\u00e4t nachhaltig zu verbessern.<\/p>\n\n\n\n<div class=\"wp-block-buttons is-layout-flex wp-block-buttons-is-layout-flex\">\n<div class=\"wp-block-button\"><a class=\"wp-block-button__link wp-element-button\" href=\"https:\/\/gruene-bergedorf.de\/index.php\/ag-60plus\/\">mehr erfahren<\/a><\/div>\n<\/div>\n<\/div><\/div>\n<\/div>\n<\/div>\n<\/div>\n<\/div>\n\n\n\n<div class=\"wp-block-columns is-layout-flex wp-container-core-columns-is-layout-9d6595d7 wp-block-columns-is-layout-flex\">\n<div class=\"wp-block-column mb-md-4 is-layout-flow wp-block-column-is-layout-flow\">\n<div class=\"wp-block-columns is-layout-flex wp-container-core-columns-is-layout-9d6595d7 wp-block-columns-is-layout-flex\">\n<div class=\"wp-block-column is-layout-flow wp-block-column-is-layout-flow\">\n<div class=\"wp-block-media-text alignwide is-stacked-on-mobile person has-shadow\"><figure class=\"wp-block-media-text__media\"><img decoding=\"async\" src=\"https:\/\/wordpress86.gcms.verdigado.net\/wp-content\/uploads\/2024\/10\/GRUENE_Profilbild3-e1731954128122.jpg\" alt=\"\" class=\"wp-image-155 size-full\"\/><\/figure><div class=\"wp-block-media-text__content\">\n<p class=\"person-name\">Stadtteilgruppe Neuallerm\u00f6he<\/p>\n\n\n\n<p class=\"person-description\"><\/p>\n\n\n\n<div class=\"wp-block-buttons is-layout-flex wp-block-buttons-is-layout-flex\">\n<div class=\"wp-block-button\"><a class=\"wp-block-button__link wp-element-button\">mehr erfahren<\/a><\/div>\n<\/div>\n<\/div><\/div>\n\n\n\n<p><\/p>\n<\/div>\n\n\n\n<div class=\"wp-block-column is-layout-flow wp-block-column-is-layout-flow\"><\/div>\n\n\n\n<div class=\"wp-block-column is-layout-flow wp-block-column-is-layout-flow\"><\/div>\n<\/div>\n<\/div>\n<\/div>\n\n\n\n<p><\/p>\n","protected":false},"excerpt":{"rendered":"<p>AG Verkehr und Mobilit\u00e4t Die AG Verkehr und Mobilit\u00e4t setzt sich f\u00fcr umweltfreundliche, sichere und sozial gerechte Verkehrskonzepte ein, um die Lebensqualit\u00e4t im Bezirk nachhaltig zu steigern. AG Klima Die [&hellip;]<\/p>\n","protected":false},"author":3,"featured_media":0,"parent":0,"menu_order":0,"comment_status":"closed","ping_status":"closed","template":"","meta":{"footnotes":""},"class_list":["post-92","page","type-page","status-publish","hentry"],"_links":{"self":[{"href":"https:\/\/gruene-bergedorf.de\/index.php\/wp-json\/wp\/v2\/pages\/92","targetHints":{"allow":["GET"]}}],"collection":[{"href":"https:\/\/gruene-bergedorf.de\/index.php\/wp-json\/wp\/v2\/pages"}],"about":[{"href":"https:\/\/gruene-bergedorf.de\/index.php\/wp-json\/wp\/v2\/types\/page"}],"author":[{"embeddable":true,"href":"https:\/\/gruene-bergedorf.de\/index.php\/wp-json\/wp\/v2\/users\/3"}],"replies":[{"embeddable":true,"href":"https:\/\/gruene-bergedorf.de\/index.php\/wp-json\/wp\/v2\/comments?post=92"}],"version-history":[{"count":18,"href":"https:\/\/gruene-bergedorf.de\/index.php\/wp-json\/wp\/v2\/pages\/92\/revisions"}],"predecessor-version":[{"id":2197,"href":"https:\/\/gruene-bergedorf.de\/index.php\/wp-json\/wp\/v2\/pages\/92\/revisions\/2197"}],"wp:attachment":[{"href":"https:\/\/gruene-bergedorf.de\/index.php\/wp-json\/wp\/v2\/media?parent=92"}],"curies":[{"name":"wp","href":"https:\/\/api.w.org\/{rel}","templated":true}]}}