{"id":87,"date":"2024-10-17T19:52:08","date_gmt":"2024-10-17T17:52:08","guid":{"rendered":"https:\/\/wordpress86.gcms.verdigado.net\/?page_id=87"},"modified":"2026-02-20T09:13:47","modified_gmt":"2026-02-20T08:13:47","slug":"wahlprogramm","status":"publish","type":"page","link":"https:\/\/gruene-bergedorf.de\/index.php\/partei\/themen\/wahlprogramm\/","title":{"rendered":"Wahlprogramm zur Bezirksversammlung 2024"},"content":{"rendered":"\n<h2 class=\"wp-block-heading has-text-align-center\">Inhaltsverzeichnis<\/h2>\n\n\n\n<div style=\"height:40px\" aria-hidden=\"true\" class=\"wp-block-spacer\"><\/div>\n\n\n\n<h5 class=\"wp-block-heading has-text-align-center\">Pr\u00e4ambel &#8211;&nbsp;<a href=\"https:\/\/gruene-bergedorf.de\/index.php\/unser-bergedorf-dein-zuhause\/\" data-type=\"page\" data-id=\"111\">Unser Bergedorf. Dein Zuhause.<\/a><\/h5>\n\n\n\n<div style=\"height:21px\" aria-hidden=\"true\" class=\"wp-block-spacer\"><\/div>\n\n\n\n<h5 class=\"wp-block-heading has-text-align-center\">Kapitel 1 &#8211;&nbsp;<a href=\"https:\/\/gruene-bergedorf.de\/index.php\/in-jedem-tempo-sicher-unterwegs\/\" data-type=\"page\" data-id=\"113\">In jedem Tempo sicher unterwegs<\/a><\/h5>\n\n\n\n<div style=\"height:20px\" aria-hidden=\"true\" class=\"wp-block-spacer\"><\/div>\n\n\n\n<h5 class=\"wp-block-heading has-text-align-center\">Kapitel 2 &#8211;&nbsp;<a href=\"https:\/\/gruene-bergedorf.de\/index.php\/ungestoerte-lebensraeume-und-freizeit-dschungel\/\" data-type=\"page\" data-id=\"114\">Ungest\u00f6rte Lebensr\u00e4ume und Freizeit-Dschungel<\/a><\/h5>\n\n\n\n<div style=\"height:20px\" aria-hidden=\"true\" class=\"wp-block-spacer\"><\/div>\n\n\n\n<h5 class=\"wp-block-heading has-text-align-center\">Kapitel 3 &#8211;&nbsp;<a href=\"https:\/\/gruene-bergedorf.de\/index.php\/erneuerbar-in-eine-unabhaengige-zukunft\/\" data-type=\"page\" data-id=\"115\">Erneuerbar in eine unabh\u00e4ngige Zukunft<\/a><\/h5>\n\n\n\n<div style=\"height:21px\" aria-hidden=\"true\" class=\"wp-block-spacer\"><\/div>\n\n\n\n<h5 class=\"wp-block-heading has-text-align-center\">Kapitel 4 &#8211;&nbsp;<a href=\"https:\/\/gruene-bergedorf.de\/index.php\/passender-wohnraum-fuer-jede-lebenssituation\/\" data-type=\"page\" data-id=\"116\">Passender Wohnraum f\u00fcr jede Lebenssituation<\/a><\/h5>\n\n\n\n<div style=\"height:20px\" aria-hidden=\"true\" class=\"wp-block-spacer\"><\/div>\n\n\n\n<h5 class=\"wp-block-heading has-text-align-center\">Kapitel 5 &#8211;&nbsp;<a href=\"https:\/\/gruene-bergedorf.de\/index.php\/jedes-viertel-braucht-seinen-dorfplatz\/\" data-type=\"page\" data-id=\"117\">Jedes Viertel braucht seinen Dorfplatz<\/a><\/h5>\n\n\n\n<div style=\"height:20px\" aria-hidden=\"true\" class=\"wp-block-spacer\"><\/div>\n\n\n\n<h5 class=\"wp-block-heading has-text-align-center\">Kapitel 6 &#8211;&nbsp;<a href=\"https:\/\/gruene-bergedorf.de\/index.php\/ein-gruenes-oberbillwerder-klimaneutral-oekologisch-und-sozial\/\" data-type=\"page\" data-id=\"118\">Ein Gr\u00fcnes Oberbillwerder &#8211; klimaneutral, \u00f6kologisch und sozial<\/a><\/h5>\n\n\n\n<div style=\"height:20px\" aria-hidden=\"true\" class=\"wp-block-spacer\"><\/div>\n\n\n\n<h5 class=\"wp-block-heading has-text-align-center\">Kapitel 7 &#8211;&nbsp;<a href=\"https:\/\/gruene-bergedorf.de\/index.php\/gemeinsam-fuer-mehr-gerechtigkeit-den-sozialen-zusammenhalt-im-quartier-sichern\/\" data-type=\"page\" data-id=\"119\">Gemeinsam f\u00fcr mehr Gerechtigkeit &#8211; den sozialen Zusammenhalt im Quartier sichern<\/a><\/h5>\n\n\n\n<div style=\"height:20px\" aria-hidden=\"true\" class=\"wp-block-spacer\"><\/div>\n\n\n\n<h5 class=\"wp-block-heading has-text-align-center\">Kapitel 8 &#8211;&nbsp;<a href=\"https:\/\/gruene-bergedorf.de\/index.php\/die-vier-und-marschlande\/\" data-type=\"page\" data-id=\"120\">Die Vier- und Marschlande<\/a><\/h5>\n\n\n\n<div style=\"height:100px\" aria-hidden=\"true\" class=\"wp-block-spacer\"><\/div>\n\n\n\n<div class=\"wp-block-file\"><a id=\"wp-block-file--media-47bf13a5-e2b5-400c-8fc7-e13f3e062eef\" href=\"https:\/\/wordpress86.gcms.verdigado.net\/wp-content\/uploads\/2024\/12\/Unser-Bergedorf.-Dein-Zuhause.-Gruenes-Wahlprogramm-2024.pdf\">Unser Bergedorf. Dein Zuhause. &#8211; Gr\u00fcnes Wahlprogramm 2024<\/a><a href=\"https:\/\/wordpress86.gcms.verdigado.net\/wp-content\/uploads\/2024\/12\/Unser-Bergedorf.-Dein-Zuhause.-Gruenes-Wahlprogramm-2024.pdf\" class=\"wp-block-file__button wp-element-button\" download aria-describedby=\"wp-block-file--media-47bf13a5-e2b5-400c-8fc7-e13f3e062eef\">Herunterladen<\/a><\/div>\n\n\n\n<div style=\"height:100px\" aria-hidden=\"true\" class=\"wp-block-spacer\"><\/div>\n\n\n\n<div class=\"wp-block-buttons is-content-justification-center is-layout-flex wp-container-core-buttons-is-layout-16018d1d wp-block-buttons-is-layout-flex\">\n<div class=\"wp-block-button\"><a class=\"wp-block-button__link wp-element-button\" href=\"https:\/\/gruene-bergedorf.de\/index.php\/unser-bergedorf-dein-zuhause\/\">weiter<\/a><\/div>\n<\/div>\n\n\n\n<p><\/p>\n","protected":false},"excerpt":{"rendered":"<p>Inhaltsverzeichnis Pr\u00e4ambel &#8211;&nbsp;Unser Bergedorf. Dein Zuhause. Kapitel 1 &#8211;&nbsp;In jedem Tempo sicher unterwegs Kapitel 2 &#8211;&nbsp;Ungest\u00f6rte Lebensr\u00e4ume und Freizeit-Dschungel Kapitel 3 &#8211;&nbsp;Erneuerbar in eine unabh\u00e4ngige Zukunft Kapitel 4 &#8211;&nbsp;Passender Wohnraum [&hellip;]<\/p>\n","protected":false},"author":3,"featured_media":0,"parent":2118,"menu_order":0,"comment_status":"closed","ping_status":"closed","template":"","meta":{"footnotes":""},"class_list":["post-87","page","type-page","status-publish","hentry"],"_links":{"self":[{"href":"https:\/\/gruene-bergedorf.de\/index.php\/wp-json\/wp\/v2\/pages\/87","targetHints":{"allow":["GET"]}}],"collection":[{"href":"https:\/\/gruene-bergedorf.de\/index.php\/wp-json\/wp\/v2\/pages"}],"about":[{"href":"https:\/\/gruene-bergedorf.de\/index.php\/wp-json\/wp\/v2\/types\/page"}],"author":[{"embeddable":true,"href":"https:\/\/gruene-bergedorf.de\/index.php\/wp-json\/wp\/v2\/users\/3"}],"replies":[{"embeddable":true,"href":"https:\/\/gruene-bergedorf.de\/index.php\/wp-json\/wp\/v2\/comments?post=87"}],"version-history":[{"count":14,"href":"https:\/\/gruene-bergedorf.de\/index.php\/wp-json\/wp\/v2\/pages\/87\/revisions"}],"predecessor-version":[{"id":2121,"href":"https:\/\/gruene-bergedorf.de\/index.php\/wp-json\/wp\/v2\/pages\/87\/revisions\/2121"}],"up":[{"embeddable":true,"href":"https:\/\/gruene-bergedorf.de\/index.php\/wp-json\/wp\/v2\/pages\/2118"}],"wp:attachment":[{"href":"https:\/\/gruene-bergedorf.de\/index.php\/wp-json\/wp\/v2\/media?parent=87"}],"curies":[{"name":"wp","href":"https:\/\/api.w.org\/{rel}","templated":true}]}}