{"id":80,"date":"2024-10-17T19:44:04","date_gmt":"2024-10-17T17:44:04","guid":{"rendered":"https:\/\/wordpress86.gcms.verdigado.net\/?page_id=80"},"modified":"2026-02-13T13:49:42","modified_gmt":"2026-02-13T12:49:42","slug":"fraktion","status":"publish","type":"page","link":"https:\/\/gruene-bergedorf.de\/index.php\/s\/fraktion\/","title":{"rendered":"Fraktion"},"content":{"rendered":"\n<div class=\"wp-block-cover alignfull is-light\" style=\"min-height:1090px;aspect-ratio:unset;\"><img fetchpriority=\"high\" decoding=\"async\" width=\"2560\" height=\"1707\" class=\"wp-block-cover__image-background wp-image-481\" alt=\"\" src=\"https:\/\/wordpress86.gcms.verdigado.net\/wp-content\/uploads\/2024\/12\/HEA08100-scaled.jpg\" data-object-fit=\"cover\" srcset=\"https:\/\/gruene-bergedorf.de\/wp-content\/uploads\/2024\/12\/HEA08100-scaled.jpg 2560w, https:\/\/gruene-bergedorf.de\/wp-content\/uploads\/2024\/12\/HEA08100-300x200.jpg 300w, https:\/\/gruene-bergedorf.de\/wp-content\/uploads\/2024\/12\/HEA08100-1024x683.jpg 1024w, https:\/\/gruene-bergedorf.de\/wp-content\/uploads\/2024\/12\/HEA08100-768x512.jpg 768w, https:\/\/gruene-bergedorf.de\/wp-content\/uploads\/2024\/12\/HEA08100-1536x1024.jpg 1536w, https:\/\/gruene-bergedorf.de\/wp-content\/uploads\/2024\/12\/HEA08100-2048x1365.jpg 2048w\" sizes=\"(max-width: 2560px) 100vw, 2560px\" \/><span aria-hidden=\"true\" class=\"wp-block-cover__background has-background-dim-0 has-background-dim\" style=\"background-color:#a5ab9b\"><\/span><div class=\"wp-block-cover__inner-container is-layout-constrained wp-block-cover-is-layout-constrained\">\n<h1 class=\"wp-block-heading has-text-align-center no-link has-white-color has-text-color has-link-color wp-elements-7b13a1201566cd35d3b09910e5688470\"><\/h1>\n<\/div><\/div>\n\n\n\n<div class=\"wp-block-group is-layout-flow wp-block-group-is-layout-flow\">\n<p><\/p>\n<\/div>\n\n\n\n<div style=\"height:100px\" aria-hidden=\"true\" class=\"wp-block-spacer\"><\/div>\n\n\n\n<h1 class=\"wp-block-heading\"><strong>Willkommen bei der GR\u00dcNEN Fraktion Bergedorf!<\/strong><\/h1>\n\n\n\n<p>Als GR\u00dcNE Fraktion in der Bezirksversammlung Bergedorf setzen wir uns f\u00fcr eine nachhaltige, gerechte und lebenswerte Zukunft in unserem Bezirk ein. Wir sind davon \u00fcberzeugt, dass \u00f6kologische, soziale und wirtschaftliche Verantwortung Hand in Hand gehen m\u00fcssen, um die Herausforderungen der Gegenwart zu meistern und eine lebenswerte Zukunft f\u00fcr alle zu gestalten.<\/p>\n\n\n\n<div style=\"height:50px\" aria-hidden=\"true\" class=\"wp-block-spacer\"><\/div>\n\n\n\n<h3 class=\"wp-block-heading\"><strong>Wer wir sind<\/strong><\/h3>\n\n\n\n<p>Unsere GR\u00dcNE Fraktion besteht aktuell aus sieben Mitgliedern der Bezirksversammlung.<\/p>\n\n\n\n<p>Wir sind engagierte Bergedorfer*innen, die sich f\u00fcr eine nachhaltige, gerechte und zukunftsf\u00e4hige Politik einsetzen \u2013 im engen Austausch mit den Menschen vor Ort.<\/p>\n\n\n\n<p>Unterst\u00fctzt werden wir dabei von fachkundigen zugew\u00e4hlten B\u00fcrger*innen, die in den zw\u00f6lf Aussch\u00fcssen der Bezirksversammlung mitarbeiten. So bringen wir Expertise und demokratisches Engagement zusammen.<\/p>\n\n\n\n<div class=\"wp-block-buttons is-layout-flex wp-block-buttons-is-layout-flex\">\n<div class=\"wp-block-button\"><a class=\"wp-block-button__link wp-element-button\" href=\"https:\/\/gruene-bergedorf.de\/index.php\/bezirksabgeordnete\/\">Bezirksabgeordnete<\/a><\/div>\n<\/div>\n\n\n\n<div style=\"height:50px\" aria-hidden=\"true\" class=\"wp-block-spacer\"><\/div>\n\n\n\n<h3 class=\"wp-block-heading\"><strong>Was ist die Bezirksversammlung?<\/strong><\/h3>\n\n\n\n<p>Eine Bezirksversammlung (BV) ist in der Freien und Hansestadt Hamburg das nach parlamentarischen Prinzipien arbeitende Gremium, das jedem der sieben Bezirke \u2013 Altona, Bergedorf, Eimsb\u00fcttel, Hamburg-Mitte, Hamburg-Nord, Harburg und Wandsbek \u2013 zugeordnet ist.<\/p>\n\n\n\n<p>Die Mitglieder der Bezirksversammlung werden in offiziell demokratischen, allgemeinen, freien, gleichen und geheimen Wahlen gew\u00e4hlt.<\/p>\n\n\n\n<p>Sie vertreten die Interessen der B\u00fcrger*innen ihres Bezirks und beraten und entscheiden \u00fcber viele Themen, die uns direkt im Alltag betreffen:<\/p>\n\n\n\n<p>Die Bezirksversammlung ist damit das zentrale politische Forum des Bezirks. Sie wirkt an Entscheidungen des Bezirksamts mit, kontrolliert dessen Arbeit und gestaltet die Zukunft Bergedorfs aktiv mit.<\/p>\n\n\n\n<p>\ud83d\udc49 Mehr Informationen findet ihr auf der offiziellen Seite der Bezirksversammlung Bergedorf:<\/p>\n\n\n\n<div class=\"wp-block-buttons is-layout-flex wp-block-buttons-is-layout-flex\">\n<div class=\"wp-block-button\"><a class=\"wp-block-button__link wp-element-button\" href=\"https:\/\/www.hamburg.de\/politik-und-verwaltung\/bezirke\/bergedorf\/bezirksversammlung\">Bezirksversammlung Bergedorf<\/a><\/div>\n<\/div>\n\n\n\n<div style=\"height:50px\" aria-hidden=\"true\" class=\"wp-block-spacer\"><\/div>\n\n\n\n<p><strong>Kontakt:<\/strong><\/p>\n\n\n\n<p>Hast du Fragen, Anregungen oder m\u00f6chtest deine Idee einbringen? Nutze unser <a href=\"https:\/\/gruene-bergedorf.de\/index.php\/kontakt\/\" data-type=\"page\" data-id=\"11\">Kontaktformular<\/a>, schreib uns direkt eine Nachricht oder folge uns auf den sozialen Netzwerken, um mehr \u00fcber unsere Arbeit zu erfahren.<\/p>\n\n\n\n<div style=\"height:30px\" aria-hidden=\"true\" class=\"wp-block-spacer\"><\/div>\n\n\n\n<div class=\"wp-block-buttons is-layout-flex wp-block-buttons-is-layout-flex\">\n<div class=\"wp-block-button\"><a class=\"wp-block-button__link wp-element-button\" href=\"#\" data-unscramble=\"ed.frodegreb-eneurg@oreubsnoitkarf\">Kontaktiere Uns<\/a><\/div>\n<\/div>\n\n\n\n<div style=\"height:60px\" aria-hidden=\"true\" class=\"wp-block-spacer\"><\/div>\n\n\n\n<p><\/p>\n\n\n\n<h2 class=\"wp-block-heading\"><\/h2>\n\n\n\n<figure class=\"wp-block-image alignright size-large is-resized\"><img decoding=\"async\" width=\"1024\" height=\"870\" src=\"https:\/\/gruene-bergedorf.de\/wp-content\/uploads\/2025\/07\/B90Gruene_Fraktion_Bergedorf_RGB_inTanne-1024x870.png\" alt=\"\" class=\"wp-image-1079\" style=\"width:200px\" srcset=\"https:\/\/gruene-bergedorf.de\/wp-content\/uploads\/2025\/07\/B90Gruene_Fraktion_Bergedorf_RGB_inTanne-1024x870.png 1024w, https:\/\/gruene-bergedorf.de\/wp-content\/uploads\/2025\/07\/B90Gruene_Fraktion_Bergedorf_RGB_inTanne-300x255.png 300w, https:\/\/gruene-bergedorf.de\/wp-content\/uploads\/2025\/07\/B90Gruene_Fraktion_Bergedorf_RGB_inTanne-768x653.png 768w, https:\/\/gruene-bergedorf.de\/wp-content\/uploads\/2025\/07\/B90Gruene_Fraktion_Bergedorf_RGB_inTanne-1536x1306.png 1536w, https:\/\/gruene-bergedorf.de\/wp-content\/uploads\/2025\/07\/B90Gruene_Fraktion_Bergedorf_RGB_inTanne-2048x1741.png 2048w\" sizes=\"(max-width: 1024px) 100vw, 1024px\" \/><\/figure>\n\n\n\n<div style=\"height:30px\" aria-hidden=\"true\" class=\"wp-block-spacer\"><\/div>\n","protected":false},"excerpt":{"rendered":"<p>Willkommen bei der GR\u00dcNEN Fraktion Bergedorf! Als GR\u00dcNE Fraktion in der Bezirksversammlung Bergedorf setzen wir uns f\u00fcr eine nachhaltige, gerechte und lebenswerte Zukunft in unserem Bezirk ein. Wir sind davon [&hellip;]<\/p>\n","protected":false},"author":3,"featured_media":0,"parent":7,"menu_order":0,"comment_status":"closed","ping_status":"closed","template":"","meta":{"footnotes":""},"class_list":["post-80","page","type-page","status-publish","hentry"],"_links":{"self":[{"href":"https:\/\/gruene-bergedorf.de\/index.php\/wp-json\/wp\/v2\/pages\/80","targetHints":{"allow":["GET"]}}],"collection":[{"href":"https:\/\/gruene-bergedorf.de\/index.php\/wp-json\/wp\/v2\/pages"}],"about":[{"href":"https:\/\/gruene-bergedorf.de\/index.php\/wp-json\/wp\/v2\/types\/page"}],"author":[{"embeddable":true,"href":"https:\/\/gruene-bergedorf.de\/index.php\/wp-json\/wp\/v2\/users\/3"}],"replies":[{"embeddable":true,"href":"https:\/\/gruene-bergedorf.de\/index.php\/wp-json\/wp\/v2\/comments?post=80"}],"version-history":[{"count":24,"href":"https:\/\/gruene-bergedorf.de\/index.php\/wp-json\/wp\/v2\/pages\/80\/revisions"}],"predecessor-version":[{"id":2330,"href":"https:\/\/gruene-bergedorf.de\/index.php\/wp-json\/wp\/v2\/pages\/80\/revisions\/2330"}],"up":[{"embeddable":true,"href":"https:\/\/gruene-bergedorf.de\/index.php\/wp-json\/wp\/v2\/pages\/7"}],"wp:attachment":[{"href":"https:\/\/gruene-bergedorf.de\/index.php\/wp-json\/wp\/v2\/media?parent=80"}],"curies":[{"name":"wp","href":"https:\/\/api.w.org\/{rel}","templated":true}]}}