{"id":655,"date":"2025-01-15T16:04:52","date_gmt":"2025-01-15T15:04:52","guid":{"rendered":"https:\/\/gruene-bergedorf.de\/?page_id=655"},"modified":"2026-02-23T13:53:17","modified_gmt":"2026-02-23T12:53:17","slug":"wirtschaft-handel-und-tourismus-wht","status":"publish","type":"page","link":"https:\/\/gruene-bergedorf.de\/index.php\/wirtschaft-handel-und-tourismus-wht\/","title":{"rendered":"Wirtschaft, Handel und Tourismus (WHT)"},"content":{"rendered":"\n<div class=\"wp-block-group is-layout-grid wp-container-core-group-is-layout-9649a0d9 wp-block-group-is-layout-grid\">\n<figure class=\"wp-block-image size-large\"><img fetchpriority=\"high\" decoding=\"async\" width=\"1024\" height=\"683\" src=\"https:\/\/gruene-bergedorf.de\/wp-content\/uploads\/2026\/02\/IMG_0351-1024x683.jpeg\" alt=\"\" class=\"wp-image-2387\" style=\"aspect-ratio:3\/4;object-fit:cover\" srcset=\"https:\/\/gruene-bergedorf.de\/wp-content\/uploads\/2026\/02\/IMG_0351-1024x683.jpeg 1024w, https:\/\/gruene-bergedorf.de\/wp-content\/uploads\/2026\/02\/IMG_0351-300x200.jpeg 300w, https:\/\/gruene-bergedorf.de\/wp-content\/uploads\/2026\/02\/IMG_0351-768x512.jpeg 768w, https:\/\/gruene-bergedorf.de\/wp-content\/uploads\/2026\/02\/IMG_0351-1536x1024.jpeg 1536w, https:\/\/gruene-bergedorf.de\/wp-content\/uploads\/2026\/02\/IMG_0351-2048x1365.jpeg 2048w\" sizes=\"(max-width: 1024px) 100vw, 1024px\" \/><figcaption class=\"wp-element-caption\"><strong>Jan<\/strong> <strong>Vlamynck<\/strong><br>(Fachsprecher*in)<\/figcaption><\/figure>\n\n\n\n<figure class=\"wp-block-image size-full\"><img decoding=\"async\" width=\"1707\" height=\"2560\" src=\"https:\/\/gruene-bergedorf.de\/wp-content\/uploads\/2025\/07\/Liesing-Luehr-2-scaled.jpg\" alt=\"\" class=\"wp-image-1462\" style=\"aspect-ratio:3\/4;object-fit:cover\" srcset=\"https:\/\/gruene-bergedorf.de\/wp-content\/uploads\/2025\/07\/Liesing-Luehr-2-scaled.jpg 1707w, https:\/\/gruene-bergedorf.de\/wp-content\/uploads\/2025\/07\/Liesing-Luehr-2-200x300.jpg 200w, https:\/\/gruene-bergedorf.de\/wp-content\/uploads\/2025\/07\/Liesing-Luehr-2-683x1024.jpg 683w, https:\/\/gruene-bergedorf.de\/wp-content\/uploads\/2025\/07\/Liesing-Luehr-2-768x1152.jpg 768w, https:\/\/gruene-bergedorf.de\/wp-content\/uploads\/2025\/07\/Liesing-Luehr-2-1024x1536.jpg 1024w, https:\/\/gruene-bergedorf.de\/wp-content\/uploads\/2025\/07\/Liesing-Luehr-2-1365x2048.jpg 1365w\" sizes=\"(max-width: 1707px) 100vw, 1707px\" \/><figcaption class=\"wp-element-caption\"><strong>Liesing L\u00fchr<\/strong><br>(Ausschussmitglied)<\/figcaption><\/figure>\n\n\n\n<figure class=\"wp-block-image size-large\"><img decoding=\"async\" width=\"1024\" height=\"683\" src=\"https:\/\/gruene-bergedorf.de\/wp-content\/uploads\/2025\/09\/DSC3473-1024x683.jpg\" alt=\"\" class=\"wp-image-1662\" style=\"aspect-ratio:3\/4;object-fit:cover\" srcset=\"https:\/\/gruene-bergedorf.de\/wp-content\/uploads\/2025\/09\/DSC3473-1024x683.jpg 1024w, https:\/\/gruene-bergedorf.de\/wp-content\/uploads\/2025\/09\/DSC3473-300x200.jpg 300w, https:\/\/gruene-bergedorf.de\/wp-content\/uploads\/2025\/09\/DSC3473-768x512.jpg 768w\" sizes=\"(max-width: 1024px) 100vw, 1024px\" \/><figcaption class=\"wp-element-caption\"><strong>Nils Potthast<\/strong> <br>(Stellv. Ausschussmitglied)<\/figcaption><\/figure>\n\n\n\n<figure class=\"wp-block-image size-large\"><img loading=\"lazy\" decoding=\"async\" width=\"1024\" height=\"966\" src=\"https:\/\/gruene-bergedorf.de\/wp-content\/uploads\/2025\/07\/DSCF1626-edited-1024x966.jpg\" alt=\"\" class=\"wp-image-1365\" style=\"aspect-ratio:3\/4;object-fit:cover\" srcset=\"https:\/\/gruene-bergedorf.de\/wp-content\/uploads\/2025\/07\/DSCF1626-edited-1024x966.jpg 1024w, https:\/\/gruene-bergedorf.de\/wp-content\/uploads\/2025\/07\/DSCF1626-edited-300x283.jpg 300w, https:\/\/gruene-bergedorf.de\/wp-content\/uploads\/2025\/07\/DSCF1626-edited-768x724.jpg 768w, https:\/\/gruene-bergedorf.de\/wp-content\/uploads\/2025\/07\/DSCF1626-edited-1536x1449.jpg 1536w, https:\/\/gruene-bergedorf.de\/wp-content\/uploads\/2025\/07\/DSCF1626-edited-2048x1932.jpg 2048w\" sizes=\"(max-width: 1024px) 100vw, 1024px\" \/><figcaption class=\"wp-element-caption\"><strong>Wiebke Apitzsch<\/strong> <br>(Stellv. Ausschussmitglied)<\/figcaption><\/figure>\n<\/div>\n\n\n\n<div style=\"height:20px\" aria-hidden=\"true\" class=\"wp-block-spacer\"><\/div>\n\n\n\n<p>Der Fachausschuss f\u00fcr Wirtschaft, Handel und Tourismus ber\u00e4t alle Themen im Zusammenhang mit der St\u00e4rkung des Wirtschaftsstandortes Bergedorf, des Einzelhandels, des Arbeitsmarktes und der Schaffung eines ausgeglichenen Lehrstellenangebotes sowie der F\u00f6rderung des Tourismus.<\/p>\n\n\n\n<p>\ud83d\udd17 <strong>Sitzungs\u00fcbersicht<\/strong>: <a href=\"https:\/\/sitzungsdienst-bergedorf.hamburg.de\/bi\/si018_a.asp?GRA=1000033\">https:\/\/sitzungsdienst-bergedorf.hamburg.de\/bi\/si018_a.asp?GRA=1000033<\/a><\/p>\n\n\n\n<div style=\"height:30px\" aria-hidden=\"true\" class=\"wp-block-spacer\"><\/div>\n\n\n\n<p><strong>Fachsprecher*in<\/strong>: Jan Vlamynck<\/p>\n\n\n\n<div class=\"wp-block-buttons is-layout-flex wp-block-buttons-is-layout-flex\">\n<div class=\"wp-block-button\"><a class=\"wp-block-button__link wp-element-button\" href=\"#\" data-unscramble=\"ed.frodegreb-eneurg@kcnymalv.naJ\">Kontaktiere uns<\/a><\/div>\n<\/div>\n\n\n\n<figure class=\"wp-block-image alignright size-large is-resized\"><img loading=\"lazy\" decoding=\"async\" width=\"1024\" height=\"870\" src=\"https:\/\/gruene-bergedorf.de\/wp-content\/uploads\/2025\/07\/B90Gruene_Fraktion_Bergedorf_RGB_inTanne-1024x870.png\" alt=\"\" class=\"wp-image-1079\" style=\"width:200px\" srcset=\"https:\/\/gruene-bergedorf.de\/wp-content\/uploads\/2025\/07\/B90Gruene_Fraktion_Bergedorf_RGB_inTanne-1024x870.png 1024w, https:\/\/gruene-bergedorf.de\/wp-content\/uploads\/2025\/07\/B90Gruene_Fraktion_Bergedorf_RGB_inTanne-300x255.png 300w, https:\/\/gruene-bergedorf.de\/wp-content\/uploads\/2025\/07\/B90Gruene_Fraktion_Bergedorf_RGB_inTanne-768x653.png 768w, https:\/\/gruene-bergedorf.de\/wp-content\/uploads\/2025\/07\/B90Gruene_Fraktion_Bergedorf_RGB_inTanne-1536x1306.png 1536w, https:\/\/gruene-bergedorf.de\/wp-content\/uploads\/2025\/07\/B90Gruene_Fraktion_Bergedorf_RGB_inTanne-2048x1741.png 2048w\" sizes=\"(max-width: 1024px) 100vw, 1024px\" \/><\/figure>\n\n\n\n<p><\/p>\n\n\n\n<p><\/p>\n\n\n\n<p><\/p>\n\n\n\n<p><\/p>\n\n\n\n<div style=\"height:30px\" aria-hidden=\"true\" class=\"wp-block-spacer\"><\/div>\n\n\n\n<p><\/p>\n","protected":false},"excerpt":{"rendered":"<p>Der Fachausschuss f\u00fcr Wirtschaft, Handel und Tourismus ber\u00e4t alle Themen im Zusammenhang mit der St\u00e4rkung des Wirtschaftsstandortes Bergedorf, des Einzelhandels, des Arbeitsmarktes und der Schaffung eines ausgeglichenen Lehrstellenangebotes sowie der [&hellip;]<\/p>\n","protected":false},"author":3,"featured_media":0,"parent":0,"menu_order":0,"comment_status":"closed","ping_status":"closed","template":"","meta":{"footnotes":""},"class_list":["post-655","page","type-page","status-publish","hentry"],"_links":{"self":[{"href":"https:\/\/gruene-bergedorf.de\/index.php\/wp-json\/wp\/v2\/pages\/655","targetHints":{"allow":["GET"]}}],"collection":[{"href":"https:\/\/gruene-bergedorf.de\/index.php\/wp-json\/wp\/v2\/pages"}],"about":[{"href":"https:\/\/gruene-bergedorf.de\/index.php\/wp-json\/wp\/v2\/types\/page"}],"author":[{"embeddable":true,"href":"https:\/\/gruene-bergedorf.de\/index.php\/wp-json\/wp\/v2\/users\/3"}],"replies":[{"embeddable":true,"href":"https:\/\/gruene-bergedorf.de\/index.php\/wp-json\/wp\/v2\/comments?post=655"}],"version-history":[{"count":14,"href":"https:\/\/gruene-bergedorf.de\/index.php\/wp-json\/wp\/v2\/pages\/655\/revisions"}],"predecessor-version":[{"id":2391,"href":"https:\/\/gruene-bergedorf.de\/index.php\/wp-json\/wp\/v2\/pages\/655\/revisions\/2391"}],"wp:attachment":[{"href":"https:\/\/gruene-bergedorf.de\/index.php\/wp-json\/wp\/v2\/media?parent=655"}],"curies":[{"name":"wp","href":"https:\/\/api.w.org\/{rel}","templated":true}]}}