{"id":647,"date":"2025-01-15T16:03:18","date_gmt":"2025-01-15T15:03:18","guid":{"rendered":"https:\/\/gruene-bergedorf.de\/?page_id=647"},"modified":"2025-12-09T10:08:15","modified_gmt":"2025-12-09T09:08:15","slug":"soziales-gesundheit-und-integration-sgi","status":"publish","type":"page","link":"https:\/\/gruene-bergedorf.de\/index.php\/soziales-gesundheit-und-integration-sgi\/","title":{"rendered":"Soziales, Gesundheit und Integration (SGI)"},"content":{"rendered":"\n<div class=\"wp-block-group is-layout-grid wp-container-core-group-is-layout-9649a0d9 wp-block-group-is-layout-grid\">\n<figure class=\"wp-block-image size-large\"><img fetchpriority=\"high\" decoding=\"async\" width=\"1024\" height=\"683\" src=\"https:\/\/gruene-bergedorf.de\/wp-content\/uploads\/2025\/12\/IMG_0320-1024x683.jpeg\" alt=\"\" class=\"wp-image-2153\" style=\"aspect-ratio:3\/4;object-fit:cover\" srcset=\"https:\/\/gruene-bergedorf.de\/wp-content\/uploads\/2025\/12\/IMG_0320-1024x683.jpeg 1024w, https:\/\/gruene-bergedorf.de\/wp-content\/uploads\/2025\/12\/IMG_0320-300x200.jpeg 300w, https:\/\/gruene-bergedorf.de\/wp-content\/uploads\/2025\/12\/IMG_0320-768x512.jpeg 768w\" sizes=\"(max-width: 1024px) 100vw, 1024px\" \/><figcaption class=\"wp-element-caption\"><strong>Lenka Brodbeck<\/strong><br>(Fachsprecher*in)<\/figcaption><\/figure>\n\n\n\n<figure class=\"wp-block-image size-full wp-container-content-69bc4bdf\"><img decoding=\"async\" width=\"2560\" height=\"1700\" src=\"https:\/\/gruene-bergedorf.de\/wp-content\/uploads\/2025\/10\/DSC_0032-scaled.jpg\" alt=\"\" class=\"wp-image-1841\" style=\"aspect-ratio:3\/4;object-fit:cover\" srcset=\"https:\/\/gruene-bergedorf.de\/wp-content\/uploads\/2025\/10\/DSC_0032-scaled.jpg 2560w, https:\/\/gruene-bergedorf.de\/wp-content\/uploads\/2025\/10\/DSC_0032-300x199.jpg 300w, https:\/\/gruene-bergedorf.de\/wp-content\/uploads\/2025\/10\/DSC_0032-1024x680.jpg 1024w, https:\/\/gruene-bergedorf.de\/wp-content\/uploads\/2025\/10\/DSC_0032-768x510.jpg 768w, https:\/\/gruene-bergedorf.de\/wp-content\/uploads\/2025\/10\/DSC_0032-1536x1020.jpg 1536w, https:\/\/gruene-bergedorf.de\/wp-content\/uploads\/2025\/10\/DSC_0032-2048x1360.jpg 2048w\" sizes=\"(max-width: 2560px) 100vw, 2560px\" \/><figcaption class=\"wp-element-caption\"><strong>Henning Seevers<\/strong><br>(Ausschussmitglied)<\/figcaption><\/figure>\n\n\n\n<figure class=\"wp-block-image size-full\"><img decoding=\"async\" width=\"1317\" height=\"1756\" src=\"https:\/\/gruene-bergedorf.de\/wp-content\/uploads\/2025\/07\/1000166604-edited.jpg\" alt=\"\" class=\"wp-image-1421\" style=\"aspect-ratio:3\/4;object-fit:cover\" srcset=\"https:\/\/gruene-bergedorf.de\/wp-content\/uploads\/2025\/07\/1000166604-edited.jpg 1317w, https:\/\/gruene-bergedorf.de\/wp-content\/uploads\/2025\/07\/1000166604-edited-225x300.jpg 225w, https:\/\/gruene-bergedorf.de\/wp-content\/uploads\/2025\/07\/1000166604-edited-768x1024.jpg 768w, https:\/\/gruene-bergedorf.de\/wp-content\/uploads\/2025\/07\/1000166604-edited-1152x1536.jpg 1152w\" sizes=\"(max-width: 1317px) 100vw, 1317px\" \/><figcaption class=\"wp-element-caption\"><strong>Maria Maa\u00df<\/strong> <br>(Stellv. Ausschussmitglied)<\/figcaption><\/figure>\n\n\n\n<figure class=\"wp-block-image size-full\"><img loading=\"lazy\" decoding=\"async\" width=\"1920\" height=\"2560\" src=\"https:\/\/gruene-bergedorf.de\/wp-content\/uploads\/2025\/07\/8-Fabio-Detmer-edited-1-scaled.jpg\" alt=\"\" class=\"wp-image-1420\" style=\"aspect-ratio:3\/4;object-fit:cover\" srcset=\"https:\/\/gruene-bergedorf.de\/wp-content\/uploads\/2025\/07\/8-Fabio-Detmer-edited-1-scaled.jpg 1920w, https:\/\/gruene-bergedorf.de\/wp-content\/uploads\/2025\/07\/8-Fabio-Detmer-edited-1-225x300.jpg 225w, https:\/\/gruene-bergedorf.de\/wp-content\/uploads\/2025\/07\/8-Fabio-Detmer-edited-1-768x1024.jpg 768w, https:\/\/gruene-bergedorf.de\/wp-content\/uploads\/2025\/07\/8-Fabio-Detmer-edited-1-1152x1536.jpg 1152w, https:\/\/gruene-bergedorf.de\/wp-content\/uploads\/2025\/07\/8-Fabio-Detmer-edited-1-1536x2048.jpg 1536w\" sizes=\"(max-width: 1920px) 100vw, 1920px\" \/><figcaption class=\"wp-element-caption\"><strong>Fabio Detmer<\/strong> <br>(Stellv. Ausschussmitglied)<\/figcaption><\/figure>\n<\/div>\n\n\n\n<div style=\"height:20px\" aria-hidden=\"true\" class=\"wp-block-spacer\"><\/div>\n\n\n\n<p>Der Ausschuss befasst sich in der Hauptsache mit den Problemen aller B\u00fcrgerinnen und B\u00fcrger aus den Bereichen Gesundheit und Soziales.<\/p>\n\n\n\n<p>Zur Meinungsbildung werden regelm\u00e4\u00dfig soziale Einrichtungen, Krankenh\u00e4user, Alten- und Pflegeheime besucht, um ggf. im Einvernehmen mit der Fachbeh\u00f6rde Probleme beseitigen zu k\u00f6nnen.<\/p>\n\n\n\n<p>\ud83d\udd17 <strong>Sitzungs\u00fcbersicht<\/strong>: <a href=\"https:\/\/sitzungsdienst-bergedorf.hamburg.de\/bi\/si018_a.asp?GRA=171\">https:\/\/sitzungsdienst-bergedorf.hamburg.de\/bi\/si018_a.asp?GRA=171<\/a><\/p>\n\n\n\n<div style=\"height:30px\" aria-hidden=\"true\" class=\"wp-block-spacer\"><\/div>\n\n\n\n<p><strong>Fachsprecher*in<\/strong>: Lenka Brodbeck<\/p>\n\n\n\n<div class=\"wp-block-buttons is-layout-flex wp-block-buttons-is-layout-flex\">\n<div class=\"wp-block-button\"><a class=\"wp-block-button__link wp-element-button\" href=\"#\" data-unscramble=\"ed.frodegreb-eneurg@kcebdorb.akneL\">Kontaktiere Uns<\/a><\/div>\n<\/div>\n\n\n\n<figure class=\"wp-block-image alignright size-large is-resized\"><img loading=\"lazy\" decoding=\"async\" width=\"1024\" height=\"870\" src=\"https:\/\/gruene-bergedorf.de\/wp-content\/uploads\/2025\/07\/B90Gruene_Fraktion_Bergedorf_RGB_inTanne-1024x870.png\" alt=\"\" class=\"wp-image-1079\" style=\"width:200px\" srcset=\"https:\/\/gruene-bergedorf.de\/wp-content\/uploads\/2025\/07\/B90Gruene_Fraktion_Bergedorf_RGB_inTanne-1024x870.png 1024w, https:\/\/gruene-bergedorf.de\/wp-content\/uploads\/2025\/07\/B90Gruene_Fraktion_Bergedorf_RGB_inTanne-300x255.png 300w, https:\/\/gruene-bergedorf.de\/wp-content\/uploads\/2025\/07\/B90Gruene_Fraktion_Bergedorf_RGB_inTanne-768x653.png 768w, https:\/\/gruene-bergedorf.de\/wp-content\/uploads\/2025\/07\/B90Gruene_Fraktion_Bergedorf_RGB_inTanne-1536x1306.png 1536w, https:\/\/gruene-bergedorf.de\/wp-content\/uploads\/2025\/07\/B90Gruene_Fraktion_Bergedorf_RGB_inTanne-2048x1741.png 2048w\" sizes=\"(max-width: 1024px) 100vw, 1024px\" \/><\/figure>\n\n\n\n<p><\/p>\n\n\n\n<p><\/p>\n\n\n\n<div style=\"height:50px\" aria-hidden=\"true\" class=\"wp-block-spacer\"><\/div>\n\n\n\n<p><\/p>\n","protected":false},"excerpt":{"rendered":"<p>Der Ausschuss befasst sich in der Hauptsache mit den Problemen aller B\u00fcrgerinnen und B\u00fcrger aus den Bereichen Gesundheit und Soziales. Zur Meinungsbildung werden regelm\u00e4\u00dfig soziale Einrichtungen, Krankenh\u00e4user, Alten- und Pflegeheime [&hellip;]<\/p>\n","protected":false},"author":3,"featured_media":0,"parent":0,"menu_order":0,"comment_status":"closed","ping_status":"closed","template":"","meta":{"footnotes":""},"class_list":["post-647","page","type-page","status-publish","hentry"],"_links":{"self":[{"href":"https:\/\/gruene-bergedorf.de\/index.php\/wp-json\/wp\/v2\/pages\/647","targetHints":{"allow":["GET"]}}],"collection":[{"href":"https:\/\/gruene-bergedorf.de\/index.php\/wp-json\/wp\/v2\/pages"}],"about":[{"href":"https:\/\/gruene-bergedorf.de\/index.php\/wp-json\/wp\/v2\/types\/page"}],"author":[{"embeddable":true,"href":"https:\/\/gruene-bergedorf.de\/index.php\/wp-json\/wp\/v2\/users\/3"}],"replies":[{"embeddable":true,"href":"https:\/\/gruene-bergedorf.de\/index.php\/wp-json\/wp\/v2\/comments?post=647"}],"version-history":[{"count":16,"href":"https:\/\/gruene-bergedorf.de\/index.php\/wp-json\/wp\/v2\/pages\/647\/revisions"}],"predecessor-version":[{"id":2174,"href":"https:\/\/gruene-bergedorf.de\/index.php\/wp-json\/wp\/v2\/pages\/647\/revisions\/2174"}],"wp:attachment":[{"href":"https:\/\/gruene-bergedorf.de\/index.php\/wp-json\/wp\/v2\/media?parent=647"}],"curies":[{"name":"wp","href":"https:\/\/api.w.org\/{rel}","templated":true}]}}