{"id":583,"date":"2025-01-15T00:24:10","date_gmt":"2025-01-14T23:24:10","guid":{"rendered":"https:\/\/gruene-bergedorf.de\/?page_id=583"},"modified":"2025-07-29T00:50:01","modified_gmt":"2025-07-28T22:50:01","slug":"spenden","status":"publish","type":"page","link":"https:\/\/gruene-bergedorf.de\/index.php\/spenden\/","title":{"rendered":"Spenden"},"content":{"rendered":"\n<p><strong>Gemeinsam mehr bewegen: Spenden f\u00fcr B\u00dcNDNIS 90\/DIE GR\u00dcNEN Bergedorf<\/strong><\/p>\n\n\n\n<p>Unser Kreisverband ist die Basis von B\u00dcNDNIS 90\/DIE GR\u00dcNEN in Bergedorf. Wir organisieren politische Veranstaltungen, pr\u00e4gen die politische Debatte und stemmen die Wahlk\u00e4mpfe f\u00fcr Europa-, Bundestags-, B\u00fcrgerschafts- und Bezirksversammlungswahlen in unserem Bezirk. All das erfordert viel Engagement, aber auch finanzielle Mittel.<\/p>\n\n\n\n<p>Viele Gr\u00fcne in Bergedorf investieren bereits ehrenamtlich Zeit und Energie in diese Arbeit: Sei es im Vorstand, in anderen Gremien oder in Wahlkampf-Teams. Doch selbst mit noch so viel Tatkraft fallen Kosten an, zum Beispiel f\u00fcr Veranstaltungsorte, Informationsmaterialien und \u00d6ffentlichkeitsarbeit. Deswegen freuen wir uns \u00fcber jede finanzielle Unterst\u00fctzung!<\/p>\n\n\n\n<p>Mit Deiner Spende k\u00f6nnen wir:<\/p>\n\n\n\n<ul class=\"wp-block-list\">\n<li>noch mehr Pr\u00e4senz im Bezirk zeigen,<\/li>\n\n\n\n<li>unsere Ideen f\u00fcr eine lebenswerte Zukunft weiter voranbringen,<\/li>\n\n\n\n<li>und mehr Menschen f\u00fcr gr\u00fcne Politik begeistern.<\/li>\n<\/ul>\n\n\n\n<p><strong>So funktioniert das Spenden<\/strong><br>Wenn Du uns unterst\u00fctzen m\u00f6chtest, \u00fcberweise Deine Spende bitte mit dem Verwendungszweck \u201eSpende\u201c, Deinem Namen und Deiner Adresse. So k\u00f6nnen wir Deine Zahlung richtig zuordnen und Dir eine Spendenbescheinigung f\u00fcr Deine Steuererkl\u00e4rung ausstellen.<\/p>\n\n\n\n<p><strong>Du m\u00f6chtest Dich lieber mit Zeit und F\u00e4higkeiten einbringen?<\/strong><br>Kein Problem! Sprich uns gerne an und werde Teil unseres ehrenamtlichen Teams.<\/p>\n\n\n\n<p>F\u00fcr alle Fragen rund um Spenden und Steuern:<br><strong>Schatzmeister<\/strong><br><a href=\"#\" data-unscramble=\"ed.eneurg.grubmah@gnieo.naitsirhc\">Christian Oeing<\/a><\/p>\n\n\n\n<p>Wir danken Dir schon jetzt f\u00fcr Deine Unterst\u00fctzung! <\/p>\n\n\n\n<div style=\"height:100px\" aria-hidden=\"true\" class=\"wp-block-spacer\"><\/div>\n\n\n\n<h3 class=\"wp-block-heading\"><strong>Unsere Bankverbindung<\/strong><\/h3>\n\n\n\n<p>GLS Bank<\/p>\n\n\n\n<p>B\u00fcndnis 90\/DIE GR\u00dcNEN Kreisverband Bergedorf<\/p>\n\n\n\n<p>DE50 4306 0967 2049 8627 00<\/p>\n\n\n\n<p>GENODEM1GLS<\/p>\n","protected":false},"excerpt":{"rendered":"<p>Gemeinsam mehr bewegen: Spenden f\u00fcr B\u00dcNDNIS 90\/DIE GR\u00dcNEN Bergedorf Unser Kreisverband ist die Basis von B\u00dcNDNIS 90\/DIE GR\u00dcNEN in Bergedorf. Wir organisieren politische Veranstaltungen, pr\u00e4gen die politische Debatte und stemmen [&hellip;]<\/p>\n","protected":false},"author":3,"featured_media":0,"parent":0,"menu_order":0,"comment_status":"closed","ping_status":"closed","template":"","meta":{"footnotes":""},"class_list":["post-583","page","type-page","status-publish","hentry"],"_links":{"self":[{"href":"https:\/\/gruene-bergedorf.de\/index.php\/wp-json\/wp\/v2\/pages\/583","targetHints":{"allow":["GET"]}}],"collection":[{"href":"https:\/\/gruene-bergedorf.de\/index.php\/wp-json\/wp\/v2\/pages"}],"about":[{"href":"https:\/\/gruene-bergedorf.de\/index.php\/wp-json\/wp\/v2\/types\/page"}],"author":[{"embeddable":true,"href":"https:\/\/gruene-bergedorf.de\/index.php\/wp-json\/wp\/v2\/users\/3"}],"replies":[{"embeddable":true,"href":"https:\/\/gruene-bergedorf.de\/index.php\/wp-json\/wp\/v2\/comments?post=583"}],"version-history":[{"count":4,"href":"https:\/\/gruene-bergedorf.de\/index.php\/wp-json\/wp\/v2\/pages\/583\/revisions"}],"predecessor-version":[{"id":1849,"href":"https:\/\/gruene-bergedorf.de\/index.php\/wp-json\/wp\/v2\/pages\/583\/revisions\/1849"}],"wp:attachment":[{"href":"https:\/\/gruene-bergedorf.de\/index.php\/wp-json\/wp\/v2\/media?parent=583"}],"curies":[{"name":"wp","href":"https:\/\/api.w.org\/{rel}","templated":true}]}}