{"id":439,"date":"2024-12-09T16:24:41","date_gmt":"2024-12-09T15:24:41","guid":{"rendered":"https:\/\/wordpress86.gcms.verdigado.net\/?page_id=439"},"modified":"2024-12-13T20:54:11","modified_gmt":"2024-12-13T19:54:11","slug":"ag-klima","status":"publish","type":"page","link":"https:\/\/gruene-bergedorf.de\/index.php\/ag-klima\/","title":{"rendered":"AG Klima"},"content":{"rendered":"\n<p>Die AG Klima der Gr\u00fcnen Bergedorf setzt sich intensiv f\u00fcr den Klimaschutz und eine nachhaltige Zukunft auf lokaler Ebene ein. Sie entwickelt L\u00f6sungen und Konzepte, um den CO2-Aussto\u00df zu reduzieren, die Energiewende voranzutreiben und den Natur- und Klimaschutz zu st\u00e4rken. Mit Aktionen, Informationsveranstaltungen und politischen Initiativen engagiert sich die AG Klima daf\u00fcr, den Klimaschutz in den Mittelpunkt der politischen Agenda zu stellen.<\/p>\n\n\n\n<p><strong>AG Sprecher*in<\/strong>: Nils Potthast<\/p>\n\n\n\n<div style=\"height:100px\" aria-hidden=\"true\" class=\"wp-block-spacer\"><\/div>\n\n\n\n<div class=\"wp-block-buttons is-layout-flex wp-block-buttons-is-layout-flex\">\n<div class=\"wp-block-button\"><a class=\"wp-block-button__link wp-element-button\" href=\"#\" data-unscramble=\"ed.frodegreb-eneurg@tsahttop.slin\">Kontaktiere uns<\/a><\/div>\n<\/div>\n\n\n\n<p><\/p>\n","protected":false},"excerpt":{"rendered":"<p>Die AG Klima der Gr\u00fcnen Bergedorf setzt sich intensiv f\u00fcr den Klimaschutz und eine nachhaltige Zukunft auf lokaler Ebene ein. Sie entwickelt L\u00f6sungen und Konzepte, um den CO2-Aussto\u00df zu reduzieren, [&hellip;]<\/p>\n","protected":false},"author":3,"featured_media":0,"parent":0,"menu_order":0,"comment_status":"closed","ping_status":"closed","template":"","meta":{"footnotes":""},"class_list":["post-439","page","type-page","status-publish","hentry"],"_links":{"self":[{"href":"https:\/\/gruene-bergedorf.de\/index.php\/wp-json\/wp\/v2\/pages\/439","targetHints":{"allow":["GET"]}}],"collection":[{"href":"https:\/\/gruene-bergedorf.de\/index.php\/wp-json\/wp\/v2\/pages"}],"about":[{"href":"https:\/\/gruene-bergedorf.de\/index.php\/wp-json\/wp\/v2\/types\/page"}],"author":[{"embeddable":true,"href":"https:\/\/gruene-bergedorf.de\/index.php\/wp-json\/wp\/v2\/users\/3"}],"replies":[{"embeddable":true,"href":"https:\/\/gruene-bergedorf.de\/index.php\/wp-json\/wp\/v2\/comments?post=439"}],"version-history":[{"count":5,"href":"https:\/\/gruene-bergedorf.de\/index.php\/wp-json\/wp\/v2\/pages\/439\/revisions"}],"predecessor-version":[{"id":536,"href":"https:\/\/gruene-bergedorf.de\/index.php\/wp-json\/wp\/v2\/pages\/439\/revisions\/536"}],"wp:attachment":[{"href":"https:\/\/gruene-bergedorf.de\/index.php\/wp-json\/wp\/v2\/media?parent=439"}],"curies":[{"name":"wp","href":"https:\/\/api.w.org\/{rel}","templated":true}]}}