{"id":390,"date":"2024-11-18T18:56:03","date_gmt":"2024-11-18T17:56:03","guid":{"rendered":"https:\/\/wordpress86.gcms.verdigado.net\/?page_id=390"},"modified":"2026-01-28T10:20:31","modified_gmt":"2026-01-28T09:20:31","slug":"gruene-jugend-bergedorf","status":"publish","type":"page","link":"https:\/\/gruene-bergedorf.de\/index.php\/gruene-jugend-bergedorf\/","title":{"rendered":"GR\u00dcNE JUGEND Bergedorf"},"content":{"rendered":"\n<p><strong>Willkommen bei der GR\u00dcNEN JUGEND Bergedorf!<\/strong><\/p>\n\n\n\n<p>Wir sind die junge Stimme der Gr\u00fcnen in Bergedorf \u2013 ein Netzwerk engagierter junger Menschen, die sich f\u00fcr eine nachhaltige, gerechte und lebenswerte Zukunft einsetzen. Unsere Arbeit basiert auf den Grundwerten der Gr\u00fcnen: \u00d6kologie, soziale Gerechtigkeit, Demokratie und Vielfalt.<\/p>\n\n\n\n<p><strong>Was wir tun:<\/strong><\/p>\n\n\n\n<p>In der GR\u00dcNEN JUGEND Bergedorf setzen wir uns aktiv f\u00fcr Themen ein, die uns und unsere Generation betreffen \u2013 vom Klimaschutz \u00fcber soziale Gerechtigkeit bis hin zu einem starken und vielf\u00e4ltigen Bildungssystem. Wir organisieren Veranstaltungen, Diskussionsrunden und Aktionen, um die politische Landschaft in Bergedorf mitzugestalten und f\u00fcr die Zukunft unserer Stadt zu k\u00e4mpfen.<\/p>\n\n\n\n<p><strong>Unsere Ziele:<\/strong><\/p>\n\n\n\n<ul class=\"wp-block-list\">\n<li><strong>Klimaschutz und Umweltbewusstsein st\u00e4rken<\/strong>: Wir k\u00e4mpfen f\u00fcr die dringend notwendigen Ma\u00dfnahmen gegen den Klimawandel und setzen uns f\u00fcr die Erhaltung der Natur und den Ausbau erneuerbarer Energien ein.<\/li>\n\n\n\n<li><strong>Soziale Gerechtigkeit f\u00f6rdern<\/strong>: Wir setzen uns f\u00fcr faire Bildungschancen, den Schutz von Menschenrechten und eine inklusive Gesellschaft ohne Diskriminierung ein.<\/li>\n\n\n\n<li><strong>Demokratie und Partizipation<\/strong>: Wir wollen junge Menschen st\u00e4rker in politische Entscheidungsprozesse einbinden und uns f\u00fcr die Rechte der kommenden Generationen einsetzen.<\/li>\n\n\n\n<li><strong>Vielfalt und Toleranz<\/strong>: F\u00fcr uns bedeutet eine starke Gemeinschaft, dass alle Menschen \u2013 unabh\u00e4ngig von Herkunft, Geschlecht, sexueller Orientierung oder Religion \u2013 gleichberechtigt und respektiert werden.<\/li>\n<\/ul>\n\n\n\n<p><strong>Mitmachen!<\/strong><\/p>\n\n\n\n<p>Du m\u00f6chtest die Zukunft mitgestalten? Komm zu uns! Ob bei unseren regelm\u00e4\u00dfigen Treffen, bei Veranstaltungen oder bei unseren Aktionen \u2013 es gibt viele M\u00f6glichkeiten, dich zu engagieren. Wir sind immer auf der Suche nach neuen, kreativen Ideen und motivierten Menschen, die mit uns f\u00fcr eine bessere Zukunft arbeiten wollen.<\/p>\n\n\n\n<p><strong>Kontakt:<\/strong><\/p>\n\n\n\n<p>Hast du Fragen oder m\u00f6chtest mehr erfahren? Schreib uns eine Nachricht \u00fcber das Kontaktformular oder folge uns auf unseren Social-Media-Kan\u00e4len, um immer auf dem neuesten Stand zu bleiben!<\/p>\n\n\n\n<div class=\"wp-block-group is-content-justification-left is-nowrap is-layout-flex wp-container-core-group-is-layout-f56a869c wp-block-group-is-layout-flex\">\n<div class=\"wp-block-buttons is-layout-flex wp-block-buttons-is-layout-flex\">\n<div class=\"wp-block-button\"><a class=\"wp-block-button__link wp-element-button\" href=\"#\" data-unscramble=\"ed.hhjg@frodegreb-vk\">Kontaktiere Uns<\/a><\/div>\n<\/div>\n\n\n\n<ul class=\"wp-block-social-links has-large-icon-size is-content-justification-center is-layout-flex wp-container-core-social-links-is-layout-16018d1d wp-block-social-links-is-layout-flex\"><li class=\"wp-social-link wp-social-link-instagram  wp-block-social-link\"><a rel=\"noopener nofollow\" target=\"_blank\" href=\"https:\/\/www.instagram.com\/gj_bergedorf\/\" class=\"wp-block-social-link-anchor\"><svg width=\"24\" height=\"24\" viewBox=\"0 0 24 24\" version=\"1.1\" xmlns=\"http:\/\/www.w3.org\/2000\/svg\" aria-hidden=\"true\" focusable=\"false\"><path d=\"M12,4.622c2.403,0,2.688,0.009,3.637,0.052c0.877,0.04,1.354,0.187,1.671,0.31c0.42,0.163,0.72,0.358,1.035,0.673 c0.315,0.315,0.51,0.615,0.673,1.035c0.123,0.317,0.27,0.794,0.31,1.671c0.043,0.949,0.052,1.234,0.052,3.637 s-0.009,2.688-0.052,3.637c-0.04,0.877-0.187,1.354-0.31,1.671c-0.163,0.42-0.358,0.72-0.673,1.035 c-0.315,0.315-0.615,0.51-1.035,0.673c-0.317,0.123-0.794,0.27-1.671,0.31c-0.949,0.043-1.233,0.052-3.637,0.052 s-2.688-0.009-3.637-0.052c-0.877-0.04-1.354-0.187-1.671-0.31c-0.42-0.163-0.72-0.358-1.035-0.673 c-0.315-0.315-0.51-0.615-0.673-1.035c-0.123-0.317-0.27-0.794-0.31-1.671C4.631,14.688,4.622,14.403,4.622,12 s0.009-2.688,0.052-3.637c0.04-0.877,0.187-1.354,0.31-1.671c0.163-0.42,0.358-0.72,0.673-1.035 c0.315-0.315,0.615-0.51,1.035-0.673c0.317-0.123,0.794-0.27,1.671-0.31C9.312,4.631,9.597,4.622,12,4.622 M12,3 C9.556,3,9.249,3.01,8.289,3.054C7.331,3.098,6.677,3.25,6.105,3.472C5.513,3.702,5.011,4.01,4.511,4.511 c-0.5,0.5-0.808,1.002-1.038,1.594C3.25,6.677,3.098,7.331,3.054,8.289C3.01,9.249,3,9.556,3,12c0,2.444,0.01,2.751,0.054,3.711 c0.044,0.958,0.196,1.612,0.418,2.185c0.23,0.592,0.538,1.094,1.038,1.594c0.5,0.5,1.002,0.808,1.594,1.038 c0.572,0.222,1.227,0.375,2.185,0.418C9.249,20.99,9.556,21,12,21s2.751-0.01,3.711-0.054c0.958-0.044,1.612-0.196,2.185-0.418 c0.592-0.23,1.094-0.538,1.594-1.038c0.5-0.5,0.808-1.002,1.038-1.594c0.222-0.572,0.375-1.227,0.418-2.185 C20.99,14.751,21,14.444,21,12s-0.01-2.751-0.054-3.711c-0.044-0.958-0.196-1.612-0.418-2.185c-0.23-0.592-0.538-1.094-1.038-1.594 c-0.5-0.5-1.002-0.808-1.594-1.038c-0.572-0.222-1.227-0.375-2.185-0.418C14.751,3.01,14.444,3,12,3L12,3z M12,7.378 c-2.552,0-4.622,2.069-4.622,4.622S9.448,16.622,12,16.622s4.622-2.069,4.622-4.622S14.552,7.378,12,7.378z M12,15 c-1.657,0-3-1.343-3-3s1.343-3,3-3s3,1.343,3,3S13.657,15,12,15z M16.804,6.116c-0.596,0-1.08,0.484-1.08,1.08 s0.484,1.08,1.08,1.08c0.596,0,1.08-0.484,1.08-1.08S17.401,6.116,16.804,6.116z\"><\/path><\/svg><span class=\"wp-block-social-link-label screen-reader-text\">Instagram<\/span><\/a><\/li><\/ul>\n\n\n\n<p><\/p>\n<\/div>\n","protected":false},"excerpt":{"rendered":"<p>Willkommen bei der GR\u00dcNEN JUGEND Bergedorf! Wir sind die junge Stimme der Gr\u00fcnen in Bergedorf \u2013 ein Netzwerk engagierter junger Menschen, die sich f\u00fcr eine nachhaltige, gerechte und lebenswerte Zukunft [&hellip;]<\/p>\n","protected":false},"author":3,"featured_media":0,"parent":0,"menu_order":0,"comment_status":"closed","ping_status":"closed","template":"","meta":{"footnotes":""},"class_list":["post-390","page","type-page","status-publish","hentry"],"_links":{"self":[{"href":"https:\/\/gruene-bergedorf.de\/index.php\/wp-json\/wp\/v2\/pages\/390","targetHints":{"allow":["GET"]}}],"collection":[{"href":"https:\/\/gruene-bergedorf.de\/index.php\/wp-json\/wp\/v2\/pages"}],"about":[{"href":"https:\/\/gruene-bergedorf.de\/index.php\/wp-json\/wp\/v2\/types\/page"}],"author":[{"embeddable":true,"href":"https:\/\/gruene-bergedorf.de\/index.php\/wp-json\/wp\/v2\/users\/3"}],"replies":[{"embeddable":true,"href":"https:\/\/gruene-bergedorf.de\/index.php\/wp-json\/wp\/v2\/comments?post=390"}],"version-history":[{"count":9,"href":"https:\/\/gruene-bergedorf.de\/index.php\/wp-json\/wp\/v2\/pages\/390\/revisions"}],"predecessor-version":[{"id":2298,"href":"https:\/\/gruene-bergedorf.de\/index.php\/wp-json\/wp\/v2\/pages\/390\/revisions\/2298"}],"wp:attachment":[{"href":"https:\/\/gruene-bergedorf.de\/index.php\/wp-json\/wp\/v2\/media?parent=390"}],"curies":[{"name":"wp","href":"https:\/\/api.w.org\/{rel}","templated":true}]}}