{"id":2479,"date":"2026-03-21T10:42:39","date_gmt":"2026-03-21T09:42:39","guid":{"rendered":"https:\/\/gruene-bergedorf.de\/?page_id=2479"},"modified":"2026-03-21T10:42:39","modified_gmt":"2026-03-21T09:42:39","slug":"nachhaltige-und-transparente-entwicklung-der-billwerder-bucht","status":"publish","type":"page","link":"https:\/\/gruene-bergedorf.de\/index.php\/partei\/beschluesse\/nachhaltige-und-transparente-entwicklung-der-billwerder-bucht\/","title":{"rendered":"Nachhaltige und transparente Entwicklung der Billwerder Bucht"},"content":{"rendered":"\n<h2 class=\"wp-block-heading\">Sachverhalt<\/h2>\n\n\n\n<p><strong>Antrag zur Einreichung bei der n\u00e4chsten Landesmitgliederversammlung der Gr\u00fcnen<\/strong><\/p>\n\n\n\n<p>Die Billwerder Bucht ist ein vielf\u00e4ltiger Ort in der Hansestadt, dem wir mehr<br>Aufmerksamkeit widmen wollen. Besonders im Fokus ist dabei der kleine Stadtteil<br>Moorfleet, der am Rande des Bezirks Bergedorf liegt und an wichtige Hamburger<br>Verkehrswege, Naturr\u00e4ume (Naturschutzzgebiet Holzhafen und Auenlandschaft Obere<br>Tiedeelbe), Wasserfl\u00e4chen und Industrie angrenzend. In unmittelbarer N\u00e4he stehen<br>die Erneuerung der Norderelbbr\u00fccke, die Aufsch\u00fcttung der Deponie Feldhofe sowie<br>die Abschaltung des Kohlekraftwerks Tiefstack an, weshalb die Betrachtung der<br>Gebietsentwicklung gemeinsam mit dem Bezirk Mitte sinnvoll ist.<\/p>\n\n\n\n<p>Bereits seit L\u00e4ngerem ist die Entwicklung des kleinen Stadtteils ein zentrales<br>Thema der Bergedorfer Politik. Es wurde von 2019 bis 2021 eine Stadtwerkstatt*<br>eingerichtet, die die verschiedenen Potentiale gemeinsam mit den verschiedenen<br>Interessensvertretenden und Anwohnenden der Moorfleeter Wanne er\u00f6rtern sollte.<br>Im Ergebnis wurde 2 verschiedene Modelle, ein gr\u00fcnes und ein blaues,<br>vorgestellt. Das &#8222;blaue Moorfleet&#8220; hatte dabei einen starken Fokus auf die<br>Wassersport am bisherigen Hafenstandort. Infolge der unverbindlichen Vorschl\u00e4ge<br>begannen einige Pr\u00fcfungen seitens des Bezirksamtes, aber eine politische<br>Festlegung \u00fcber den Bergedorfer Stadtentwicklungsausschuss blieb aus. Umso<br>erstaunlicher, dass es nun eine Festlegung zur Umsetzung des blauen Moorfleetes<br>zu geben scheint und Baggerungen durch die HPA in Vorbereitung befinden.**<\/p>\n\n\n\n<p>Im Zuge dieser Beratungen haben wir Gr\u00fcne uns klar daf\u00fcr ausgesprochen, die<br>Entwicklung des maritimen Bereichs am nord-\u00f6stlichen Ufer des Holzhafens<br>anzustreben. Im s\u00fcd\u00f6stlichen Uferbereich sollte im Zuge dessen die Erweiterung<br>des&nbsp;<strong>Naturschutzgebiet<\/strong>es erm\u00f6glicht werden. Ebenso naturschutzw\u00fcrdig w\u00e4re der<br>bisher ungenutzte Teil Kaltehofes. Die Entwicklungen zu einem Wassersportareal<br>sehen wir kritisch und nicht nachhaltig.<\/p>\n\n\n\n<p>Das Hafengebiet ist in vielfacher Weise ein interessanter Ort. Durch fr\u00fchere<br>Industrien sanierungsbed\u00fcrftig und wird noch Jahrzehnte Gegenstand von<br>Sanierungen sein.<\/p>\n\n\n\n<p>Betreuende Verb\u00e4nde des vorhandenen Naturschutzgebietes waren allerdings<br>offiziell an der Stadtwerkstatt nicht beteiligt und sollten in die weiteren<br>Entscheidungen eng eingebunden werden.<\/p>\n\n\n\n<p>Das betroffene Gebiet ist wie alle Areale des Hamburger Hafens von extremer<br>Sedimentation betroffen, die sich durch Tidal Pumping durch die Elbvertiefung<br>verst\u00e4rkt hat. Das bedeutet, dass mehr Sedimente bei Flut einstr\u00f6men als bei<br>abflie\u00dfender Ebbe wieder ausgesp\u00fclt werden. \u00c4hnlich wie in anderen<br>Hafengebieten, in denen Schiffahrt erfolgen soll, m\u00fcssten Baggerungen alle paar<br>Jahre erneuert werden. Diese nicht nachhaltige Entwicklung wirft die Frage<br>danach auf, wer langfristig f\u00fcr die entstehenden Kosten f\u00fcr die Baggerungen<br>aufkommen wird. Infolge der schon erfolgten Verschlickung hat sich der Naturraum<br>bereits stark ver\u00e4ndert und es ist \u00f6kologisch nicht vorhersehbar was konkret<br>passierte, wenn sich diese Entwicklung fortsetzt. Nicht unwahrscheinlich ist die<br>Ausbreitung beispielsweise von R\u00f6hricht im europ\u00e4isch gesch\u00fctzten Lebensraum.<br>Beide Naturschutzgebiete sind bereits als Natura2000-Gebiete klassifiziert,<br>wobei der Holzhafen ein Vogelschutzgebiet und die Obere Tideaue FHH-Gebiet ist.<br>Diese besonderen Lebensr\u00e4ume m\u00fcssen von der Umweltbeh\u00f6rde in den erforderlichen<br>Pr\u00fcfungen ber\u00fccksichtigt und die Verb\u00e4nde entsprechend beteiligt werden.<\/p>\n\n\n\n<p>Aus diesen Erw\u00e4gungen setzen wir uns daf\u00fcr ein, auf die Experimentierfl\u00e4che f\u00fcr<br>Baggerungen in der S\u00fc\u00dfwassertideaue zu verzichten und die Hafenverlagerung f\u00fcr<br>Bootsbesitzende an einem nachhaltigeren Standort zu vollziehen.<\/p>\n\n\n\n<p>Wir setzen dabei an auf unserer Gr\u00fcnen Forderung zur letzten B\u00fcrgerschaftswahl<br>2025: &#8222;Die Lebensgemeinschaften in den Gew\u00e4ssern m\u00fcssen ihre Lebensr\u00e4ume<br>zur\u00fcckerhalten. F\u00fcr einen wirksamen Hochwasserschutz brauchen die Fl\u00fcsse mehr<br>Raum. Darum sollen R\u00fcckdeichungen und die Wiederherstellung von Auen und<br>Flachwasserzonen systematisch fortgesetzt werden. Hamburgs Verantwortung f\u00fcr die<br>Elbe endet nicht an den Landesgrenzen.&#8220;<\/p>\n\n\n\n<p>Ein weiteres Thema ber\u00fchrt die Gebietsentwicklung und verdient besonderes<br>Augenmerk. Der Mundhalle, die von besonderer Bedeutung als<br>gemeinwohlorientierter Ort f\u00fcr Kreative ist, wurde das Gel\u00e4nde am Holzhafenufer<br>in Aussicht gestellt. Die Mundhalle eG ist eine Genossenschaft zur F\u00f6rderung der<br>sozialen, kulturellen Belange ihrer Mitglieder mittels eines gemeinschaftlichen,<br>selbstverwalteten Gesch\u00e4ftsbetriebes.<br>Zu diesem Zweck vermietet die Mundhalle preiswert, sozialvertr\u00e4glich<br>Werkst\u00e4tten, Ateliers und Arbeitsr\u00e4ume an ihre vielf\u00e4ltigen Mitglieder (ca.<br>70\u201380) \u2013 bestehend aus Handwerker*innen, K\u00fcnstler*innen, Designer*innen und<br>kleinen Gewerken. Nach einer mehrj\u00e4hrigen Odyssee durch das Hamburger<br>Stadtgebiet plant die Mundhalle eG, im Jahr 2026 ein Grundst\u00fcck am Holzhafenufer<br>2 in Moorfleet im Rahmen einer Erbpacht zu \u00fcbernehmen. Dort sollen in mehreren<br>Bauabschnitten tragf\u00e4hige bauliche Strukturen entwickelt und realisiert werden.<br>Ziel ist es, langfristig bezahlbare R\u00e4ume f\u00fcr soziale, wirtschaftliche und<br>kulturelle Einrichtungen, Dienstleistungen sowie gemeinschaftliche Arbeitsformen<br>zu sichern und weiterzuentwickeln.<\/p>\n\n\n\n<p>Grunds\u00e4tzlich wollen wir diese Dynamik weiter unterst\u00fctzen und in Einklang<br>bringen mit nachhaltigen Gebietsentwicklungen.<\/p>\n\n\n\n<p>*&nbsp;<a href=\"https:\/\/www.hamburg.de\/politik-und-verwaltung\/bezirke\/bergedorf\/themen\/planen-bauen-wohnen\/stadtplanung\/stadtwerkstatt-moorfleet-56752\">https:\/\/www.hamburg.de\/politik-und-verwaltung\/bezirke\/bergedorf\/themen\/planen-<br>bauen-wohnen\/stadtplanung\/stadtwerkstatt-moorfleet-56752<\/a><\/p>\n\n\n\n<p>**&nbsp;<a href=\"https:\/\/bv-hh.de\/bergedorf\/documents\/sachstand-ausbaggerung-holzhafen-moorfleet-189653\">https:\/\/bv-hh.de\/bergedorf\/documents\/sachstand-ausbaggerung-holzhafen-<br>moorfleet-189653<\/a><\/p>\n\n\n\n<h2 class=\"wp-block-heading\">Beschluss<\/h2>\n\n\n\n<p>Daher fordern wir<\/p>\n\n\n\n<ol start=\"1\" class=\"wp-block-list\">\n<li>eine gesamtheitliche und nachhaltige Entwicklung der Moorfleeter Wanne und<br>den umgebenenden Arealen, in Zusammenarbeit mit den Bezirken Bergedorf und<br>Mitte<\/li>\n<\/ol>\n\n\n\n<ol start=\"2\" class=\"wp-block-list\">\n<li>Transparenz herzustellen bei den aktuellen Entwicklungen, insbesondere zur<br>geplanten Ausbaggerung<\/li>\n<\/ol>\n\n\n\n<ol start=\"3\" class=\"wp-block-list\">\n<li>die Pr\u00fcfung der Weiterentwicklung der Naturschutzgebiete anstelle einer<br>Weiterentwicklung des Bootshafens am bisherigen Standort<\/li>\n<\/ol>\n\n\n\n<ol start=\"4\" class=\"wp-block-list\">\n<li>Pr\u00fcfung der Einbindung des nicht genutzten Areals Kaltehofe in das<br>Naturschutzgebiet<\/li>\n<\/ol>\n\n\n\n<ol start=\"5\" class=\"wp-block-list\">\n<li>die gartenbaulich und landwirtschaftlich genutzte Fl\u00e4che der Moorfleeter<br>Wanne zwischen Deich und Andreas-Meyer-Stra\u00dfe bei den Betrachtungen nicht<br>aus dem Blick zu verlieren<\/li>\n<\/ol>\n\n\n\n<ol start=\"6\" class=\"wp-block-list\">\n<li>Transparenz und Beteiligungsm\u00f6glichkeiten bei der Nachnutzung des Areals<br>des Kohlekraftwerk Tiefstacks nach der Stilllegung 2030 und Bau der<br>Flu\u00dfw\u00e4rmepumpe<\/li>\n<\/ol>\n\n\n\n<ol start=\"7\" class=\"wp-block-list\">\n<li>Pr\u00fcfung, ob Planungen f\u00fcr weitere Gewerbefl\u00e4chen noch zeitgem\u00e4\u00df sind und<br>wie diese sich zu den Verbindlichkeiten durch den Vertrag f\u00fcr Hamburgs<br>Stadtgr\u00fcn verhalten.<\/li>\n<\/ol>\n\n\n\n<h2 class=\"wp-block-heading\">Weiterf\u00fchrende Links<\/h2>\n\n\n\n<p><a href=\"https:\/\/www.abendblatt.de\/hamburg\/bergedorf\/moorfleet\/article238187047\/Holzhafen--Schlickwueste-soll-zum-Wassersportparadies-werden.html\">https:\/\/www.abendblatt.de\/hamburg\/bergedorf\/moorfleet\/article238187047\/Holzhafen&#8211;Schlickwueste-soll-zum-Wassersportparadies-werden.html<\/a><\/p>\n\n\n\n<p><a href=\"https:\/\/www.abendblatt.de\/hamburg\/bergedorf\/article408241326\/holzhafen-moorfleet-soll-ausgebaggert-werden.html\">https:\/\/www.abendblatt.de\/hamburg\/bergedorf\/article408241326\/holzhafen-moorfleet-soll-ausgebaggert-werden.html<\/a><\/p>\n\n\n\n<p><a href=\"https:\/\/www.stiftung-lebensraum-elbe.de\/massnahmen\/stint.html\">https:\/\/www.stiftung-lebensraum-elbe.de\/massnahmen\/stint.html<\/a><\/p>\n\n\n\n<p><a href=\"https:\/\/www.buergerschaft-hh.de\/parldok\/dokument\/95868\/23_01545_entwicklungsperspektive_moorfleet_hat_die_-stadt_einen_plan_der_funktioniert\">https:\/\/www.buergerschaft-hh.de\/parldok\/dokument\/95868\/23_01545_entwicklungsperspektive_moorfleet_hat_die_-stadt_einen_plan_der_funktioniert<\/a><\/p>\n\n\n\n<p><a href=\"https:\/\/www.ndr.de\/nachrichten\/hamburg\/hafenschlick-deponie-feldhofe-soll-doppelt-so-hoch-werden,feldhofe-102.html\">https:\/\/www.ndr.de\/nachrichten\/hamburg\/hafenschlick-deponie-feldhofe-soll-doppelt-so-hoch-werden,feldhofe-102.html<\/a><\/p>\n","protected":false},"excerpt":{"rendered":"<p>Sachverhalt Antrag zur Einreichung bei der n\u00e4chsten Landesmitgliederversammlung der Gr\u00fcnen Die Billwerder Bucht ist ein vielf\u00e4ltiger Ort in der Hansestadt, dem wir mehrAufmerksamkeit widmen wollen. Besonders im Fokus ist dabei [&hellip;]<\/p>\n","protected":false},"author":7,"featured_media":0,"parent":1999,"menu_order":0,"comment_status":"closed","ping_status":"closed","template":"","meta":{"footnotes":""},"class_list":["post-2479","page","type-page","status-publish","hentry"],"_links":{"self":[{"href":"https:\/\/gruene-bergedorf.de\/index.php\/wp-json\/wp\/v2\/pages\/2479","targetHints":{"allow":["GET"]}}],"collection":[{"href":"https:\/\/gruene-bergedorf.de\/index.php\/wp-json\/wp\/v2\/pages"}],"about":[{"href":"https:\/\/gruene-bergedorf.de\/index.php\/wp-json\/wp\/v2\/types\/page"}],"author":[{"embeddable":true,"href":"https:\/\/gruene-bergedorf.de\/index.php\/wp-json\/wp\/v2\/users\/7"}],"replies":[{"embeddable":true,"href":"https:\/\/gruene-bergedorf.de\/index.php\/wp-json\/wp\/v2\/comments?post=2479"}],"version-history":[{"count":1,"href":"https:\/\/gruene-bergedorf.de\/index.php\/wp-json\/wp\/v2\/pages\/2479\/revisions"}],"predecessor-version":[{"id":2480,"href":"https:\/\/gruene-bergedorf.de\/index.php\/wp-json\/wp\/v2\/pages\/2479\/revisions\/2480"}],"up":[{"embeddable":true,"href":"https:\/\/gruene-bergedorf.de\/index.php\/wp-json\/wp\/v2\/pages\/1999"}],"wp:attachment":[{"href":"https:\/\/gruene-bergedorf.de\/index.php\/wp-json\/wp\/v2\/media?parent=2479"}],"curies":[{"name":"wp","href":"https:\/\/api.w.org\/{rel}","templated":true}]}}