{"id":2315,"date":"2026-02-07T18:05:02","date_gmt":"2026-02-07T17:05:02","guid":{"rendered":"https:\/\/gruene-bergedorf.de\/?page_id=2315"},"modified":"2026-02-07T18:08:18","modified_gmt":"2026-02-07T17:08:18","slug":"zukunftsentscheid","status":"publish","type":"page","link":"https:\/\/gruene-bergedorf.de\/index.php\/partei\/themen\/zukunftsentscheid\/","title":{"rendered":"Hamburger Zukunftsentscheid"},"content":{"rendered":"\n<p>Der Klimaschutz liegt in der DNA unserer Partei und unseres Kreisverbands, genauso wie die Unterst\u00fctzung der progressiven Zivilgesellschaft und Ihrer Anliegen. So war es nurmehr folgerichtig, dass wir Bergedorfer Gr\u00fcne sehr fr\u00fch den Hamburger Zukunftsentscheid direkt unterst\u00fctzt haben und gemeinsam mit unseren Mitglieder*Innen und den Bergedorfer Klima-Aktivisti f\u00fcr dessen Erfolg gek\u00e4mpft haben.<\/p>\n\n\n\n<p>Dies haben wir auf zwei Wegen beschritten:<\/p>\n\n\n\n<h2 class=\"wp-block-heading\">Die politische Unterst\u00fctzung der Hamburger Gr\u00fcnen sicherstellen<\/h2>\n\n\n\n<p>Es ist selbstverst\u00e4ndlich, dass die Gr\u00fcnen Hamburg f\u00fcr mehr Klimaschutz eintreten. Doch dies muss mit Beschl\u00fcssen unserer Parteimitglieder*Innen belegt werden.<\/p>\n\n\n\n<p>Deshalb haben wir zur Landesmitgliederversammlung am 27.04.2024 mit einem Antrag unseres KVs einen einstimmigen Beschluss erwirkt, das Volksbegehren \u201eHamburger Zukunftsentscheid\u201c zu unterst\u00fctzen.<\/p>\n\n\n\n<p>Ein Jahr darauf haben wir mit einem erneuten Antrag des KV-Bergdorfs mit der Landesmitgliederversammlung am 12.07. mit gro\u00dfer Mehrheit erfolgreich eingebracht, dass sich die Gr\u00fcnen Hamburg verpflichten sich zu den Zielen des Zukunftsentscheids zu bekennen.<\/p>\n\n\n\n<p><a href=\"https:\/\/gruene-bergedorf.de\/index.php\/partei\/beschluesse\/zukunftsentscheid\/\" data-type=\"page\" data-id=\"2013\">Hier geht es zum offiziellen Beschluss.<\/a><\/p>\n\n\n\n<h2 class=\"wp-block-heading\">Die aktive Unterst\u00fctzung f\u00fcr den Erfolg in Bergedorf<\/h2>\n\n\n\n<p>Beschl\u00fcsse helfen wenig, wenn nicht vor Ort gehandelt wird. Deshalb haben wir \u00fcber alle Phasen des Volksentscheids mit unseren Mitglieder*Innen aktiv die Zukunftsenscheid-Aktivisti des Bezirks unterst\u00fctzt und mit Veranstaltungen flankiert.<\/p>\n\n\n\n<p>So haben wir im Januar 2025 den Spiegel Kolumnisten und Professor an der HAW Christian St\u00f6cker zu seinem Vortrag rund um sein Buch &#8222;M\u00e4nner die die Welt verbrennen&#8220; einladen d\u00fcrfen.<\/p>\n\n\n\n<p>Prof. Dr. Hans Sch\u00e4fers konnten wir im August und September 2025 zweimal daf\u00fcr gewinnen bei uns \u00fcber den Zustand der Klimakrise und des Zukunftsentscheid zu sprechen. <\/p>\n\n\n\n<p>Daneben haben wir die Ressourcen unseres Kreisverbandes den Aktivisti des Zukunftsentscheids zur Verf\u00fcgung gestellt und aktiv an Infopoints, Fr\u00fchverteilern und beim Haust\u00fcrwahlkampf unterst\u00fctzt.<\/p>\n\n\n\n<h2 class=\"wp-block-heading\">Wie geht&#8217;s weiter?<\/h2>\n\n\n\n<ol class=\"wp-block-list\"><\/ol>\n\n\n\n<p>Am <strong>12.10.2025<\/strong> wurde der <strong>Zukunftsentscheid <\/strong>durch das Votum der Hamburger Bev\u00f6lkerung <strong>angenommen<\/strong>.<\/p>\n\n\n\n<p>Jetzt richten wir die Energie des Kreisverbandes Bergdorfs auf dessen <strong>Umsetzung bis 2040<\/strong>.<\/p>\n\n\n\n<hr class=\"wp-block-separator has-alpha-channel-opacity\"\/>\n\n\n\n<p><strong>Prof. Dr. Hans Sch\u00e4fers<\/strong> hat uns dankenswerterweise seine Pr\u00e4sentation sowie seinen &#8222;<strong>Masterplan<\/strong>&#8220; zukommen lassen. Diese sind auch heute noch aktuell und lesenswert!<\/p>\n\n\n\n<div data-wp-interactive=\"core\/file\" class=\"wp-block-file\"><object data-wp-bind--hidden=\"!state.hasPdfPreview\" hidden class=\"wp-block-file__embed\" data=\"https:\/\/gruene-bergedorf.de\/wp-content\/uploads\/2026\/02\/251015-Situation-Klimawandel-.pdf\" type=\"application\/pdf\" style=\"width:100%;height:600px\" aria-label=\"Einbettung von 251015 Situation Klimawandel.\"><\/object><a id=\"wp-block-file--media-6bed849f-df33-4003-8e33-b2decbfc4bb1\" href=\"https:\/\/gruene-bergedorf.de\/wp-content\/uploads\/2026\/02\/251015-Situation-Klimawandel-.pdf\">251015 Situation Klimawandel<\/a><a href=\"https:\/\/gruene-bergedorf.de\/wp-content\/uploads\/2026\/02\/251015-Situation-Klimawandel-.pdf\" class=\"wp-block-file__button wp-element-button\" download aria-describedby=\"wp-block-file--media-6bed849f-df33-4003-8e33-b2decbfc4bb1\">Herunterladen<\/a><\/div>\n\n\n\n<p><\/p>\n\n\n\n<div data-wp-interactive=\"core\/file\" class=\"wp-block-file\"><object data-wp-bind--hidden=\"!state.hasPdfPreview\" hidden class=\"wp-block-file__embed\" data=\"https:\/\/gruene-bergedorf.de\/wp-content\/uploads\/2026\/02\/251510_Masterplan-E-Wende_Schaefers.pdf\" type=\"application\/pdf\" style=\"width:100%;height:600px\" aria-label=\"Einbettung von 251510_Masterplan E-Wende_Schaefers.\"><\/object><a id=\"wp-block-file--media-ea13e185-95c4-47c4-b478-c66e4a6b4d09\" href=\"https:\/\/gruene-bergedorf.de\/wp-content\/uploads\/2026\/02\/251510_Masterplan-E-Wende_Schaefers.pdf\">251510_Masterplan E-Wende_Schaefers<\/a><a href=\"https:\/\/gruene-bergedorf.de\/wp-content\/uploads\/2026\/02\/251510_Masterplan-E-Wende_Schaefers.pdf\" class=\"wp-block-file__button wp-element-button\" download aria-describedby=\"wp-block-file--media-ea13e185-95c4-47c4-b478-c66e4a6b4d09\">Herunterladen<\/a><\/div>\n","protected":false},"excerpt":{"rendered":"<p>Der Klimaschutz liegt in der DNA unserer Partei und unseres Kreisverbands, genauso wie die Unterst\u00fctzung der progressiven Zivilgesellschaft und Ihrer Anliegen. So war es nurmehr folgerichtig, dass wir Bergedorfer Gr\u00fcne [&hellip;]<\/p>\n","protected":false},"author":7,"featured_media":0,"parent":2118,"menu_order":0,"comment_status":"closed","ping_status":"closed","template":"","meta":{"footnotes":""},"class_list":["post-2315","page","type-page","status-publish","hentry"],"_links":{"self":[{"href":"https:\/\/gruene-bergedorf.de\/index.php\/wp-json\/wp\/v2\/pages\/2315","targetHints":{"allow":["GET"]}}],"collection":[{"href":"https:\/\/gruene-bergedorf.de\/index.php\/wp-json\/wp\/v2\/pages"}],"about":[{"href":"https:\/\/gruene-bergedorf.de\/index.php\/wp-json\/wp\/v2\/types\/page"}],"author":[{"embeddable":true,"href":"https:\/\/gruene-bergedorf.de\/index.php\/wp-json\/wp\/v2\/users\/7"}],"replies":[{"embeddable":true,"href":"https:\/\/gruene-bergedorf.de\/index.php\/wp-json\/wp\/v2\/comments?post=2315"}],"version-history":[{"count":3,"href":"https:\/\/gruene-bergedorf.de\/index.php\/wp-json\/wp\/v2\/pages\/2315\/revisions"}],"predecessor-version":[{"id":2321,"href":"https:\/\/gruene-bergedorf.de\/index.php\/wp-json\/wp\/v2\/pages\/2315\/revisions\/2321"}],"up":[{"embeddable":true,"href":"https:\/\/gruene-bergedorf.de\/index.php\/wp-json\/wp\/v2\/pages\/2118"}],"wp:attachment":[{"href":"https:\/\/gruene-bergedorf.de\/index.php\/wp-json\/wp\/v2\/media?parent=2315"}],"curies":[{"name":"wp","href":"https:\/\/api.w.org\/{rel}","templated":true}]}}