{"id":2272,"date":"2026-01-14T13:03:18","date_gmt":"2026-01-14T12:03:18","guid":{"rendered":"https:\/\/gruene-bergedorf.de\/?page_id=2272"},"modified":"2026-01-14T13:05:35","modified_gmt":"2026-01-14T12:05:35","slug":"datenschutzerklaerung","status":"publish","type":"page","link":"https:\/\/gruene-bergedorf.de\/index.php\/datenschutzerklaerung\/","title":{"rendered":"Datenschutzerkl\u00e4rung"},"content":{"rendered":"\n<p>Die nachfolgende Datenschutzerkl\u00e4rung gilt f\u00fcr die Nutzung der Webseite <a href=\"https:\/\/gruene-bergedorf.de\/\" data-type=\"link\" data-id=\"https:\/\/gruene-bergedorf.de\/\">gruene-bergedorf.de<\/a> (nachfolgend \u201eWebseite\u201c).<\/p>\n\n\n\n<p>Die Betreiber dieser Webseite nehmen den Schutz Ihrer pers\u00f6nlichen Daten sehr ernst. Wir behandeln Ihre personenbezogenen Daten vertraulich und entsprechend der gesetzlichen Datenschutzvorschriften, insbesondere der EU &#8211; Datenschutzgrundverordnung (DSGVO) sowie dieser Datenschutzerkl\u00e4rung.<\/p>\n\n\n\n<p>Die Nutzung unserer Webseite ist in der Regel ohne Angabe personenbezogener Daten m\u00f6glich. Soweit auf unseren Seiten personenbezogene Bestands- oder Kontaktdaten (beispielsweise Name, Anschrift oder E-Mail-Adressen) erhoben werden, erfolgt dies, soweit m\u00f6glich, stets auf freiwilliger Basis. Diese Daten werden nur zum angegebenen Zweck verwendet und ohne Ihre ausdr\u00fcckliche Zustimmung weder an Dritte weitergegeben noch mit anderen Daten zusammengef\u00fchrt.<\/p>\n\n\n\n<p>Nach der DSGVO sind \u201ePersonenbezogene Daten\u201c Informationen, die sich entweder auf identifizierte nat\u00fcrliche Personen oder identifizierbare nat\u00fcrliche Personen beziehen. Als \u201eidentifizierbar\u201c gelten Personen auch, wenn ihnen indirekt Merkmale zugeordnet werden k\u00f6nnen, etwa bei Standortdaten, IPs und Cookies.<\/p>\n\n\n\n<h2 class=\"wp-block-heading\">1. Verantwortlicher<\/h2>\n\n\n\n<p>Verantwortliche Stelle f\u00fcr die Erhebung, Verarbeitung und Nutzung Ihrer personenbezogenen Daten im Sinne der DSGVO ist:<\/p>\n\n\n\n<p>Name Verband<br>Datenschutzbeauftragte*r<br>Anschrift<\/p>\n\n\n\n<p>Sofern Sie der Erhebung, Verarbeitung oder Nutzung Ihrer Daten durch uns nach Ma\u00dfgabe dieser Datenschutzbestimmungen insgesamt oder f\u00fcr einzelne Ma\u00dfnahmen widersprechen wollen, k\u00f6nnen Sie Ihren Widerspruch an oben genannte verantwortliche Stelle richten.<\/p>\n\n\n\n<h2 class=\"wp-block-heading\">2. Datenverarbeitung allgemein<\/h2>\n\n\n\n<p>Arten der verarbeiteten Daten:<\/p>\n\n\n\n<ul class=\"wp-block-list\">\n<li>Nutzungsdaten<\/li>\n\n\n\n<li>Meta- \/ Kommunikationsdaten<\/li>\n\n\n\n<li>Ggf. Bestands- und Kontaktdaten (interaktive Funktionen, Webformulare &amp; Logins)<\/li>\n<\/ul>\n\n\n\n<p>Kategorien betroffener Personen<\/p>\n\n\n\n<ul class=\"wp-block-list\">\n<li>Besucher der Webseite (G\u00e4ste, ohne jegliches Login)<\/li>\n\n\n\n<li>Redakteure (Berechtigte des Webseitenbetreibers)<\/li>\n\n\n\n<li>Entwickler, System-Administratoren sowie Management &amp; Support des Webhosters<\/li>\n\n\n\n<li>Frontend-User (Login ausschlie\u00dflich f\u00fcr Seiten wie Interner Bereich, Petition, Forum\u2026)<\/li>\n<\/ul>\n\n\n\n<p>Zweck der Verarbeitung:<\/p>\n\n\n\n<ul class=\"wp-block-list\">\n<li>Betrieb der Webseite inkl. Grundfunktionen, erweiterte Funktionen und Inhalte<\/li>\n\n\n\n<li>Kommunikation mit Nutzern (Kontaktformulare, Kommentare\u2026.)<\/li>\n\n\n\n<li>Sicherheit des Systems<\/li>\n\n\n\n<li>Auswertung der Nutzerdaten ausschlie\u00dflich f\u00fcr die Optimierung dieser Webseite<\/li>\n<\/ul>\n\n\n\n<h2 class=\"wp-block-heading\">3. Rechtsgrundlage &amp; Auftragsverarbeiter<\/h2>\n\n\n\n<p>Die Rechtsgrundlage f\u00fcr die Datenverarbeitung ist Art. 6 DSGVO. Sofern wir im Rahmen unserer Verarbeitung Zugriff auf Daten gew\u00e4hren, erfolgt dies nur auf Grundlage einer gesetzlichen Erlaubnis, Sie eingewilligt haben, eine rechtliche Verpflichtung dies vorsieht oder auf Grundlage unserer berechtigten Interessen.<\/p>\n\n\n\n<p>Unser Anliegen im Sinne der DSGVO (berechtigtes Interesse DSGVO Art. 6 Abs. 1f) ist die Verbesserung unseres Angebotes und unseres Webauftritts.<\/p>\n\n\n\n<p>Wir haben unseren Webhoster nach Art. 28 DSGVO mit der Verarbeitung von Daten auf Grundlage eines sog. \u201eAuftragsverarbeitungsvertrages\u201c beauftragt. Die Erbringung der vertraglich vereinbarten Datenverarbeitung findet ausschlie\u00dflich in einem Mitgliedsstaat der Europ\u00e4ischen Union oder in einem anderen Vertragsstaat des Abkommens \u00fcber den Europ\u00e4ischen Wirtschaftsraum statt.<\/p>\n\n\n\n<h2 class=\"wp-block-heading\">4. Nutzerrechte<\/h2>\n\n\n\n<p>Sie haben das Recht nach Art. 15 DSGVO <strong>Auskunft<\/strong> dar\u00fcber zu verlangen, ob Sie betreffende personenbezogene Daten erhoben und verarbeitet wurden. Wir erteilen Ihnen jederzeit unentgeltlich Auskunft \u00fcber Ihre gespeicherten personenbezogenen Daten, deren Herkunft und Empf\u00e4nger und den Zweck der Datenverarbeitung.<\/p>\n\n\n\n<p>Sie haben das Recht nach Art. 16 DSGVO die Vervollst\u00e4ndigung oder <strong>Berichtigung<\/strong> Sie betreffender personenbezogener Daten zu verlangen.<\/p>\n\n\n\n<p>Sie haben das Recht nach Art. 17 DSGVO zu verlangen, dass Sie betreffende Daten <strong>gel\u00f6scht<\/strong> werden. Wir sind dann verpflichtet dem nachzukommen und die Daten unverz\u00fcglich zu l\u00f6schen.<\/p>\n\n\n\n<p>Sie haben das Recht nach Art. 20 DSGVO, dass wir Ihnen Sie betreffende Daten <strong>bereitstellen<\/strong> und in maschinenlesbarer Form zur \u00dcbermittlung an Dritte zukommen lassen.<\/p>\n\n\n\n<p>Hierzu sowie zu weiteren Fragen zum Thema personenbezogene Daten k\u00f6nnen Sie sich jederzeit an uns wenden.<\/p>\n\n\n\n<h2 class=\"wp-block-heading\">5. Verwendung von Cookies<\/h2>\n\n\n\n<p>Cookies sind kleine Textdateien, die Webserver oder Scripte in Webanwendungen auf Endger\u00e4ten (i.d.R. im Browser) ablegen. Sie k\u00f6nnen unterschiedliche Informationen speichern und helfen dem Server zu erkennen, ob Sie sich gerade auf einer Webseite befinden (Session) oder diese zuvor schon einmal besucht haben.<\/p>\n\n\n\n<p><strong>Tempor\u00e4re Cookies<\/strong> bestehen nur innerhalb einer Sitzung und werden in der Regel nachdem eine Seite verlassen und der Browser geschlossen wurde automatisch wieder gel\u00f6scht. Deswegen werden sie auch Session-Cookies oder Sitzungs-Cookies genannt. Teilweise sind sie aber auch noch nach dem Schlie\u00dfen eines Browsers kurzzeitig vorhanden, etwa um bei einem versehentlichen Schlie\u00dfen des Browsers Eingaben in einem Formular oder andere Informationen wiederherstellen zu k\u00f6nnen.<\/p>\n\n\n\n<p>Wir nutzen Session-Cookies f\u00fcr die Lastverteilung der Server, f\u00fcr das Caching der Webseite(n), um die Sicherheit unserer Anwendungen zu erh\u00f6hen sowie f\u00fcr die Funktionsf\u00e4higkeit einiger Anwendungen.<\/p>\n\n\n\n<p><strong>Permanente Cookies<\/strong> bleiben auch nach dem Schlie\u00dfen einer Session gespeichert und verfallen zu einem im Cookie gespeicherten End-Datum, das auch viele Jahre in der Zukunft liegen kann.<\/p>\n\n\n\n<p>Bei permanenten Cookies ist zu unterscheiden, ob sie durch unseren Webhoster erzeugt werden oder durch Dritte (sogenannte Third-Party-Cookies).<\/p>\n\n\n\n<p>So setzen wir beispielsweise ein Cookie, wenn die Cookie-Abfrage zur Kenntnis genommen wird. Denn ansonsten m\u00fcssten die LeserInnen diese Abfrage bei jedem Aufruf der Seite wieder best\u00e4tigen. Auch f\u00fcr interaktive Anwendungen k\u00f6nnen permanente Cookies sinnvoll oder notwendig sein, etwa wenn bei Online-Abstimmungen erschwert werden soll, dass NutzerInnen mehrfach abstimmen. S\u00e4mtliche permanenten Cookies die der Server dieser Webseite setzt, dienen der Funktionalit\u00e4t dieser Webseite.<\/p>\n\n\n\n<p>Anders sieht das bei Cookies von Dritten aus, den sogenannten <strong>Tracking-Cookies<\/strong>. Diese werden nicht durch den Server dieser Webseite erstellt, sondern durch andere Server bzw. Scripte im Rahmen von eingebetteten Anwendungen (siehe unten). Klassische Beispiele sind eingebettete Videos oder sogenannte Social Plugins zum Teilen und \u201eLiken\u201c von Inhalten. Diese Cookies k\u00f6nnen zur Nutzeranalyse und f\u00fcr Onlinewerbung genutzt werden. \u00dcber die Verwendung informieren die Datenschutzbestimmungen der jeweiligen Anbieter.<\/p>\n\n\n\n<p>Sie haben jedoch die M\u00f6glichkeit, Ihren Browser so einzustellen, dass er Sie davon in Kenntnis setzt, wenn Sie ein Cookie erhalten oder dass er s\u00e4mtliche Cookies bzw. nur die Cookies von Drittanbietern ablehnt.<\/p>\n\n\n\n<p>Neben den Browser-Einstellungen k\u00f6nnen auch Browser-Erweiterungen genutzt werden, die Werbeinhalte und Tracking-Dienste blockieren.<\/p>\n\n\n\n<h2 class=\"wp-block-heading\">6. Links zu anderen Websites<\/h2>\n\n\n\n<p>Sie finden auf unseren Seiten Links zu anderen Seiten im Internet. F\u00fcr alle diese Links und Banner gilt, dass wir keinerlei Einfluss auf die Gestaltung und die Inhalte der gelinkten Seiten haben. Deswegen \u00fcbernehmen wir auch keinerlei Verantwortung f\u00fcr Inhalt, Gestaltung und die Datenschutzbestimmungen dieser Seiten.<\/p>\n\n\n\n<h2 class=\"wp-block-heading\">7. Matomo (ehemals Piwik)<\/h2>\n\n\n\n<p>Diese Webseite benutzt zur Analyse der Aufrufe die Open Source Software \u201eMatomo\u201c (ehemals Piwik). Matomo dient der Webseitenoptimierung und wertet \u00fcber Cookies die Webseitenbesuche anonym aus.<\/p>\n\n\n\n<p>Die durch Matomo erhobenen Informationen werden nicht zur personenbezogenen Auswertung oder Profilbildung verwendet, liegen auf einem Server unseres Webhosters innerhalb der EU, werden nicht an Dritte weitergegeben und auch nicht mit anderen Daten zusammengef\u00fchrt.<\/p>\n\n\n\n<p>Matomo erfasst nachfolgende Informationen:<\/p>\n\n\n\n<ul class=\"wp-block-list\">\n<li>Datum und Uhrzeit von Seitenaufrufen inkl. m\u00f6glicher Downloads<\/li>\n\n\n\n<li>Verweildauer auf der Seite<\/li>\n\n\n\n<li>Zuvor besuchte Seite<\/li>\n\n\n\n<li>Informationen \u00fcber das Endger\u00e4t &amp; Aufl\u00f6sung<\/li>\n\n\n\n<li>Informationen \u00fcber das Betriebssystem des Endger\u00e4tes<\/li>\n\n\n\n<li>Informationen \u00fcber den verwendeten Browser<\/li>\n\n\n\n<li>Informationen zum Ort (Geolocation) die sich aus verschiedenen Informationen und der IP ableiten lassen<\/li>\n\n\n\n<li>Anonymisierte IPs<\/li>\n<\/ul>\n\n\n\n<p>Die IP-Adresse der Besucher wird vor der Speicherung anonymisiert, wof\u00fcr wir eine 2 bytes Maskierung benutzen (z.B. 192.168.xxx.xxx).<\/p>\n\n\n\n<p>Wir respektieren die Privatsph\u00e4re unserer Besucher und akzeptieren es, wenn Sie \u00fcber die Privacy-Einstellungen des Browsers oder Browser-Erweiterungen unsere Cookies nicht akzeptieren. Wir unternehmen keinerlei Versuche Ihren Browser und\/oder ihre Erweiterungen zu behindern und liefern die Webseite soweit wie m\u00f6glich funktionsf\u00e4hig aus.<\/p>\n\n\n\n<h2 class=\"wp-block-heading\">8. Nutzungsdaten &amp; Serverlogs<\/h2>\n\n\n\n<p>Unabh\u00e4ngig von den Daten die Matomo (ehemals Piwik) erfasst und verarbeitet erheben und speichern wir Nutzungsdaten in den Logs des Webservers. Erfasst werden Informationen wie<\/p>\n\n\n\n<ul class=\"wp-block-list\">\n<li>Besuchte Website<\/li>\n\n\n\n<li>Uhrzeit zum Zeitpunkt des Zugriffes<\/li>\n\n\n\n<li>Verwendete IP-Adresse<\/li>\n<\/ul>\n\n\n\n<p>Die Serverlogs speichern wir f\u00fcr 14 Tage, insbesondere um die Sicherheit des Systems gew\u00e4hrleisten zu k\u00f6nnen, etwa wenn der Webhoster bestimmte IPs bei Bot-Attacken sperren muss, aber auch um bei rechtswidrigem Verhalten die Option zu haben, IPs an Strafverfolgungsbeh\u00f6rden weiter geben zu k\u00f6nnen. Zugriff auf Serverlogs haben nur berechtigte Personen des Webhosters (Systemadministrator).<\/p>\n\n\n\n<h2 class=\"wp-block-heading\">9. Anwendungen<\/h2>\n\n\n\n<p>Im Folgenden informieren wir \u00fcber Erhebung und Speicherung personenbezogener Daten im Rahmen einzelner Anwendungen dieser Webseite.<\/p>\n\n\n\n<p><strong>Kontaktformular<\/strong><\/p>\n\n\n\n<p>Pers\u00f6nliche Daten, die Sie uns elektronisch \u00fcbermitteln, z.B. Ihren Namen, Postanschrift, E-Mail-Adresse oder andere pers\u00f6nlichen Angaben, werden von uns nur zum jeweils angegebenen Zweck verwendet, sicher verwahrt und nicht an Dritte weitergegeben. Wir werden Ihnen nur Informationen zuschicken, sofern Sie sich f\u00fcr entsprechende Dienste angemeldet haben.<\/p>\n\n\n\n<p>Bei der Speicherung auf dem Webserver werden die IPs anonymisiert (localhost 127.0.0.1) und nach Abschluss des Zweckes redaktionell gel\u00f6scht.<\/p>\n\n\n\n<p><strong>Newsletterdaten<\/strong><\/p>\n\n\n\n<p>Wenn Sie den auf der Webseite angebotenen Newsletter beziehen m\u00f6chten, ben\u00f6tigen wir von Ihnen eine E-Mail-Adresse sowie Informationen, welche uns die \u00dcberpr\u00fcfung gestatten, dass Sie der Inhaber der angegebenen E-Mail-Adresse sind und mit dem Empfang des Newsletters einverstanden sind. Weitere Daten werden nicht erhoben.<\/p>\n\n\n\n<p>Diese Daten verwenden wir ausschlie\u00dflich f\u00fcr den Versand der angeforderten Informationen und geben sie nicht an Dritte weiter. Die erteilte Ein<\/p>\n\n\n\n<p><\/p>\n","protected":false},"excerpt":{"rendered":"<p>Die nachfolgende Datenschutzerkl\u00e4rung gilt f\u00fcr die Nutzung der Webseite gruene-bergedorf.de (nachfolgend \u201eWebseite\u201c). Die Betreiber dieser Webseite nehmen den Schutz Ihrer pers\u00f6nlichen Daten sehr ernst. Wir behandeln Ihre personenbezogenen Daten vertraulich [&hellip;]<\/p>\n","protected":false},"author":1,"featured_media":0,"parent":0,"menu_order":0,"comment_status":"closed","ping_status":"closed","template":"","meta":{"footnotes":""},"class_list":["post-2272","page","type-page","status-publish","hentry"],"_links":{"self":[{"href":"https:\/\/gruene-bergedorf.de\/index.php\/wp-json\/wp\/v2\/pages\/2272","targetHints":{"allow":["GET"]}}],"collection":[{"href":"https:\/\/gruene-bergedorf.de\/index.php\/wp-json\/wp\/v2\/pages"}],"about":[{"href":"https:\/\/gruene-bergedorf.de\/index.php\/wp-json\/wp\/v2\/types\/page"}],"author":[{"embeddable":true,"href":"https:\/\/gruene-bergedorf.de\/index.php\/wp-json\/wp\/v2\/users\/1"}],"replies":[{"embeddable":true,"href":"https:\/\/gruene-bergedorf.de\/index.php\/wp-json\/wp\/v2\/comments?post=2272"}],"version-history":[{"count":2,"href":"https:\/\/gruene-bergedorf.de\/index.php\/wp-json\/wp\/v2\/pages\/2272\/revisions"}],"predecessor-version":[{"id":2276,"href":"https:\/\/gruene-bergedorf.de\/index.php\/wp-json\/wp\/v2\/pages\/2272\/revisions\/2276"}],"wp:attachment":[{"href":"https:\/\/gruene-bergedorf.de\/index.php\/wp-json\/wp\/v2\/media?parent=2272"}],"curies":[{"name":"wp","href":"https:\/\/api.w.org\/{rel}","templated":true}]}}