{"id":2210,"date":"2025-12-17T10:44:26","date_gmt":"2025-12-17T09:44:26","guid":{"rendered":"https:\/\/gruene-bergedorf.de\/?page_id=2210"},"modified":"2025-12-17T10:47:03","modified_gmt":"2025-12-17T09:47:03","slug":"gruen-donnerstag","status":"publish","type":"page","link":"https:\/\/gruene-bergedorf.de\/index.php\/partei\/themen\/gruen-donnerstag\/","title":{"rendered":"Gr\u00fcn*Donnerstag"},"content":{"rendered":"\n<h2 class=\"wp-block-heading\">Unser gr\u00fcn-internes Diskussionsformat<\/h2>\n\n\n\n<p>An jedem dritten Donnerstag im Monat laden wir zu unserem Mitgliederabend ein. Dass dieser den Namen &#8222;Gr\u00fcn*Donnerstag&#8220; tr\u00e4gt, war reiner Zufall, denn der erste Abend dieser Veranstaltungsreihe fand zuf\u00e4llig am Gr\u00fcndonnerstag 2025 statt. Seitdem laden wir uns in jedem Monat eine\/n Expert*n zu einem Thema ein, dass uns Gr\u00fcne Bergedorf interessiert und umtreibt. Der Input macht den Aufschlag f\u00fcr Fragen, die oft in eine lebhafte Diskussion m\u00fcnden. Dabei kommen wir (gern auch bei einem Glas Wein) mit den Expert*innen ins Gespr\u00e4ch, aber auch miteinander.&nbsp;<\/p>\n\n\n\n<h5 class=\"wp-block-heading\">R\u00fcckblick: Das waren unsere Themen 2025<\/h5>\n\n\n\n<p><strong>Erster Gr\u00fcn*Donnerstag am 17. April<\/strong>: <strong>&#8222;Wehrpflicht\/Wehrt\u00fcchtigkeit&#8220;<\/strong><br>Mit diesen G\u00e4sten: Denise Loop aus der Gr\u00fcnen Bundestagsfraktion. Sie ist Expertin f\u00fcr Freiwilligendienste\/Wehrplicht. Au\u00dferdem Sonja Lattwesen, die sich mit dem O-Plan\/Kriegst\u00fcchtigkeit besch\u00e4ftigt.<\/p>\n\n\n\n<p><strong>Gr\u00fcn*Donnerstag im Mai: &#8222;Zunahme von Hasskriminalit\u00e4t&#8220;<\/strong><br>Input gab Joachim H\u00e4fele. Er ist Professor f\u00fcr Kriminalwissenschaften an der Polizeiakademie Niedersachsen und arbeitet zu Themen wie gruppenbezogene Menschenfeindlichkeit und Vorurteilskriminalit\u00e4t, Rechtsextremismus.<\/p>\n\n\n\n<p>G<strong>r\u00fcn*Donnerstag im Juni: &#8222;Klimakrise &#8211; Wo stehen wir nach fast einem Jahrzehnt nach dem Pariser Abkommen?&#8220;&nbsp;<\/strong><br>Mit Prof. Hans Sch\u00e4fers vom Energiecampus der HAW.<\/p>\n\n\n\n<p><strong>Gr\u00fcn*Donnerstag im Juli: &#8222;K\u00fcnstliche Intelligenz &#8211; Chancen, Risiken, Regulierung&#8220;<\/strong> <br>Zu Gast: Wiebke Apitzsch, Gesch\u00e4ftsf\u00fchrerin der Beratungsfirma AI.IMPAC und Expertin f\u00fcr KI sowie Sergey Lagodinsky, Gr\u00fcner Europaabgeordneter und Spezialist f\u00fcr den AI Act der EU.<\/p>\n\n\n\n<p><strong>Gr\u00fcn*Donnerstag im Oktober: &#8222;(Extrem) rechte Einstellungen unter russlanddeutschen (Sp\u00e4t)Aussiedler:innen und die Frage, was die spezifische Geschichte dieser Gruppe mit der Hinwendung zu solchen Einstellungen zu tun hat&#8220; <\/strong><br>Zu Gast war eine Referentin von &#8222;Perspek\u2018tif:a, Kurswechsel \u2013 Ausstiegsarbeit Rechts&#8220;.<\/p>\n\n\n\n<p><strong>Gr\u00fcn*Donnerstag im Novemer:&nbsp;&#8222;Reformen gegen patriarchiale Gewalt (Gewaltschutzgesetz, Femizide, Familienrecht)&#8220;<br><\/strong>Mit Justizsenatorin&nbsp;Anna Gallina.&nbsp;<\/p>\n\n\n\n<p><strong>Gr\u00fcn*Donnerstag im Dezember: &#8222;Die&nbsp;neuesten Entwicklungen in Oberbillwerder&#8220;<\/strong><br>Mit Moritz Vahldiek, Projektmanager IBA Hamburg, Quartiersentwicklung Oberbillwerder.<\/p>\n\n\n\n<h5 class=\"wp-block-heading\">Ausblick: Das sind unsere (schon geplanten) Themen 2026<\/h5>\n\n\n\n<p><strong>15.01.2026 um 19 Uhr<\/strong><br>Wir freuen uns dieses Mal auf einen lebhaften Austausch zur <strong>Rentenreform<\/strong>. Daf\u00fcr wird uns die Gr\u00fcne Expertin aus dem Bundestag, <strong>Ricarda Lang,<\/strong> einen Input geben zur aktuellen Lage (digital). Anschlie\u00dfend werden Mitglieder der Gr\u00fcnen 60plus und der Gr\u00fcnen Jugend aus Bergedorf einen Aufschlag machen, um ins Gespr\u00e4ch zu kommen.<\/p>\n\n\n\n<p><strong>19.02.2026 um 19 Uhr<\/strong><br>Biodiversit\u00e4t ist das vielleicht wertvollste Gut unseres Planeten und doch ma\u00dflos untersch\u00e4tzt: Die <strong>biologische Vielfalt<\/strong> bedeutet mehr als nur ein Reichtum an Arten. Warum wir sie dringend vor dem Kollaps bewahren m\u00fcssen. Zu Gast: <strong>Malte Siegert<\/strong>, 1. Vorsitzender vom <strong>NABU Hamburg<\/strong> und <strong>Gustav K\u00f6nig<\/strong> vom NABU Hamburg-Bergedorf<\/p>\n","protected":false},"excerpt":{"rendered":"<p>Unser gr\u00fcn-internes Diskussionsformat An jedem dritten Donnerstag im Monat laden wir zu unserem Mitgliederabend ein. Dass dieser den Namen &#8222;Gr\u00fcn*Donnerstag&#8220; tr\u00e4gt, war reiner Zufall, denn der erste Abend dieser Veranstaltungsreihe [&hellip;]<\/p>\n","protected":false},"author":7,"featured_media":0,"parent":2118,"menu_order":0,"comment_status":"closed","ping_status":"closed","template":"","meta":{"footnotes":""},"class_list":["post-2210","page","type-page","status-publish","hentry"],"_links":{"self":[{"href":"https:\/\/gruene-bergedorf.de\/index.php\/wp-json\/wp\/v2\/pages\/2210","targetHints":{"allow":["GET"]}}],"collection":[{"href":"https:\/\/gruene-bergedorf.de\/index.php\/wp-json\/wp\/v2\/pages"}],"about":[{"href":"https:\/\/gruene-bergedorf.de\/index.php\/wp-json\/wp\/v2\/types\/page"}],"author":[{"embeddable":true,"href":"https:\/\/gruene-bergedorf.de\/index.php\/wp-json\/wp\/v2\/users\/7"}],"replies":[{"embeddable":true,"href":"https:\/\/gruene-bergedorf.de\/index.php\/wp-json\/wp\/v2\/comments?post=2210"}],"version-history":[{"count":3,"href":"https:\/\/gruene-bergedorf.de\/index.php\/wp-json\/wp\/v2\/pages\/2210\/revisions"}],"predecessor-version":[{"id":2215,"href":"https:\/\/gruene-bergedorf.de\/index.php\/wp-json\/wp\/v2\/pages\/2210\/revisions\/2215"}],"up":[{"embeddable":true,"href":"https:\/\/gruene-bergedorf.de\/index.php\/wp-json\/wp\/v2\/pages\/2118"}],"wp:attachment":[{"href":"https:\/\/gruene-bergedorf.de\/index.php\/wp-json\/wp\/v2\/media?parent=2210"}],"curies":[{"name":"wp","href":"https:\/\/api.w.org\/{rel}","templated":true}]}}