{"id":2019,"date":"2025-11-25T23:15:53","date_gmt":"2025-11-25T22:15:53","guid":{"rendered":"https:\/\/gruene-bergedorf.de\/?page_id=2019"},"modified":"2025-11-25T23:15:53","modified_gmt":"2025-11-25T22:15:53","slug":"afd-verbotsverfahrens","status":"publish","type":"page","link":"https:\/\/gruene-bergedorf.de\/index.php\/partei\/beschluesse\/afd-verbotsverfahrens\/","title":{"rendered":"Unterst\u00fctzung eines AfD-Verbotsverfahrens"},"content":{"rendered":"\n<h2 class=\"wp-block-heading\">Sachverhalt<\/h2>\n\n\n\n<p>Demokratie braucht wehrhafte Verteidigung<br>Die AfD ist vom Bundesamt f\u00fcr Verfassungsschutz als gesichert rechtsextremistische Bestrebung eingestuft<br>worden. Sie verfolgt ein Weltbild, das auf Ausgrenzung, autorit\u00e4ren Strukturen und einem v\u00f6lkisch-<br>nationalistischen Verst\u00e4ndnis basiert \u2013 und damit im klaren Widerspruch zu unserer Verfassung steht.<br>Ein Parteiverbot ist kein leichtfertiges Mittel. Es ist das letzte Instrument einer wehrhaften Demokratie, die<br>aus der Geschichte gelernt hat. Die Weimarer Republik ist auch daran gescheitert, dass sie ihre Feinde nicht<br>rechtzeitig gestoppt hat. Heute haben wir die Pflicht, unsere Verfassung zu sch\u00fctzen \u2013 nicht nur mit Worten,<br>sondern mit Taten.<br>Ein Verbotsverfahren gegen die AfD ist kein Angriff auf die Meinungsfreiheit, sondern ein<br>Schutzmechanismus gegen Verfassungsfeind*innen. Es geht nicht um politische Auseinandersetzung,<br>sondern um die Verteidigung unserer Grundwerte: Menschenw\u00fcrde, Gleichheit, Rechtsstaatlichkeit und<br>Demokratie.<br>Wir stehen ein f\u00fcr ein Deutschland, das offen, vielf\u00e4ltig und gerecht ist. Und wir sagen klar: Wer diese Werte<br>mit F\u00fc\u00dfen tritt, darf nicht l\u00e4nger von ihnen profitieren.<br>Wir stehen an einem entscheidenden Punkt.<br>Als demokratische Partei tragen wir eine besondere Verantwortung: Wir d\u00fcrfen nicht zulassen, dass unsere<br>freiheitlich-demokratische Grundordnung von innen heraus untergraben wird. Ein Verbotsverfahren gegen<br>die AfD ist kein Zeichen von Schw\u00e4che, sondern ein Akt der wehrhaften Demokratie. Es ist ein klares Signal:<br>Wer unsere Grundwerte ablehnt, kann sich nicht l\u00e4nger auf sie berufen.<br>Wir wissen: Ein Parteiverbot ist ein schwerwiegender Schritt. Aber wenn eine Partei systematisch gegen die<br>Menschenw\u00fcrde, gegen Gleichheit und gegen die Prinzipien des Rechtsstaats arbeitet, dann ist es unsere<br>Pflicht, zu handeln \u2013 nicht aus parteitaktischem Kalk\u00fcl, sondern aus staatspolitischer Verantwortung.<br>Wir stehen f\u00fcr ein Deutschland, das auf Respekt, Vielfalt und Zusammenhalt baut. Und wir sagen mit<br>\u00dcberzeugung: Unsere Demokratie ist stark \u2013 aber sie muss sich auch sch\u00fctzen d\u00fcrfen. Lasst uns<br>gemeinsam daf\u00fcr einstehen. Es ist kaum zu ertragen, dass es bisher im Bundestag zu keiner Mehrheit f\u00fcr<br>ein entsprechendes Verfahren gekommen ist und der Kanzler sich weiterhin nur z\u00f6gerlich positioniert. Daher<br>begr\u00fc\u00dfen wir den Vorstoss der Bremer Landesregierung, das Verfahren \u00fcber den Bundesrat ebenso zu<br>verfolgen.<\/p>\n\n\n\n<h2 class=\"wp-block-heading\">Beschluss<\/h2>\n\n\n\n<p>Die Kreismitgliederversammlung m\u00f6ge beschlie\u00dfen:<br>1) B\u00dcNDNIS 90\/DIE GR\u00dcNEN KV Bergedorf bekennen sich zur wehrhaften Demokratie und stellen sich<br>entschlossen gegen rechtsextreme, demokratiefeindliche und menschenverachtende Strukturen.<br>2) Wir fordern daher eine sorgf\u00e4ltige, rechtlich fundierte Pr\u00fcfung der Voraussetzungen zur Einleitung eines<br>Verbotsverfahrens gegen die sogenannte \u201eAlternative f\u00fcr Deutschland\u201c (AfD) durch die zust\u00e4ndigen<br>Verfassungsorgane.<br>3) Wir fordern unsere Gr\u00fcnen Vertreter*innen in der Landesregierung auf, sich daf\u00fcr einzusetzen, dass der<br>Bremer Vorschlag f\u00fcr ein Verfahren des Bundesrates durch die Stimme Hamburgs unterst\u00fctzt wird. Diesen<br>Beschluss m\u00f6chten die Gr\u00fcnen Bergedorf durch einen Antrag auf auf der kommenden<br>Landesmitgliederversammlung bekr\u00e4ftigen.<\/p>\n\n\n\n<p>Dieser Antrag wurde von der Landesmitgliederversammlung am 12. Juli angenommen: <a href=\"https:\/\/beschluss.gruene-hamburg.de\/2025\/07\/12\/afd-verbotsverfahren-unterstuetzen\/\">https:\/\/beschluss.gruene-hamburg.de\/2025\/07\/12\/afd-verbotsverfahren-unterstuetzen\/<\/a><\/p>\n","protected":false},"excerpt":{"rendered":"<p>Sachverhalt Demokratie braucht wehrhafte VerteidigungDie AfD ist vom Bundesamt f\u00fcr Verfassungsschutz als gesichert rechtsextremistische Bestrebung eingestuftworden. Sie verfolgt ein Weltbild, das auf Ausgrenzung, autorit\u00e4ren Strukturen und einem v\u00f6lkisch-nationalistischen Verst\u00e4ndnis basiert [&hellip;]<\/p>\n","protected":false},"author":7,"featured_media":0,"parent":1999,"menu_order":0,"comment_status":"closed","ping_status":"closed","template":"","meta":{"footnotes":""},"class_list":["post-2019","page","type-page","status-publish","hentry"],"_links":{"self":[{"href":"https:\/\/gruene-bergedorf.de\/index.php\/wp-json\/wp\/v2\/pages\/2019","targetHints":{"allow":["GET"]}}],"collection":[{"href":"https:\/\/gruene-bergedorf.de\/index.php\/wp-json\/wp\/v2\/pages"}],"about":[{"href":"https:\/\/gruene-bergedorf.de\/index.php\/wp-json\/wp\/v2\/types\/page"}],"author":[{"embeddable":true,"href":"https:\/\/gruene-bergedorf.de\/index.php\/wp-json\/wp\/v2\/users\/7"}],"replies":[{"embeddable":true,"href":"https:\/\/gruene-bergedorf.de\/index.php\/wp-json\/wp\/v2\/comments?post=2019"}],"version-history":[{"count":1,"href":"https:\/\/gruene-bergedorf.de\/index.php\/wp-json\/wp\/v2\/pages\/2019\/revisions"}],"predecessor-version":[{"id":2020,"href":"https:\/\/gruene-bergedorf.de\/index.php\/wp-json\/wp\/v2\/pages\/2019\/revisions\/2020"}],"up":[{"embeddable":true,"href":"https:\/\/gruene-bergedorf.de\/index.php\/wp-json\/wp\/v2\/pages\/1999"}],"wp:attachment":[{"href":"https:\/\/gruene-bergedorf.de\/index.php\/wp-json\/wp\/v2\/media?parent=2019"}],"curies":[{"name":"wp","href":"https:\/\/api.w.org\/{rel}","templated":true}]}}