{"id":2013,"date":"2025-11-25T23:09:41","date_gmt":"2025-11-25T22:09:41","guid":{"rendered":"https:\/\/gruene-bergedorf.de\/?page_id=2013"},"modified":"2025-11-25T23:09:41","modified_gmt":"2025-11-25T22:09:41","slug":"zukunftsentscheid","status":"publish","type":"page","link":"https:\/\/gruene-bergedorf.de\/index.php\/partei\/beschluesse\/zukunftsentscheid\/","title":{"rendered":"Unterst\u00fctzung des Hamburger Zukunftsentscheids"},"content":{"rendered":"\n<h2 class=\"wp-block-heading\">Sachverhalt<\/h2>\n\n\n\n<p>Jedes Jahr der letzten 10 Jahre war eines der 10 weltweit w\u00e4rmsten Jahre seit Beginn der Aufzeichnungen*.<br>2024 wurde zudem das erste Mal die 1,5 Grad Grenze \u00fcberschritten**. Die Klimakrise rollt auf uns zu,<br>w\u00e4hrend aktuell weder in der Berichterstattung noch in den TV-Duellen die dringenden Fragen zur<br>Klimapolitik abgebildet werden, wird oft im direkten Gespr\u00e4ch und vor allem durch den bisherigen Erfolg des<br>Hamburger Zukunftsentscheids deutlich, dass viele Menschen sehr wohl unsere gro\u00dfen Sorgen teilen.<br>Hamburg kann und wird einen Unterschied machen, denn wir haben schon viel geschafft beim Klimaschutz.<br>Auch in Zukunft werden wir weiter gro\u00dfe Schritte gehen, um unser Hamburg bis 2040 zu einer<br>klimaneutralen Metropole zu machen. Wir GR\u00dcNE sind im Bund und in Hamburg der entscheidende Part zur<br>Umsetzung wichtiger Klimaschutzprojekte: Wir haben den Ausbau der erneuerbaren Energien und der<br>Stromnetze massiv beschleunigt, wir haben die klimaneutrale Modernisierung der Industrie angeschoben,<br>wir haben die W\u00e4rmewende eingeleitet. W\u00e4hrend beim Thema \u201eVerkehr\u201d im Bund noch viel zu wenig<br>passiert, setzen wir hier bei uns in Hamburg die Mobilit\u00e4tswende um. Als zweitgr\u00f6\u00dfte Stadt in der<br>drittgr\u00f6\u00dften Volkswirtschaft weltweit gehen wir als Vorbild im Kampf gegen die Klimakrise voran und lassen<br>uns nicht abspeisen mit dem Fingerzeig auf andere Regionen der Welt. Damit die Menschen auch in Zukunft<br>sicher und in Freiheit leben k\u00f6nnen, sch\u00fctzen wir das Klima. Denn schon heute bekommen wir auch in<br>Hamburg die Folgen der globalen Erderhitzung zu sp\u00fcren: steigende Temperaturen und zunehmende<br>Trockenheit sowie immer h\u00e4ufiger Starkregen und andere Extremwetter.<br>Im Rahmen der M\u00f6glichkeiten der Koalition sind jedoch auch Gr\u00fcne Ziele nicht vollst\u00e4ndig umgesetzt<br>worden. Deutlich wird das beispielsweise daran, dass die Handelskammer sich an der OECD-Studie<br>orientierte, die die CO2-Neutralit\u00e4t f\u00fcr 2040 vorsieht***, w\u00e4hrend es mit dem sozialdemokratischen<br>Koalitionspartner nicht m\u00f6glich war von 2045 abzuweichen. Daher haben wir auf der<br>Landesmitgliederversammlung am 27.04.2024 bereits einstimmig beschlossen, das Volksbegehren<br>\u201eHamburger Zukunftsentscheid\u201c zu unterst\u00fctzen und dies auch in unser Wahlprogramm aufgenommen. Das<br>B\u00fcndnis, bestehend aus Fridays for Future, Gewerkschaften, Naturschutzverb\u00e4nden und weiteren<br>Vertreter*innen unserer Stadtgesellschaft wurde seitdem von unserer Partei an verschiedenen Stellen<br>unterst\u00fctzt. Ihr Ziel ist es, den Senat auf einen sozialgerechten, wissenschaftsbasierten und wirtschaftlich<br>ausgewogenen Klimaschutz in Hamburg zu verpflichten und der Hamburger Klimapolitik einen verl\u00e4sslichen<br>Rahmen zu geben. Kernpunkte des Vorschlags sind die gesetzlich verpflichtende Sozialvertr\u00e4glichkeit von<br>Klimaschutzma\u00dfnahmen sowie ein j\u00e4hrliches Maximalbudget f\u00fcr CO -Emissionen bis zur Klimaneutralit\u00e4t\u2082<br>2040.<br>Die Initiative hatte seitdem gro\u00dfe Erfolge zu vermelden. Am Ende des Volksbegehrens, dem zweiten Schritt<br>der Initiative vor dem Volksentscheid, im Oktober 2024, stand ein fulminantes Ergebnis: 65.835<br>Unterschriften waren erforderlich, 106.374 wurden abgegeben. Das sind \u00fcber 8% der Hamburger<br>W\u00e4hlerschaft. Damit wurden sie eines der erfolgreichsten Volksbegehren der letzten 10 Jahre und ebnete<br>den Weg zu einem Volksentscheid, der in diesem Jahr noch stattfinden soll.<br>Ein entsprechender Antrag wird von uns zur Landesmitgliederversammlung am 12. Juli 2025 eingebracht.<br>Hier gibt es weitergehende Informationen zu der Initiative: <a href=\"https:\/\/zukunftsentscheid-hamburg.de\">https:\/\/zukunftsentscheid-hamburg.de<\/a><br>*<a href=\"https:\/\/climate.nasa.gov\/vital-signs\/global-temperature\/?intent=121\">https:\/\/climate.nasa.gov\/vital-signs\/global-temperature\/?intent=121<\/a><br>** <a href=\"https:\/\/www.tagesschau.de\/wissen\/klima\/copernicus-bericht-2024-100.html\">https:\/\/www.tagesschau.de\/wissen\/klima\/copernicus-bericht-2024-100.html<\/a><br>***<a href=\"https:\/\/www.ihk.de\/hamburg\/produktmarken\/beratung-service\/klimaneutralitaet-mitgliederdialog\/studie-oecd-6005528\">https:\/\/www.ihk.de\/hamburg\/produktmarken\/beratung-service\/klimaneutralitaet-mitgliederdialog\/studie-oecd-6005528<\/a><\/p>\n\n\n\n<h2 class=\"wp-block-heading\">Beschluss<\/h2>\n\n\n\n<p>Die Kreismitgliederversammlung m\u00f6ge beschlie\u00dfen:<br>1) Als B\u00dcNDNIS 90\/DIE GR\u00dcNEN KV Bergedorf bekennen wir uns ausdr\u00fccklich zu den Zielen und<br>Forderungen des Hamburger Zukunftsentscheids.<br>2) Wir teilen die \u00dcberzeugung, dass Hamburg deutlich entschlossener und verbindlicher beim Klimaschutz<br>handeln muss, um seiner Verantwortung f\u00fcr kommende Generationen gerecht zu werden.<br>3) Wir fordern die GR\u00dcNEN Vertreter*innen in verantwortlichen Positionen auf Landesebene auf, sich zu den<br>Zielen des Zukunftsentscheids zu bekennen, seine Forderungen aktiv zu unterst\u00fctzen und sich mit<br>Nachdruck f\u00fcr einen erfolgreichen Volksentscheid am 12. Oktober 2025 einzusetzen.<\/p>\n\n\n\n<p>Dieser Antrag wurde von der Landesmitgliederversammlung am 12. Juli angenommen: <a href=\"https:\/\/beschluss.gruene-hamburg.de\/2025\/07\/12\/hamburger-zukunftsentscheid-entschlossen-unterstuetzen\/\">https:\/\/beschluss.gruene-hamburg.de\/2025\/07\/12\/hamburger-zukunftsentscheid-entschlossen-unterstuetzen\/<\/a><\/p>\n","protected":false},"excerpt":{"rendered":"<p>Sachverhalt Jedes Jahr der letzten 10 Jahre war eines der 10 weltweit w\u00e4rmsten Jahre seit Beginn der Aufzeichnungen*.2024 wurde zudem das erste Mal die 1,5 Grad Grenze \u00fcberschritten**. Die Klimakrise [&hellip;]<\/p>\n","protected":false},"author":7,"featured_media":0,"parent":1999,"menu_order":0,"comment_status":"closed","ping_status":"closed","template":"","meta":{"footnotes":""},"class_list":["post-2013","page","type-page","status-publish","hentry"],"_links":{"self":[{"href":"https:\/\/gruene-bergedorf.de\/index.php\/wp-json\/wp\/v2\/pages\/2013","targetHints":{"allow":["GET"]}}],"collection":[{"href":"https:\/\/gruene-bergedorf.de\/index.php\/wp-json\/wp\/v2\/pages"}],"about":[{"href":"https:\/\/gruene-bergedorf.de\/index.php\/wp-json\/wp\/v2\/types\/page"}],"author":[{"embeddable":true,"href":"https:\/\/gruene-bergedorf.de\/index.php\/wp-json\/wp\/v2\/users\/7"}],"replies":[{"embeddable":true,"href":"https:\/\/gruene-bergedorf.de\/index.php\/wp-json\/wp\/v2\/comments?post=2013"}],"version-history":[{"count":1,"href":"https:\/\/gruene-bergedorf.de\/index.php\/wp-json\/wp\/v2\/pages\/2013\/revisions"}],"predecessor-version":[{"id":2014,"href":"https:\/\/gruene-bergedorf.de\/index.php\/wp-json\/wp\/v2\/pages\/2013\/revisions\/2014"}],"up":[{"embeddable":true,"href":"https:\/\/gruene-bergedorf.de\/index.php\/wp-json\/wp\/v2\/pages\/1999"}],"wp:attachment":[{"href":"https:\/\/gruene-bergedorf.de\/index.php\/wp-json\/wp\/v2\/media?parent=2013"}],"curies":[{"name":"wp","href":"https:\/\/api.w.org\/{rel}","templated":true}]}}