{"id":1999,"date":"2025-11-25T23:08:53","date_gmt":"2025-11-25T22:08:53","guid":{"rendered":"https:\/\/gruene-bergedorf.de\/?page_id=1999"},"modified":"2025-11-25T23:08:53","modified_gmt":"2025-11-25T22:08:53","slug":"beschluesse","status":"publish","type":"page","link":"https:\/\/gruene-bergedorf.de\/index.php\/partei\/beschluesse\/","title":{"rendered":"Beschl\u00fcsse"},"content":{"rendered":"<p>Hier findest Du Beschl\u00fcsse, die auf den Mitgliederversammlungen unseres Kreisverbandes eingereicht wurden.<\/p>\n<p>Angenommene Beschl\u00fcsse beeinflussen ma\u00dfgeblich die Schwerpunkte und die offizielle Stellung zu bestimmten Themen. Durch das Einreichen eines Beschlusses kannst also auch Du deine Herzensthemen einbringen. Setz&#8216; Dich gerne mit dem <a href=\"https:\/\/gruene-bergedorf.de\/index.php\/vorstand\/\">Vorstand in Verbindung<\/a>, falls du einen Beschluss einbringen m\u00f6chtest!<\/p>\n<p>\u00a0<\/p>\n\n\n<table id=\"tablepress-5\" class=\"tablepress tablepress-id-5\">\n<thead>\n<tr class=\"row-1\">\n\t<th class=\"column-1\">Datum<\/th><th class=\"column-2\">Titel<\/th><th class=\"column-3\">Status<\/th>\n<\/tr>\n<\/thead>\n<tbody class=\"row-striping row-hover\">\n<tr class=\"row-2\">\n\t<td class=\"column-1\">19.03.2026<\/td><td class=\"column-2\"><a href=\"https:\/\/gruene-bergedorf.de\/index.php\/partei\/beschluesse\/nachhaltige-und-transparente-entwicklung-der-billwerder-bucht\/\">Nachhaltige und transparente Entwicklung der Billwerder Bucht<\/a><\/td><td class=\"column-3\"><strong>angenommen<\/strong><\/td>\n<\/tr>\n<tr class=\"row-3\">\n\t<td class=\"column-1\">19.03.2026<\/td><td class=\"column-2\"><a href=\"https:\/\/gruene-bergedorf.de\/index.php\/partei\/beschluesse\/bestand-von-nutrias-tiergerecht-reduzieren\/\">Bestand von Nutrias tiergerecht reduzieren!<\/a><\/td><td class=\"column-3\"><strong>angenommen<\/strong><\/td>\n<\/tr>\n<tr class=\"row-4\">\n\t<td class=\"column-1\">19.03.2026<\/td><td class=\"column-2\"><a href=\"https:\/\/gruene-bergedorf.de\/index.php\/partei\/beschluesse\/klimaneutralitaet-2040-wirksam-sozial-gerecht-und-demokratisch-tragfaehig\/\">Klimaneutralit\u00e4t 2040: Wirksam, sozial gerecht und demokratisch tragf\u00e4hig<\/a><\/td><td class=\"column-3\"><strong>angenommen<\/strong><\/td>\n<\/tr>\n<tr class=\"row-5\">\n\t<td class=\"column-1\">16.09.2025<\/td><td class=\"column-2\"><a href=\"https:\/\/gruene-bergedorf.de\/index.php\/partei\/beschluesse\/hamburger-nahverkehr\/\">Mehr Geld f\u00fcr mehr Angebot im Hamburger Nahverkehr<\/a><\/td><td class=\"column-3\"><strong>angenommen<\/strong><\/td>\n<\/tr>\n<tr class=\"row-6\">\n\t<td class=\"column-1\">03.06.2025<\/td><td class=\"column-2\"><a href=\"https:\/\/gruene-bergedorf.de\/index.php\/partei\/beschluesse\/zukunftsentscheid\/\">Unterst\u00fctzung des Hamburger Zukunftsentscheids<\/a><\/td><td class=\"column-3\"><strong>angenommen<\/strong><\/td>\n<\/tr>\n<tr class=\"row-7\">\n\t<td class=\"column-1\">03.06.2025<\/td><td class=\"column-2\"><a href=\"https:\/\/gruene-bergedorf.de\/index.php\/partei\/beschluesse\/verpackungssteuer\/\">Einf\u00fchrung einer Verpackungssteuer<\/a><\/td><td class=\"column-3\"><strong>angenommen<\/strong><\/td>\n<\/tr>\n<tr class=\"row-8\">\n\t<td class=\"column-1\">03.06.2025<\/td><td class=\"column-2\"><a href=\"https:\/\/gruene-bergedorf.de\/index.php\/partei\/beschluesse\/afd-verbotsverfahrens\/\">Unterst\u00fctzung eines AfD-Verbotsverfahrens<\/a><\/td><td class=\"column-3\"><strong>angenommen<\/strong><\/td>\n<\/tr>\n<tr class=\"row-9\">\n\t<td class=\"column-1\">01.01.2024<\/td><td class=\"column-2\"><a href=\"https:\/\/gruene-bergedorf.de\/index.php\/partei\/themen\/wahlprogramm\/\">Wahlprogramm zur Bezirksversammlung 2024<\/a><\/td><td class=\"column-3\"><strong>angenommen<\/strong><\/td>\n<\/tr>\n<\/tbody>\n<\/table>\n<!-- #tablepress-5 from cache -->","protected":false},"excerpt":{"rendered":"<p>Hier findest Du Beschl\u00fcsse, die auf den Mitgliederversammlungen unseres Kreisverbandes eingereicht wurden. Angenommene Beschl\u00fcsse beeinflussen ma\u00dfgeblich die Schwerpunkte und die offizielle Stellung zu bestimmten Themen. Durch das Einreichen eines Beschlusses [&hellip;]<\/p>\n","protected":false},"author":7,"featured_media":0,"parent":78,"menu_order":0,"comment_status":"closed","ping_status":"closed","template":"","meta":{"footnotes":""},"class_list":["post-1999","page","type-page","status-publish","hentry"],"_links":{"self":[{"href":"https:\/\/gruene-bergedorf.de\/index.php\/wp-json\/wp\/v2\/pages\/1999","targetHints":{"allow":["GET"]}}],"collection":[{"href":"https:\/\/gruene-bergedorf.de\/index.php\/wp-json\/wp\/v2\/pages"}],"about":[{"href":"https:\/\/gruene-bergedorf.de\/index.php\/wp-json\/wp\/v2\/types\/page"}],"author":[{"embeddable":true,"href":"https:\/\/gruene-bergedorf.de\/index.php\/wp-json\/wp\/v2\/users\/7"}],"replies":[{"embeddable":true,"href":"https:\/\/gruene-bergedorf.de\/index.php\/wp-json\/wp\/v2\/comments?post=1999"}],"version-history":[{"count":12,"href":"https:\/\/gruene-bergedorf.de\/index.php\/wp-json\/wp\/v2\/pages\/1999\/revisions"}],"predecessor-version":[{"id":2015,"href":"https:\/\/gruene-bergedorf.de\/index.php\/wp-json\/wp\/v2\/pages\/1999\/revisions\/2015"}],"up":[{"embeddable":true,"href":"https:\/\/gruene-bergedorf.de\/index.php\/wp-json\/wp\/v2\/pages\/78"}],"wp:attachment":[{"href":"https:\/\/gruene-bergedorf.de\/index.php\/wp-json\/wp\/v2\/media?parent=1999"}],"curies":[{"name":"wp","href":"https:\/\/api.w.org\/{rel}","templated":true}]}}