{"id":1851,"date":"2025-10-20T11:59:49","date_gmt":"2025-10-20T09:59:49","guid":{"rendered":"https:\/\/gruene-bergedorf.de\/?page_id=1851"},"modified":"2026-01-28T10:05:47","modified_gmt":"2026-01-28T09:05:47","slug":"hamburgische-buergerschaft","status":"publish","type":"page","link":"https:\/\/gruene-bergedorf.de\/index.php\/hamburgische-buergerschaft\/","title":{"rendered":"Hamburgische B\u00fcrgerschaft"},"content":{"rendered":"\n<p>Die Hamburgische B\u00fcrgerschaft ist das Parlament der Freien und Hansestadt Hamburg. Sie ist die gew\u00e4hlte Vertretung der Menschen in unserer Stadt und tagt aktuell in der 23. Wahlperiode. Ihre Mitglieder werden alle f\u00fcnf Jahre gew\u00e4hlt und vertreten die Wahlkreise, darunter Bergedorf.<\/p>\n\n\n\n<p>Ihre Aufgaben: Gesetze f\u00fcr Hamburg beschlie\u00dfen, die Erste B\u00fcrgermeister*in w\u00e4hlen, den Senat kontrollieren, den Haushalt festlegen und die Arbeit der Beh\u00f6rden in Aussch\u00fcssen begleiten. In \u00f6ffentlichen Sitzungen wird beraten und entschieden, was Hamburg bewegt.<\/p>\n\n\n\n<p>Mitmachen ist m\u00f6glich. B\u00fcrger*innen k\u00f6nnen Abgeordnete ansprechen, Petitionen einreichen, an Anh\u00f6rungen teilnehmen und \u00fcber Volksinitiative, Volksbegehren und Volksentscheid politische Weichen stellen. Wir GR\u00dcNE Bergedorf bringen die Anliegen unseres Wahlkreises in die B\u00fcrgerschaft ein.<\/p>\n\n\n\n<div class=\"wp-block-buttons is-layout-flex wp-block-buttons-is-layout-flex\">\n<div class=\"wp-block-button\"><a class=\"wp-block-button__link wp-element-button\" href=\"https:\/\/www.hamburgische-buergerschaft.de\/\">Hamburgische B\u00fcrgerschaft<\/a><\/div>\n<\/div>\n\n\n\n<div style=\"height:100px\" aria-hidden=\"true\" class=\"wp-block-spacer\"><\/div>\n\n\n\n<h1 class=\"wp-block-heading\">Abgeordnete <\/h1>\n\n\n\n<div class=\"wp-block-columns is-layout-flex wp-container-core-columns-is-layout-9d6595d7 wp-block-columns-is-layout-flex\">\n<div class=\"wp-block-column mb-md-4 is-layout-flow wp-block-column-is-layout-flow\">\n<div class=\"wp-block-columns is-layout-flex wp-container-core-columns-is-layout-9d6595d7 wp-block-columns-is-layout-flex\">\n<div class=\"wp-block-column is-layout-flow wp-block-column-is-layout-flow\">\n<div class=\"wp-block-media-text alignwide is-stacked-on-mobile person has-shadow\"><figure class=\"wp-block-media-text__media\"><img fetchpriority=\"high\" decoding=\"async\" width=\"1024\" height=\"683\" src=\"https:\/\/gruene-bergedorf.de\/wp-content\/uploads\/2025\/07\/DSC04784-1024x683.jpg\" alt=\"\" class=\"wp-image-1065 size-full\" srcset=\"https:\/\/gruene-bergedorf.de\/wp-content\/uploads\/2025\/07\/DSC04784-1024x683.jpg 1024w, https:\/\/gruene-bergedorf.de\/wp-content\/uploads\/2025\/07\/DSC04784-300x200.jpg 300w, https:\/\/gruene-bergedorf.de\/wp-content\/uploads\/2025\/07\/DSC04784-768x512.jpg 768w, https:\/\/gruene-bergedorf.de\/wp-content\/uploads\/2025\/07\/DSC04784-1536x1025.jpg 1536w, https:\/\/gruene-bergedorf.de\/wp-content\/uploads\/2025\/07\/DSC04784.jpg 2000w\" sizes=\"(max-width: 1024px) 100vw, 1024px\" \/><\/figure><div class=\"wp-block-media-text__content\">\n<p class=\"person-name\">Jenny Jasberg<\/p>\n\n\n\n<p class=\"person-description\">Sprecherin f\u00fcr Erinnerungskultur und die Metropolregion Hamburg<\/p>\n\n\n\n<p class=\"person-mail no-link\">\ud83d\udce7 <a href=\"#\" data-unscramble=\"ed.grubmah-noitkarf-eneurg@grebsaj.refinnej\">jennifer.jasberg@gruene-fraktion-hamburg.de<\/a><\/p>\n\n\n\n<div class=\"wp-block-group d-flex p-0 is-layout-flow wp-block-group-is-layout-flow\">\n<div class=\"wp-block-sunflower-meta-data\"><a href=\"https:\/\/www.instagram.com\/jenny_jasberg\/\" target=\"_blank\" rel=\"noopener noreferrer\"><i class=\"fab fa-instagram\"><\/i><\/a><\/div>\n\n\n\n<div class=\"wp-block-sunflower-meta-data\"><a href=\"https:\/\/www.youtube.com\/channel\/UCznD5Jv_vPcmPulzbnw2Bdg\" target=\"_blank\" rel=\"noopener noreferrer\"><i class=\"fab fa-youtube\"><\/i><\/a><\/div>\n\n\n\n<div class=\"wp-block-sunflower-meta-data\"><a href=\"https:\/\/gruene.social\/@Jenny\" target=\"_blank\" rel=\"noopener noreferrer\"><i class=\"fab fa-mastodon\"><\/i><\/a><\/div>\n\n\n\n<div class=\"wp-block-sunflower-meta-data\"><a href=\"https:\/\/bsky.app\/profile\/jjasberg.bsky.social\" target=\"_blank\" rel=\"noopener noreferrer\"><i class=\"fab fa-bluesky\"><\/i><\/a><\/div>\n\n\n\n<div class=\"wp-block-sunflower-meta-data\"><a href=\"https:\/\/www.tiktok.com\/@jenny_jasberg\" target=\"_blank\" rel=\"noopener noreferrer\"><i class=\"fab fa-tiktok\"><\/i><\/a><\/div>\n\n\n\n<div class=\"wp-block-sunflower-meta-data\"><a href=\"#\" data-unscramble=\"ed.grubmah-noitkarf-eneurg@grebsaj.refinnej\" target=\"_blank\" rel=\"noopener noreferrer\"><i class=\"fas fa-envelope\"><\/i><\/a><\/div>\n\n\n\n<div class=\"wp-block-sunflower-meta-data\"><a href=\"https:\/\/jennifer-jasberg.eu\/\" target=\"_blank\" rel=\"noopener noreferrer\"><i class=\"fas fa-globe\"><\/i><\/a><\/div>\n<\/div>\n\n\n\n<div style=\"height:30px\" aria-hidden=\"true\" class=\"wp-block-spacer\"><\/div>\n\n\n\n<div class=\"wp-block-buttons is-layout-flex wp-block-buttons-is-layout-flex\">\n<div class=\"wp-block-button\"><a class=\"wp-block-button__link wp-element-button\" href=\"https:\/\/jennifer-jasberg.eu\/\">Mehr Erfahren<\/a><\/div>\n<\/div>\n<\/div><\/div>\n<\/div>\n\n\n\n<div class=\"wp-block-column is-layout-flow wp-block-column-is-layout-flow\"><\/div>\n<\/div>\n<\/div>\n<\/div>\n","protected":false},"excerpt":{"rendered":"<p>Die Hamburgische B\u00fcrgerschaft ist das Parlament der Freien und Hansestadt Hamburg. Sie ist die gew\u00e4hlte Vertretung der Menschen in unserer Stadt und tagt aktuell in der 23. Wahlperiode. Ihre Mitglieder [&hellip;]<\/p>\n","protected":false},"author":2,"featured_media":0,"parent":0,"menu_order":0,"comment_status":"closed","ping_status":"closed","template":"","meta":{"footnotes":""},"class_list":["post-1851","page","type-page","status-publish","hentry"],"_links":{"self":[{"href":"https:\/\/gruene-bergedorf.de\/index.php\/wp-json\/wp\/v2\/pages\/1851","targetHints":{"allow":["GET"]}}],"collection":[{"href":"https:\/\/gruene-bergedorf.de\/index.php\/wp-json\/wp\/v2\/pages"}],"about":[{"href":"https:\/\/gruene-bergedorf.de\/index.php\/wp-json\/wp\/v2\/types\/page"}],"author":[{"embeddable":true,"href":"https:\/\/gruene-bergedorf.de\/index.php\/wp-json\/wp\/v2\/users\/2"}],"replies":[{"embeddable":true,"href":"https:\/\/gruene-bergedorf.de\/index.php\/wp-json\/wp\/v2\/comments?post=1851"}],"version-history":[{"count":12,"href":"https:\/\/gruene-bergedorf.de\/index.php\/wp-json\/wp\/v2\/pages\/1851\/revisions"}],"predecessor-version":[{"id":2289,"href":"https:\/\/gruene-bergedorf.de\/index.php\/wp-json\/wp\/v2\/pages\/1851\/revisions\/2289"}],"wp:attachment":[{"href":"https:\/\/gruene-bergedorf.de\/index.php\/wp-json\/wp\/v2\/media?parent=1851"}],"curies":[{"name":"wp","href":"https:\/\/api.w.org\/{rel}","templated":true}]}}