{"id":1334,"date":"2025-07-27T23:48:53","date_gmt":"2025-07-27T21:48:53","guid":{"rendered":"https:\/\/gruene-bergedorf.de\/?page_id=1334"},"modified":"2025-09-19T17:27:31","modified_gmt":"2025-09-19T15:27:31","slug":"nils-potthast","status":"publish","type":"page","link":"https:\/\/gruene-bergedorf.de\/index.php\/nils-potthast\/","title":{"rendered":"Nils Potthast"},"content":{"rendered":"\n<div class=\"wp-block-columns no-gap is-layout-flex wp-container-core-columns-is-layout-9d6595d7 wp-block-columns-is-layout-flex\">\n<div class=\"wp-block-column is-layout-flow wp-block-column-is-layout-flow\" style=\"flex-basis:50%\">\n<div class=\"wp-block-cover is-light\"><img fetchpriority=\"high\" decoding=\"async\" width=\"683\" height=\"1024\" class=\"wp-block-cover__image-background wp-image-1653 size-large\" alt=\"\" src=\"https:\/\/gruene-bergedorf.de\/wp-content\/uploads\/2025\/09\/DSC3297-683x1024.jpg\" data-object-fit=\"cover\" srcset=\"https:\/\/gruene-bergedorf.de\/wp-content\/uploads\/2025\/09\/DSC3297-683x1024.jpg 683w, https:\/\/gruene-bergedorf.de\/wp-content\/uploads\/2025\/09\/DSC3297-200x300.jpg 200w, https:\/\/gruene-bergedorf.de\/wp-content\/uploads\/2025\/09\/DSC3297-768x1152.jpg 768w, https:\/\/gruene-bergedorf.de\/wp-content\/uploads\/2025\/09\/DSC3297-1024x1536.jpg 1024w, https:\/\/gruene-bergedorf.de\/wp-content\/uploads\/2025\/09\/DSC3297-1365x2048.jpg 1365w, https:\/\/gruene-bergedorf.de\/wp-content\/uploads\/2025\/09\/DSC3297-scaled.jpg 1707w\" sizes=\"(max-width: 683px) 100vw, 683px\" \/><span aria-hidden=\"true\" class=\"wp-block-cover__background has-background-dim-0 has-background-dim\"><\/span><div class=\"wp-block-cover__inner-container is-layout-constrained wp-block-cover-is-layout-constrained\">\n<div style=\"height:30rem\" aria-hidden=\"true\" class=\"wp-block-spacer\"><\/div>\n\n\n\n<p class=\"h3 textbalken has-sand-color has-tanne-background-color has-text-color has-background has-link-color wp-elements-56a6531b3c9c5c3b9e33e108194f42fa\">Nils<\/p>\n\n\n\n<p class=\"h3 textbalken links-eins has-sand-color has-tanne-background-color has-text-color has-background has-link-color wp-elements-1895bf5e17bade6e513ca1c3d157b9cd\">Potthast<\/p>\n<\/div><\/div>\n\n\n\n<div class=\"wp-block-group has-shadow is-vertical is-layout-flex wp-container-core-group-is-layout-8cf370e7 wp-block-group-is-layout-flex\">\n<figure class=\"wp-block-table is-style-stripes\"><table class=\"has-fixed-layout\"><tbody><tr><td><strong>Funktion<\/strong> Fraktionsvorsitzender<\/td><\/tr><tr><td><strong>Schwerpunkte<\/strong> Klimaschutz und Klimaanpassung, Vielfalt von Stadt und Land verbinden<\/td><\/tr><tr><td><strong>Beruf<\/strong> Student der Politikwissenschaft<\/td><\/tr><tr><td><strong>Wohnort<\/strong> Lohbr\u00fcgge<\/td><\/tr><\/tbody><\/table><\/figure>\n\n\n\n<div class=\"wp-block-group is-layout-constrained wp-block-group-is-layout-constrained\">\n<p><strong>Folge mir<\/strong><\/p>\n\n\n\n<ul class=\"wp-block-social-links has-icon-color has-icon-background-color is-layout-flex wp-block-social-links-is-layout-flex\"><li style=\"color:#F5F1E9;background-color:#006E2E;\" class=\"wp-social-link wp-social-link-instagram has-sand-color has-klee-700-background-color wp-block-social-link\"><a href=\"https:\/\/www.instagram.com\/nils_potthast\/?next=%2F\" class=\"wp-block-social-link-anchor\"><svg width=\"24\" height=\"24\" viewBox=\"0 0 24 24\" version=\"1.1\" xmlns=\"http:\/\/www.w3.org\/2000\/svg\" aria-hidden=\"true\" focusable=\"false\"><path d=\"M12,4.622c2.403,0,2.688,0.009,3.637,0.052c0.877,0.04,1.354,0.187,1.671,0.31c0.42,0.163,0.72,0.358,1.035,0.673 c0.315,0.315,0.51,0.615,0.673,1.035c0.123,0.317,0.27,0.794,0.31,1.671c0.043,0.949,0.052,1.234,0.052,3.637 s-0.009,2.688-0.052,3.637c-0.04,0.877-0.187,1.354-0.31,1.671c-0.163,0.42-0.358,0.72-0.673,1.035 c-0.315,0.315-0.615,0.51-1.035,0.673c-0.317,0.123-0.794,0.27-1.671,0.31c-0.949,0.043-1.233,0.052-3.637,0.052 s-2.688-0.009-3.637-0.052c-0.877-0.04-1.354-0.187-1.671-0.31c-0.42-0.163-0.72-0.358-1.035-0.673 c-0.315-0.315-0.51-0.615-0.673-1.035c-0.123-0.317-0.27-0.794-0.31-1.671C4.631,14.688,4.622,14.403,4.622,12 s0.009-2.688,0.052-3.637c0.04-0.877,0.187-1.354,0.31-1.671c0.163-0.42,0.358-0.72,0.673-1.035 c0.315-0.315,0.615-0.51,1.035-0.673c0.317-0.123,0.794-0.27,1.671-0.31C9.312,4.631,9.597,4.622,12,4.622 M12,3 C9.556,3,9.249,3.01,8.289,3.054C7.331,3.098,6.677,3.25,6.105,3.472C5.513,3.702,5.011,4.01,4.511,4.511 c-0.5,0.5-0.808,1.002-1.038,1.594C3.25,6.677,3.098,7.331,3.054,8.289C3.01,9.249,3,9.556,3,12c0,2.444,0.01,2.751,0.054,3.711 c0.044,0.958,0.196,1.612,0.418,2.185c0.23,0.592,0.538,1.094,1.038,1.594c0.5,0.5,1.002,0.808,1.594,1.038 c0.572,0.222,1.227,0.375,2.185,0.418C9.249,20.99,9.556,21,12,21s2.751-0.01,3.711-0.054c0.958-0.044,1.612-0.196,2.185-0.418 c0.592-0.23,1.094-0.538,1.594-1.038c0.5-0.5,0.808-1.002,1.038-1.594c0.222-0.572,0.375-1.227,0.418-2.185 C20.99,14.751,21,14.444,21,12s-0.01-2.751-0.054-3.711c-0.044-0.958-0.196-1.612-0.418-2.185c-0.23-0.592-0.538-1.094-1.038-1.594 c-0.5-0.5-1.002-0.808-1.594-1.038c-0.572-0.222-1.227-0.375-2.185-0.418C14.751,3.01,14.444,3,12,3L12,3z M12,7.378 c-2.552,0-4.622,2.069-4.622,4.622S9.448,16.622,12,16.622s4.622-2.069,4.622-4.622S14.552,7.378,12,7.378z M12,15 c-1.657,0-3-1.343-3-3s1.343-3,3-3s3,1.343,3,3S13.657,15,12,15z M16.804,6.116c-0.596,0-1.08,0.484-1.08,1.08 s0.484,1.08,1.08,1.08c0.596,0,1.08-0.484,1.08-1.08S17.401,6.116,16.804,6.116z\"><\/path><\/svg><span class=\"wp-block-social-link-label screen-reader-text\">Instagram<\/span><\/a><\/li>\n\n<li style=\"color:#F5F1E9;background-color:#006E2E;\" class=\"wp-social-link wp-social-link-threads has-sand-color has-klee-700-background-color wp-block-social-link\"><a href=\"https:\/\/www.threads.com\/@nils_potthast\" class=\"wp-block-social-link-anchor\"><svg width=\"24\" height=\"24\" viewBox=\"0 0 24 24\" version=\"1.1\" xmlns=\"http:\/\/www.w3.org\/2000\/svg\" aria-hidden=\"true\" focusable=\"false\"><path d=\"M16.3 11.3c-.1 0-.2-.1-.2-.1-.1-2.6-1.5-4-3.9-4-1.4 0-2.6.6-3.3 1.7l1.3.9c.5-.8 1.4-1 2-1 .8 0 1.4.2 1.7.7.3.3.5.8.5 1.3-.7-.1-1.4-.2-2.2-.1-2.2.1-3.7 1.4-3.6 3.2 0 .9.5 1.7 1.3 2.2.7.4 1.5.6 2.4.6 1.2-.1 2.1-.5 2.7-1.3.5-.6.8-1.4.9-2.4.6.3 1 .8 1.2 1.3.4.9.4 2.4-.8 3.6-1.1 1.1-2.3 1.5-4.3 1.5-2.1 0-3.8-.7-4.8-2S5.7 14.3 5.7 12c0-2.3.5-4.1 1.5-5.4 1.1-1.3 2.7-2 4.8-2 2.2 0 3.8.7 4.9 2 .5.7.9 1.5 1.2 2.5l1.5-.4c-.3-1.2-.8-2.2-1.5-3.1-1.3-1.7-3.3-2.6-6-2.6-2.6 0-4.7.9-6 2.6C4.9 7.2 4.3 9.3 4.3 12s.6 4.8 1.9 6.4c1.4 1.7 3.4 2.6 6 2.6 2.3 0 4-.6 5.3-2 1.8-1.8 1.7-4 1.1-5.4-.4-.9-1.2-1.7-2.3-2.3zm-4 3.8c-1 .1-2-.4-2-1.3 0-.7.5-1.5 2.1-1.6h.5c.6 0 1.1.1 1.6.2-.2 2.3-1.3 2.7-2.2 2.7z\"\/><\/svg><span class=\"wp-block-social-link-label screen-reader-text\">Threads<\/span><\/a><\/li>\n\n<li style=\"color:#F5F1E9;background-color:#006E2E;\" class=\"wp-social-link wp-social-link-facebook has-sand-color has-klee-700-background-color wp-block-social-link\"><a href=\"https:\/\/www.facebook.com\/share\/15uX4RkLHg\/?mibextid=wwXIfr\" class=\"wp-block-social-link-anchor\"><svg width=\"24\" height=\"24\" viewBox=\"0 0 24 24\" version=\"1.1\" xmlns=\"http:\/\/www.w3.org\/2000\/svg\" aria-hidden=\"true\" focusable=\"false\"><path d=\"M12 2C6.5 2 2 6.5 2 12c0 5 3.7 9.1 8.4 9.9v-7H7.9V12h2.5V9.8c0-2.5 1.5-3.9 3.8-3.9 1.1 0 2.2.2 2.2.2v2.5h-1.3c-1.2 0-1.6.8-1.6 1.6V12h2.8l-.4 2.9h-2.3v7C18.3 21.1 22 17 22 12c0-5.5-4.5-10-10-10z\"><\/path><\/svg><span class=\"wp-block-social-link-label screen-reader-text\">Facebook<\/span><\/a><\/li>\n\n<li style=\"color:#F5F1E9;background-color:#006E2E;\" class=\"wp-social-link wp-social-link-bluesky has-sand-color has-klee-700-background-color wp-block-social-link\"><a href=\"https:\/\/bsky.app\/profile\/nilspotthast.bsky.social\" class=\"wp-block-social-link-anchor\"><svg width=\"24\" height=\"24\" viewBox=\"0 0 24 24\" version=\"1.1\" xmlns=\"http:\/\/www.w3.org\/2000\/svg\" aria-hidden=\"true\" focusable=\"false\"><path d=\"M6.3,4.2c2.3,1.7,4.8,5.3,5.7,7.2.9-1.9,3.4-5.4,5.7-7.2,1.7-1.3,4.3-2.2,4.3.9s-.4,5.2-.6,5.9c-.7,2.6-3.3,3.2-5.6,2.8,4,.7,5.1,3,2.9,5.3-5,5.2-6.7-2.8-6.7-2.8,0,0-1.7,8-6.7,2.8-2.2-2.3-1.2-4.6,2.9-5.3-2.3.4-4.9-.3-5.6-2.8-.2-.7-.6-5.3-.6-5.9,0-3.1,2.7-2.1,4.3-.9h0Z\"><\/path><\/svg><span class=\"wp-block-social-link-label screen-reader-text\">Bluesky<\/span><\/a><\/li><\/ul>\n\n\n\n<div class=\"wp-block-group is-content-justification-center is-layout-constrained wp-block-group-is-layout-constrained\">\n<p><p class=\"h3 textbalken has-tanne-color has-grashalm-background-color has-text-color has-background has-link-color\"><\/p><\/p>\n<\/div>\n\n\n\n<div style=\"height:38px\" aria-hidden=\"true\" class=\"wp-block-spacer\"><\/div>\n<\/div>\n<\/div>\n<\/div>\n\n\n\n<div class=\"wp-block-column has-klee-700-background-color has-background is-layout-flow wp-block-column-is-layout-flow\" style=\"flex-basis:50%\">\n<div class=\"wp-block-group has-sand-color has-text-color has-link-color wp-elements-949da72d10d0f8900d9d784f1baa8e41 is-layout-constrained wp-block-group-is-layout-constrained\"><h2 class=\"has-link-color wp-elements-bbe23419f69ad9ba52f8b3366d3c48f2 wp-block-post-title has-text-color has-tanne-color has-background has-sand-background-color\">Nils Potthast<\/h2>\n\n\n<p>Nils Potthast ist Wahlkreisabgeordneter f\u00fcr Lohbr\u00fcgge II und lebt auch selbst in Lohbr\u00fcgge, dem bev\u00f6lkerungsreichsten Stadtteil Bergedorfs. Hier ist er zu Hause und hier erlebt er t\u00e4glich, wie vielf\u00e4ltig und abwechslungsreich Bergedorf ist. Das urbane Lohbr\u00fcgge, die gewachsenen Stadtteile und die l\u00e4ndlich gepr\u00e4gten Vier- und Marschlande machen den Bezirk besonders und stellen zugleich die Aufgabe, ganz unterschiedliche Interessen miteinander zu verbinden.<\/p>\n\n\n\n<p>Zu den GR\u00dcNEN hat ihn die \u00dcberzeugung gebracht, dass Klimaschutz und Klimaanpassung, eine gerechte Energiewende, soziale Gerechtigkeit und ein starkes Europa die zentralen Zukunftsfragen sind. F\u00fcr ihn ist klar, dass wir diese Themen nur gemeinsam anpacken k\u00f6nnen, wenn wir eine nachhaltige und solidarische Zukunft f\u00fcr alle gestalten wollen.<\/p>\n\n\n\n<p>In der Bezirksversammlung Bergedorf ist er Fraktionsvorsitzender der GR\u00dcNEN, Fachsprecher f\u00fcr Umwelt und Klimaschutz sowie Mitglied des Ausschusses f\u00fcr Wirtschaft, Handel und Tourismus. In diesen Rollen setzt er sich daf\u00fcr ein, dass Bergedorf ein lebenswerter und zukunftsfester Bezirk bleibt. Dabei geht es ihm immer darum, \u00f6kologische Verantwortung, wirtschaftliche Entwicklung und soziale Fragen zusammenzudenken.<\/p>\n\n\n\n<p>Politik bedeutet f\u00fcr ihn nicht nur Debatten im Rathaus, sondern auch Begegnung und Austausch vor Ort. Ob im Gespr\u00e4ch mit B\u00fcrger*innen, Initiativen oder Vereinen, er h\u00f6rt zu, vermittelt und entwickelt gemeinsam L\u00f6sungen, damit gro\u00dfe Themen im Alltag der Menschen konkret sp\u00fcrbar werden.<\/p>\n\n\n\n<p>Sein Ziel ist klar: Bergedorf soll ein Bezirk sein, der allen eine gute Zukunft erm\u00f6glicht, gerecht, \u00f6kologisch und lebendig.<\/p>\n<\/div>\n<\/div>\n<\/div>\n\n\n\n<p><\/p>\n","protected":false},"excerpt":{"rendered":"<p>Funktion Fraktionsvorsitzender Schwerpunkte Klimaschutz und Klimaanpassung, Vielfalt von Stadt und Land verbinden Beruf Student der Politikwissenschaft Wohnort Lohbr\u00fcgge Folge mir Nils Potthast ist Wahlkreisabgeordneter f\u00fcr Lohbr\u00fcgge II und lebt auch [&hellip;]<\/p>\n","protected":false},"author":3,"featured_media":0,"parent":0,"menu_order":0,"comment_status":"closed","ping_status":"closed","template":"","meta":{"footnotes":""},"class_list":["post-1334","page","type-page","status-publish","hentry"],"_links":{"self":[{"href":"https:\/\/gruene-bergedorf.de\/index.php\/wp-json\/wp\/v2\/pages\/1334","targetHints":{"allow":["GET"]}}],"collection":[{"href":"https:\/\/gruene-bergedorf.de\/index.php\/wp-json\/wp\/v2\/pages"}],"about":[{"href":"https:\/\/gruene-bergedorf.de\/index.php\/wp-json\/wp\/v2\/types\/page"}],"author":[{"embeddable":true,"href":"https:\/\/gruene-bergedorf.de\/index.php\/wp-json\/wp\/v2\/users\/3"}],"replies":[{"embeddable":true,"href":"https:\/\/gruene-bergedorf.de\/index.php\/wp-json\/wp\/v2\/comments?post=1334"}],"version-history":[{"count":12,"href":"https:\/\/gruene-bergedorf.de\/index.php\/wp-json\/wp\/v2\/pages\/1334\/revisions"}],"predecessor-version":[{"id":1661,"href":"https:\/\/gruene-bergedorf.de\/index.php\/wp-json\/wp\/v2\/pages\/1334\/revisions\/1661"}],"wp:attachment":[{"href":"https:\/\/gruene-bergedorf.de\/index.php\/wp-json\/wp\/v2\/media?parent=1334"}],"curies":[{"name":"wp","href":"https:\/\/api.w.org\/{rel}","templated":true}]}}