{"id":13,"date":"2024-10-10T14:04:41","date_gmt":"2024-10-10T12:04:41","guid":{"rendered":"https:\/\/wordpress86.gcms.verdigado.net\/?page_id=13"},"modified":"2025-01-15T14:32:16","modified_gmt":"2025-01-15T13:32:16","slug":"impressum","status":"publish","type":"page","link":"https:\/\/gruene-bergedorf.de\/index.php\/impressum\/","title":{"rendered":"Impressum"},"content":{"rendered":"\n<div class=\"wp-block-columns is-layout-flex wp-container-core-columns-is-layout-9d6595d7 wp-block-columns-is-layout-flex\">\n<div class=\"wp-block-column is-layout-flow wp-block-column-is-layout-flow\">\n<h2 class=\"wp-block-heading\">Partei<\/h2>\n\n\n\n<p><strong>Kreisverband GR\u00dcNE Bergedorf        <br><\/strong>Vertreten durch: Jennifer Jasberg und Gerald B\u00fcrklen<br>T\u00f6pfertwiete 28<br>21029 Hamburg<\/p>\n\n\n\n<p>Telefon 040 724 42 24<br>E-Mail: <a href=\"#\" data-unscramble=\"ed.frodegreb-eneurg@dnabrevsierk\" data-type=\"mailto\" data-id=\"#\" data-unscramble=\"ed.frodegreb-eneurg@dnabrevsierk\" target=\"_blank\" rel=\"noreferrer noopener\">kreisverband@gruene-bergedorf.de<\/a><\/p>\n<\/div>\n\n\n\n<div class=\"wp-block-column is-layout-flow wp-block-column-is-layout-flow\">\n<h2 class=\"wp-block-heading\">Fraktion<\/h2>\n\n\n\n<p><strong>GR\u00dcNE Fraktion Bergedorf        <br><\/strong>Vertreten durch: Lenka Brodbeck und Nils Potthast<br>T\u00f6pfertwiete 28<br>21029 Hamburg<\/p>\n\n\n\n<p>Telefon: 040 72 69 21 07<br><a href=\"#\" data-unscramble=\"ed.frodegreb-eneurg@oreubsnoitkarf\" data-type=\"mailto\" data-id=\"#\" data-unscramble=\"ed.frodegreb-eneurg@oreubsnoitkarf\">fraktionsbuero@gruene-bergedorf.de<\/a><\/p>\n<\/div>\n<\/div>\n\n\n\n<div style=\"height:100px\" aria-hidden=\"true\" class=\"wp-block-spacer\"><\/div>\n\n\n\n<div class=\"wp-block-columns is-layout-flex wp-container-core-columns-is-layout-9d6595d7 wp-block-columns-is-layout-flex\">\n<div class=\"wp-block-column is-layout-flow wp-block-column-is-layout-flow\">\n<h2 class=\"wp-block-heading\">Gesch\u00e4ftsstelle<\/h2>\n\n\n\n<p><strong>Antje Liebsch<\/strong><br>Telefon: 040 724 42 24<br><a href=\"#\" data-unscramble=\"ed.frodegreb-eneurg@dnabrevsierk\" data-type=\"mailto\" data-id=\"#\" data-unscramble=\"ed.frodegreb-eneurg@dnabrevsierk\">kreisverband@gruene-bergedorf.de<\/a><\/p>\n\n\n\n<p><strong>B\u00fcndnis 90 \/ Die Gr\u00fcnen<\/strong><br>Kreisverband Bergedorf<br><a href=\"https:\/\/www.openstreetmap.org\/#map=19\/53.48503\/10.21413\" target=\"_blank\" rel=\"noreferrer noopener\">T\u00f6pfertwiete 28,&nbsp;21029 Hamburg<\/a><\/p>\n\n\n\n<p><strong>B\u00fcrozeiten<\/strong><br>Termine vor Ort nach Vereinbarung. Bitte schreiben Sie eine Mail oder hinterlassen eine Nachricht. Wir melden uns.&nbsp;<\/p>\n<\/div>\n\n\n\n<div class=\"wp-block-column is-layout-flow wp-block-column-is-layout-flow\">\n<h2 class=\"wp-block-heading\">Fraktionsb\u00fcro<\/h2>\n\n\n\n<p><strong>Alexandra Jilg<\/strong><br>Telefon: 040 72 69 21 07<br><a href=\"#\" data-unscramble=\"ed.frodegreb-eneurg@oreubsnoitkarf\" data-type=\"mailto\" data-id=\"#\" data-unscramble=\"ed.frodegreb-eneurg@oreubsnoitkarf\">fraktionsbuero@gruene-bergedorf.de<\/a><\/p>\n\n\n\n<p><strong>B\u00fcndnis 90 \/ Die Gr\u00fcnen<\/strong><br>GR\u00dcNE Fraktion Bergedorf<br><a href=\"https:\/\/www.openstreetmap.org\/#map=19\/53.48503\/10.21413\" target=\"_blank\" rel=\"noreferrer noopener\">T\u00f6pfertwiete 28,&nbsp;21029 Hamburg<\/a><\/p>\n\n\n\n<p><strong>B\u00fcrozeiten<\/strong><br>Termine vor Ort nach Vereinbarung. Bitte schreiben Sie eine Mail oder hinterlassen eine Nachricht. Wir melden uns.&nbsp;<\/p>\n<\/div>\n<\/div>\n\n\n\n<div style=\"height:100px\" aria-hidden=\"true\" class=\"wp-block-spacer\"><\/div>\n\n\n\n<p><strong>Realisierung durch<\/strong><\/p>\n\n\n\n<p>verdigado eG<br>Heilig-Kreuz-Stra\u00dfe 16<br>86609 Donauw\u00f6rth<br><br><a href=\"https:\/\/verdigado.com\/\">https:\/\/verdigado.com\/<\/a><\/p>\n\n\n\n<p><\/p>\n","protected":false},"excerpt":{"rendered":"<p>Partei Kreisverband GR\u00dcNE Bergedorf Vertreten durch: Jennifer Jasberg und Gerald B\u00fcrklenT\u00f6pfertwiete 2821029 Hamburg Telefon 040 724 42 24E-Mail: kreisverband@gruene-bergedorf.de Fraktion GR\u00dcNE Fraktion Bergedorf Vertreten durch: Lenka Brodbeck und Nils PotthastT\u00f6pfertwiete [&hellip;]<\/p>\n","protected":false},"author":1,"featured_media":0,"parent":0,"menu_order":0,"comment_status":"closed","ping_status":"closed","template":"","meta":{"footnotes":""},"class_list":["post-13","page","type-page","status-publish","hentry"],"_links":{"self":[{"href":"https:\/\/gruene-bergedorf.de\/index.php\/wp-json\/wp\/v2\/pages\/13","targetHints":{"allow":["GET"]}}],"collection":[{"href":"https:\/\/gruene-bergedorf.de\/index.php\/wp-json\/wp\/v2\/pages"}],"about":[{"href":"https:\/\/gruene-bergedorf.de\/index.php\/wp-json\/wp\/v2\/types\/page"}],"author":[{"embeddable":true,"href":"https:\/\/gruene-bergedorf.de\/index.php\/wp-json\/wp\/v2\/users\/1"}],"replies":[{"embeddable":true,"href":"https:\/\/gruene-bergedorf.de\/index.php\/wp-json\/wp\/v2\/comments?post=13"}],"version-history":[{"count":11,"href":"https:\/\/gruene-bergedorf.de\/index.php\/wp-json\/wp\/v2\/pages\/13\/revisions"}],"predecessor-version":[{"id":611,"href":"https:\/\/gruene-bergedorf.de\/index.php\/wp-json\/wp\/v2\/pages\/13\/revisions\/611"}],"wp:attachment":[{"href":"https:\/\/gruene-bergedorf.de\/index.php\/wp-json\/wp\/v2\/media?parent=13"}],"curies":[{"name":"wp","href":"https:\/\/api.w.org\/{rel}","templated":true}]}}