{"id":120,"date":"2024-10-17T20:07:09","date_gmt":"2024-10-17T18:07:09","guid":{"rendered":"https:\/\/wordpress86.gcms.verdigado.net\/?page_id=120"},"modified":"2025-04-23T15:42:56","modified_gmt":"2025-04-23T13:42:56","slug":"die-vier-und-marschlande","status":"publish","type":"page","link":"https:\/\/gruene-bergedorf.de\/index.php\/die-vier-und-marschlande\/","title":{"rendered":"Die Vier- und Marschlande."},"content":{"rendered":"\n<figure class=\"wp-block-embed is-type-rich is-provider-spotify wp-block-embed-spotify wp-embed-aspect-21-9 wp-has-aspect-ratio\"><div class=\"wp-block-embed__wrapper\">\n\t\t<div class=\"embed-privacy-container is-disabled embed-spotify\" data-embed-id=\"oembed_7eaf93917e84f51d93ab4563aaac7ca7\" data-embed-provider=\"spotify\" style=\"aspect-ratio: 876\/152;\">\t\t\t\t\t\t<button type=\"button\" class=\"embed-privacy-enable screen-reader-text\">\u201eSpotify Embed: Kapitel 8 | Die Vier- und Marschlande\u201c von Spotify anzeigen<\/button>\t\t\t\t\t\t<div class=\"embed-privacy-overlay\">\t\t\t\t<div class=\"embed-privacy-inner\">\t\t\t\t\t<div class=\"embed-privacy-logo\" style=\"background-image: url(https:\/\/gruene-bergedorf.de\/wp-content\/plugins\/embed-privacy\/assets\/images\/embed-spotify.png?ver=1.12.3);\"><\/div>\t\t<p>\t\tHier klicken, um den Inhalt von Spotify anzuzeigen.\t\t\t\t\t<br>\t\t\t\t\tErfahre mehr in der <a href=\"https:\/\/www.spotify.com\/privacy\/\" target=\"_blank\">Datenschutzerkl\u00e4rung von Spotify<\/a>.\t\t<\/p>\t\t<p class=\"embed-privacy-input-wrapper\">\t\t\t<input id=\"embed-privacy-store-spotify-7eaf93917e84f51d93ab4563aaac7ca7\" type=\"checkbox\" value=\"1\" class=\"embed-privacy-input\" data-embed-provider=\"spotify\">\t\t\t<label for=\"embed-privacy-store-spotify-7eaf93917e84f51d93ab4563aaac7ca7\" class=\"embed-privacy-label\" data-embed-provider=\"spotify\">\t\t\t\tInhalt von Spotify immer anzeigen\t\t\t<\/label>\t\t<\/p>\t\t\t\t\t\t<\/div>\t\t\t\t\t\t\t\t<div class=\"embed-privacy-footer\"><span class=\"embed-privacy-url\"><a href=\"https:\/\/open.spotify.com\/episode\/1mCCqyKS3UBhg1uWcLQ2jI?si=5f828014137f42ae\">\u201eSpotify Embed: Kapitel 8 | Die Vier- und Marschlande\u201c direkt \u00f6ffnen<\/a><\/span><\/div>\t\t\t<\/div>\t\t\t\t\t\t<div class=\"embed-privacy-content\">\t\t\t\t<script>var _oembed_7eaf93917e84f51d93ab4563aaac7ca7 = '{\\\"embed\\\":\\\"&lt;iframe title=&quot;Spotify Embed: Kapitel 8 | Die Vier- und Marschlande&quot; style=&quot;border-radius: 12px&quot; width=&quot;100%&quot; height=&quot;152&quot; frameborder=&quot;0&quot; allowfullscreen allow=&quot;autoplay; clipboard-write; encrypted-media; fullscreen; picture-in-picture&quot; loading=&quot;lazy&quot; src=&quot;https:\\\\\/\\\\\/open.spotify.com\\\\\/embed\\\\\/episode\\\\\/1mCCqyKS3UBhg1uWcLQ2jI?si=5f828014137f42ae&amp;utm_source=oembed&quot;&gt;&lt;\\\\\/iframe&gt;\\\"}';<\/script>\t\t\t<\/div>\t\t<\/div>\t\t\n<\/div><\/figure>\n\n\n\n<div style=\"height:100px\" aria-hidden=\"true\" class=\"wp-block-spacer\"><\/div>\n\n\n\n<h2 class=\"wp-block-heading has-text-align-center\">Kapitel 8<\/h2>\n\n\n\n<p>Die Vier- und Marschlande sind f\u00fcr die Entwicklung von ganz Hamburg von Bedeutung. Nicht nur ist diese jahrhundertealte, gewachsene Kulturlandschaft&nbsp;Hamburgs gr\u00fcnste Region und deshalb ein bedeutendes Naherholungsgebiet f\u00fcr alle&nbsp;Hamburger*innen. Sie sind auch f\u00fcr die Versorgung Hamburgs mit frischem Wasser,&nbsp;Lebensmitteln und gartenbaulichen Produkten von gro\u00dfer Wichtigkeit. Zunehmend&nbsp;kommt hinzu, dass die Vier- und Marschlande im Bereich der erneuerbaren Energien&nbsp;immer mehr an Bedeutung gewinnen, Fachleute sprechen sogar davon, dass sie f\u00fcr&nbsp;die Energiewende in Hamburg von essentieller Bedeutung sind. Das beinhaltet Agri-Photovoltaik, aber auch ein erweiterte Nutzung von Windkraftanlagen.<\/p>\n\n\n\n<p>Mit Blick auf verschiedene globale Krisen, die zu Verschiebungen von&nbsp;Lieferketten, Versorgungsengp\u00e4ssen und Bewegungseinschr\u00e4nkungen gef\u00fchrt haben,&nbsp;wird der Wert dieser Region nochmals besonders deutlich. Wir stehen vor der&nbsp;Herausforderung, das Gewachsene zu erhalten und die Produktivit\u00e4t der Region zu&nbsp;st\u00e4rken und auf klimatische Ver\u00e4nderungen vorzubereiten.<\/p>\n\n\n\n<div style=\"height:100px\" aria-hidden=\"true\" class=\"wp-block-spacer\"><\/div>\n\n\n\n<h4 class=\"wp-block-heading\"><strong>Wof\u00fcr wir uns in den kommenden Jahren einsetzen werden:<\/strong><\/h4>\n\n\n\n<p>Wir wollen&nbsp;<strong>Ortskerne<\/strong>&nbsp;der Region st\u00e4rken und lehnen daher Potentialfl\u00e4chen&nbsp;jenseits dieser ab.<\/p>\n\n\n\n<p>Wir m\u00f6chten, dass diese zunehmende Nutzung von&nbsp;<strong>Wind- und Solarenergie&nbsp;<\/strong>gemeinsam mit den Einwohner*innen gestaltet wird, beispielsweise \u00fcber die&nbsp;Energieerzeugung durch B\u00fcrgerenergieanlagen.<\/p>\n\n\n\n<p>Wir setzen uns daf\u00fcr ein, die naturnahen Lebensr\u00e4ume im Elbe-Urstromtal zu\u00a0bewahren und zukunftsf\u00e4hig zu gestalten. Dazu geh\u00f6rt vor allem der Ausbau\u00a0von Bl\u00fchpflanzen in den Dauergr\u00fcnlandfl\u00e4chen, um die\u00a0<strong>biologische Vielfalt<\/strong> zu erh\u00f6hen und Nahrungsquellen f\u00fcr V\u00f6gel und Insekten zu schaffen. Wir\u00a0m\u00f6chten langfristig eine Heimat f\u00fcr Wildtiere wie St\u00f6rche und Biber\u00a0erhalten.<\/p>\n\n\n\n<p>Der&nbsp;<strong>Biotopverbund<\/strong>&nbsp;muss weiterhin R\u00fcckzugsort f\u00fcr \u00f6kologische Vielfalt&nbsp;bleiben und d\u00fcrfen nicht durch Zersiedlung gef\u00e4hrdet werden. Wenn m\u00f6glich,&nbsp;sollen die charakteristischen Bauernh\u00e4user, die nicht mehr genutzt werden, als Mehrgenerationenh\u00e4user erhalten bleiben.<\/p>\n\n\n\n<p>Um den Wert der Region zu verdeutlichen, m\u00fcssen neue Routen durch die&nbsp;Kulturlandschaft als<strong>&nbsp;stadtnahe Erholungsm\u00f6glichkeit&nbsp;<\/strong>erg\u00e4nzt werden. Auch&nbsp;um den Anwohner*innen, aber auch besuchenden St\u00e4dter*innen einen Raum zur&nbsp;Entspannung und f\u00fcr die Gesundheitspr\u00e4vention zu bieten, muss das&nbsp;l\u00e4ndliche Gebiet m\u00f6glichst frei von Umweltbelastungen wie L\u00e4rm, Abgasen,&nbsp;und M\u00fcll gehalten werden. In Abstimmung mit der Bev\u00f6lkerung muss der&nbsp;sanfte \u00d6kotourismus weiterentwickelt werden. Die Aufwertung des&nbsp;Marschbahndamms als Radweg ist in diesem Sinne ein erfolgreiches Gr\u00fcnes&nbsp;Projekt. Beim Ausbau des sanften Tourismus sollten Kinderfreundlichkeit&nbsp;und die Bed\u00fcrfnisse \u00e4lterer Menschen ber\u00fccksichtigt werden. Eine weitere&nbsp;wichtige Komponente sind Ma\u00dfnahmen f\u00fcr moderne Mobilit\u00e4t, um eine Zunahme&nbsp;des motorisierten Individualverkehrs zu verhindern. Die F\u00f6rderung des \u00d6kotourismus soll mit dem Ausbau der&nbsp;<strong>Bikeports<\/strong>&nbsp;gef\u00f6rdert werden. Nach der&nbsp;Er\u00f6ffung des Bikeports Tatenberg wollen wir weitere Standorte&nbsp;identififieren und umsetzen.<\/p>\n\n\n\n<p>Wir unterst\u00fctzen Projekte, die&nbsp;<strong>denkmalgesch\u00fctzte H\u00e4user<\/strong>&nbsp;der Region&nbsp;erhalten wie die Schule Seefeld und das Hufnerhaus der Jugendbauh\u00fctte. F\u00fcr&nbsp;den Erhalt der&nbsp;<strong>Riepenburg<\/strong>&nbsp;m\u00f6chten wir nach einer Sanierung unter&nbsp;Beteiligung der \u00d6ffentlichkeit ein tragf\u00e4higes Nutzungskonzept f\u00fcr den Ort&nbsp;am viel genutzten Elberadweg entwickeln.<\/p>\n\n\n\n<p>Vor dem Hintergrund der Klimakatastrophe und erwartbaren Hochwasserlagen&nbsp;sind die geplanten Deicherh\u00f6hungen, die Ert\u00fcchtigung des Tatenberger&nbsp;Deichsiels und Neubauten von&nbsp;<strong>S<\/strong><strong>ch\u00f6pfwerken<\/strong>&nbsp;dringend notwendig, um eine&nbsp;zuverl\u00e4ssige Be- und Entw\u00e4sserung sicherzustellen &#8211; das wurde bei&nbsp;verschiedenen Hochwasserlagen in der Vergangenheit sehr deutlich.<\/p>\n\n\n\n<p>Wir setzen uns f\u00fcr die Belange der&nbsp;<strong>KZ-Gedenkst\u00e4tte Neuengamme<\/strong>&nbsp;ein. Dieser&nbsp;Gedenkort spielt f\u00fcr das Erinnern und Gedenken der Opfer des NS-Regimes&nbsp;eine zentrale Rolle in Norddeutschland. Daher begr\u00fc\u00dfen wir die&nbsp;Weiterentwicklung des Standortes und wollen dazu beitragen, dass dessen&nbsp;Bekanntheit und die Besuchsm\u00f6glichkeiten gerade in Zeiten, in denen&nbsp;autorit\u00e4res Denken zuzunehmen scheint, wachsen.<\/p>\n\n\n\n<p>Wir setzen uns daf\u00fcr ein, dass nach der von uns unterst\u00fctzten Sanierung&nbsp;des Sommerbades&nbsp;<strong>Altengamme<\/strong>&nbsp;ein belastbare und zukunfstweisende&nbsp;Tr\u00e4gerstruktur erarbeitet wird. Die mit dem VFLAltengame angebotene&nbsp;Kooperation soll unterst\u00fctzt werden und gegebenenfalls mit den notwendigen&nbsp;Ressourcen hinterlegt werden, damit der Betrieb des kostenlos nutzbaren&nbsp;Sommerbades vollumf\u00e4nglich gew\u00e4hrleitet sein wird.<\/p>\n\n\n\n<p>Wir wollen Anreize schaffen, um ressourcenschonenden, humusmehrenden und&nbsp;artenreichen&nbsp;<strong>Landbau<\/strong>&nbsp;attraktiver und kurzfristig umsetzbar zu machen.&nbsp;Kleine, innovative Betriebe sollen verst\u00e4rkt unterst\u00fctzt und junge&nbsp;Menschen ermutigt werden, Betriebe zu \u00fcbernehmen. Die&nbsp;Landwirtschaftskammer soll dabei unterst\u00fctzen und L\u00f6sungswege aufzeigen.&nbsp;Die Schaffung von Archeh\u00f6fen oder Pflege- und Gnadenh\u00f6fen f\u00fcr alte Tiere&nbsp;in den Vier- und Marschlanden ist ebenfalls erstrebenswert. Offene&nbsp;Betriebe, F\u00fchrungen f\u00fcr Kinder und Erwachsene sowie Informations- und&nbsp;Bildungsangebote sollen gef\u00f6rdert werden. Die Umstellung zahlreicher&nbsp;Betriebe in den Vier- und Marschlanden auf zertifiziert \u00f6kologischen&nbsp;Landbau soll auch zuk\u00fcnftig durch gezielte F\u00f6rderung der Hansestadt&nbsp;erm\u00f6glicht werden. Eine Steigerung des \u00d6kolandbaus mit Direktvermarktung,&nbsp;einschlie\u00dflich Abnahmevereinbarungen wie Biokisten-Abos oder solidarischer&nbsp;Landwirtschaft, bietet beste M\u00f6glichkeiten f\u00fcr eine risikolose Umstellung&nbsp;und leistet so als pr\u00e4gender Wirtschaftsfaktor einen Beitrag zur&nbsp;nachhaltigen und regionalen Versorgung der Bev\u00f6lkerung. Der hohe Einsatz&nbsp;von Pestiziden und die hohen Eintr\u00e4ge von Nitrat in den Boden durch&nbsp;D\u00fcngung k\u00f6nnen wir uns nicht l\u00e4nger erlauben. Hierbei soll die Beratung&nbsp;f\u00fcr wassersparende und umweltfreundliche Bew\u00e4sserungsmethoden unterst\u00fctzt&nbsp;werden. Zudem muss in der Landwirtschaft Gew\u00e4sserschutz durch Reduktion&nbsp;von Pflanzenschutzmitteln gew\u00e4hrleistet werden.<\/p>\n\n\n\n<p>Es ist wichtig, bestehende&nbsp;<strong>Caf\u00e9s und Hofl\u00e4den&nbsp;<\/strong>als Erholungs- und&nbsp;Versorgungsquellen sowie als sichere Einkommensquellen f\u00fcr die&nbsp;Betreiber*innen zu erhalten. Zur Vermeidung unn\u00f6tiger Transportwege von&nbsp;\u00f6rtlich produzierten Waren setzen wir uns f\u00fcr das Vermarkten regionaler&nbsp;Produkte in der Region Bergedorf direkt aus den Vier- und Marschlanden&nbsp;ein.<\/p>\n\n\n\n<p>Die M\u00f6glichkeiten f\u00fcr sportliche Aktivit\u00e4ten im und auf dem Wasser sind&nbsp;attraktiv und sollten weiter ausgebaut und unterst\u00fctzt werden, wobei&nbsp;Sauberkeit und der Schutz sensibler Gebiete beachtet werden m\u00fcssen. Neben&nbsp;<strong>Freizeitsport und Naturerkundung<\/strong>&nbsp;bieten auch traditionelle&nbsp;Handwerksbetriebe spannende Ausflugsziele. Die Vier- und Marschlande&nbsp;verf\u00fcgen \u00fcber ein vielf\u00e4ltiges Vereinsleben, das ein breites kulturelles&nbsp;Angebot vor Ort schafft, von der Freiwilligen Feuerwehr bis hin zum&nbsp;Kunsthandwerk.<\/p>\n\n\n\n<div style=\"height:100px\" aria-hidden=\"true\" class=\"wp-block-spacer\"><\/div>\n\n\n\n<div class=\"wp-block-buttons is-content-justification-center is-layout-flex wp-container-core-buttons-is-layout-16018d1d wp-block-buttons-is-layout-flex\">\n<div class=\"wp-block-button\"><a class=\"wp-block-button__link has-text-align-center wp-element-button\" href=\"https:\/\/gruene-bergedorf.de\/index.php\/ein-gruenes-oberbillwerder-klimaneutral-oekologisch-und-sozial\/\">zur\u00fcck<\/a><\/div>\n<\/div>\n\n\n\n<p><\/p>\n","protected":false},"excerpt":{"rendered":"<p>Kapitel 8 Die Vier- und Marschlande sind f\u00fcr die Entwicklung von ganz Hamburg von Bedeutung. Nicht nur ist diese jahrhundertealte, gewachsene Kulturlandschaft&nbsp;Hamburgs gr\u00fcnste Region und deshalb ein bedeutendes Naherholungsgebiet f\u00fcr [&hellip;]<\/p>\n","protected":false},"author":3,"featured_media":0,"parent":0,"menu_order":0,"comment_status":"closed","ping_status":"closed","template":"","meta":{"footnotes":""},"class_list":["post-120","page","type-page","status-publish","hentry"],"_links":{"self":[{"href":"https:\/\/gruene-bergedorf.de\/index.php\/wp-json\/wp\/v2\/pages\/120","targetHints":{"allow":["GET"]}}],"collection":[{"href":"https:\/\/gruene-bergedorf.de\/index.php\/wp-json\/wp\/v2\/pages"}],"about":[{"href":"https:\/\/gruene-bergedorf.de\/index.php\/wp-json\/wp\/v2\/types\/page"}],"author":[{"embeddable":true,"href":"https:\/\/gruene-bergedorf.de\/index.php\/wp-json\/wp\/v2\/users\/3"}],"replies":[{"embeddable":true,"href":"https:\/\/gruene-bergedorf.de\/index.php\/wp-json\/wp\/v2\/comments?post=120"}],"version-history":[{"count":10,"href":"https:\/\/gruene-bergedorf.de\/index.php\/wp-json\/wp\/v2\/pages\/120\/revisions"}],"predecessor-version":[{"id":920,"href":"https:\/\/gruene-bergedorf.de\/index.php\/wp-json\/wp\/v2\/pages\/120\/revisions\/920"}],"wp:attachment":[{"href":"https:\/\/gruene-bergedorf.de\/index.php\/wp-json\/wp\/v2\/media?parent=120"}],"curies":[{"name":"wp","href":"https:\/\/api.w.org\/{rel}","templated":true}]}}