{"id":119,"date":"2024-10-17T20:07:09","date_gmt":"2024-10-17T18:07:09","guid":{"rendered":"https:\/\/wordpress86.gcms.verdigado.net\/?page_id=119"},"modified":"2025-04-23T15:42:24","modified_gmt":"2025-04-23T13:42:24","slug":"gemeinsam-fuer-mehr-gerechtigkeit-den-sozialen-zusammenhalt-im-quartier-sichern","status":"publish","type":"page","link":"https:\/\/gruene-bergedorf.de\/index.php\/gemeinsam-fuer-mehr-gerechtigkeit-den-sozialen-zusammenhalt-im-quartier-sichern\/","title":{"rendered":"Gemeinsam f\u00fcr mehr Gerechtigkeit &#8211; den sozialen Zusammenhalt im Quartier sichern."},"content":{"rendered":"\n<figure class=\"wp-block-embed is-type-rich is-provider-spotify wp-block-embed-spotify wp-embed-aspect-21-9 wp-has-aspect-ratio\"><div class=\"wp-block-embed__wrapper\">\n\t\t<div class=\"embed-privacy-container is-disabled embed-spotify\" data-embed-id=\"oembed_1a2ae1a503dedfa9ed625ac53cc4589b\" data-embed-provider=\"spotify\" style=\"aspect-ratio: 876\/152;\">\t\t\t\t\t\t<button type=\"button\" class=\"embed-privacy-enable screen-reader-text\">\u201eSpotify Embed: Kapitel 7 | Gemeinsam f\u00fcr mehr Gerechtigkeit\u201c von Spotify anzeigen<\/button>\t\t\t\t\t\t<div class=\"embed-privacy-overlay\">\t\t\t\t<div class=\"embed-privacy-inner\">\t\t\t\t\t<div class=\"embed-privacy-logo\" style=\"background-image: url(https:\/\/gruene-bergedorf.de\/wp-content\/plugins\/embed-privacy\/assets\/images\/embed-spotify.png?ver=1.12.3);\"><\/div>\t\t<p>\t\tHier klicken, um den Inhalt von Spotify anzuzeigen.\t\t\t\t\t<br>\t\t\t\t\tErfahre mehr in der <a href=\"https:\/\/www.spotify.com\/privacy\/\" target=\"_blank\">Datenschutzerkl\u00e4rung von Spotify<\/a>.\t\t<\/p>\t\t<p class=\"embed-privacy-input-wrapper\">\t\t\t<input id=\"embed-privacy-store-spotify-1a2ae1a503dedfa9ed625ac53cc4589b\" type=\"checkbox\" value=\"1\" class=\"embed-privacy-input\" data-embed-provider=\"spotify\">\t\t\t<label for=\"embed-privacy-store-spotify-1a2ae1a503dedfa9ed625ac53cc4589b\" class=\"embed-privacy-label\" data-embed-provider=\"spotify\">\t\t\t\tInhalt von Spotify immer anzeigen\t\t\t<\/label>\t\t<\/p>\t\t\t\t\t\t<\/div>\t\t\t\t\t\t\t\t<div class=\"embed-privacy-footer\"><span class=\"embed-privacy-url\"><a href=\"https:\/\/open.spotify.com\/episode\/2eTt99nWiIvSrj6mfC50AE?si=e998438d68bb405c\">\u201eSpotify Embed: Kapitel 7 | Gemeinsam f\u00fcr mehr Gerechtigkeit\u201c direkt \u00f6ffnen<\/a><\/span><\/div>\t\t\t<\/div>\t\t\t\t\t\t<div class=\"embed-privacy-content\">\t\t\t\t<script>var _oembed_1a2ae1a503dedfa9ed625ac53cc4589b = '{\\\"embed\\\":\\\"&lt;iframe title=&quot;Spotify Embed: Kapitel 7 | Gemeinsam f&uuml;r mehr Gerechtigkeit&quot; style=&quot;border-radius: 12px&quot; width=&quot;100%&quot; height=&quot;152&quot; frameborder=&quot;0&quot; allowfullscreen allow=&quot;autoplay; clipboard-write; encrypted-media; fullscreen; picture-in-picture&quot; loading=&quot;lazy&quot; src=&quot;https:\\\\\/\\\\\/open.spotify.com\\\\\/embed\\\\\/episode\\\\\/2eTt99nWiIvSrj6mfC50AE?si=e998438d68bb405c&amp;utm_source=oembed&quot;&gt;&lt;\\\\\/iframe&gt;\\\"}';<\/script>\t\t\t<\/div>\t\t<\/div>\t\t\n<\/div><\/figure>\n\n\n\n<div style=\"height:100px\" aria-hidden=\"true\" class=\"wp-block-spacer\"><\/div>\n\n\n\n<h2 class=\"wp-block-heading has-text-align-center\">Kapitel 7 <\/h2>\n\n\n\n<p>Die Krisen unserer Zeit k\u00f6nnen wir nur gemeinsam bew\u00e4ltigen. Wir sind \u00fcberzeugt, dass das Fundament f\u00fcr ein funktionierendes Miteinander in unserer Stadt die soziale Gerechtigkeit ist. Zu einer sozial gerechten Gesellschaft geh\u00f6rt eine kulturelle und soziale Infrastruktur, die alle Bergedorfer*innen mit ihren verschiedenen Herausforderungen auff\u00e4ngt und unterst\u00fctzt. Dazu z\u00e4hlt eine gute Ausstattung des Bezirksamtes, das wir als b\u00fcrgernahen Dienstleister sehen.<\/p>\n\n\n\n<p>Wir stehen f\u00fcr ein Bergedorf, das jeder\/jedem gesellschaftliche Teilhabe, Bildung, soziale Unterst\u00fctzung und die Versorgung mit Dingen des t\u00e4glichen Bedarfs erm\u00f6glicht. Sportst\u00e4tten, Gr\u00fcnfl\u00e4chen zur Naherholung, Stadtteilkultur, Kitas und Einrichtungen der offenen Kinder- und Jugendarbeit geh\u00f6ren ebenso dazu wie eine gute \u00e4rztliche Versorgung und ein bedarfsdeckender Einzelhandel.<\/p>\n\n\n\n<p>Wir wollen Nachbarschaften dadurch st\u00e4rken, dass wir durch passende sozialr\u00e4umliche Angebote f\u00fcr mehr Teilhabe, mehr Austausch untereinander und ein besseres Leben im eigenen Quartier sorgen. Dabei ist es uns ein besonderes Anliegen, die Menschen bei der Gestaltung ihrer Nachbarschaft und ihres Zusammenlebens zu unterst\u00fctzen.<\/p>\n\n\n\n<p>Wir haben uns bereits f\u00fcr eine l\u00e4ngerfristige Jugendhilfeplanung eingesetzt und daf\u00fcr Personalressourcen bekommen. Denn die Jugendhilfeplanung soll alle Kinder und Jugendlichen einbeziehen und partizipativ angelegt werden. Diese Ans\u00e4tze der Beteiligung werden wir weiterhin st\u00e4rken.<\/p>\n\n\n\n<div style=\"height:100px\" aria-hidden=\"true\" class=\"wp-block-spacer\"><\/div>\n\n\n\n<h4 class=\"wp-block-heading\"><strong>Wof\u00fcr wir uns in den kommenden Jahren einsetzen werden:<\/strong><\/h4>\n\n\n\n<p>Wir wollen die Finanzierung der Bergedorfer B\u00fcrgerh\u00e4user sichern sowie gewachsene ehrenamtliche Strukturen im sozialen Bereich kontinuierlich unterst\u00fctzen.<\/p>\n\n\n\n<p>Der&nbsp;<strong>Vereinssport<\/strong>&nbsp;braucht vor allem R\u00e4ume. Bei der Verteilung der vorhandenen Kapazit\u00e4ten wollen wir die Bed\u00fcrfnisse ortsnaher Vereine sichern. Damit alle Kinder im Bezirk schwimmen lernen k\u00f6nnen, setzen wir uns f\u00fcr ein zweites Schwimmbad im Bezirk Bergedorf, in Oberbillwerder, ein.<\/p>\n\n\n\n<p>Solidarit\u00e4t und ein unkomplizierter, diskriminierungsfreier Zugang zu vielf\u00e4ltigen Angeboten in der Stadt sind elementar f\u00fcr unseren sozialen Zusammenhalt. Gerade in Krisen zeigt sich, wie wichtig das Bezirksamt f\u00fcr die B\u00fcrger*innen ist. Wir sorgen daf\u00fcr, dass seine&nbsp;<strong>Dienstleistungszentren<\/strong>&nbsp;gut ausgestattet und aufgestellt sind, so digital wie m\u00f6glich und gleichzeitig b\u00fcrgernah vor Ort.<\/p>\n\n\n\n<p>Wir werden die Bergedorfer Innenstadt mit genug&nbsp;<strong>Sitzgelegenheiten<\/strong>&nbsp;ausr\u00fcsten, um \u00e4lteren und mobilit\u00e4tseingeschr\u00e4nkten Mitb\u00fcrger*innen einen besseren Aufenthalt zu erm\u00f6glichen. Zudem wollen wir unseren Bezirk generell altersfreundlicher machen und uns dem WHO-Netzwerk der \u201dAge-friendly Cities and Communities\u201d anschlie\u00dfen.<\/p>\n\n\n\n<p>Wir fordern mehr \u00f6ffentliche&nbsp;<strong>Hotspots<\/strong>&nbsp;in Bergedorf. Die Breitbandversorgung in Deutschland wird zwar besser, es gibt aber dennoch Bev\u00f6lkerungsgruppen, f\u00fcr die freier Internetzugang wichtig ist.<\/p>\n\n\n\n<p>Kinder und Jugendliche brauchen R\u00e4ume, in denen sie sich treffen und ausprobieren k\u00f6nnen. Deshalb machen wir uns in f\u00fcr die Sanierung der&nbsp;<strong>Jugendeinrichtungen<\/strong>&nbsp;stark, zuletzt des Clippo, demn\u00e4chst insbesondere des Pinkhauses.<\/p>\n\n\n\n<p>Wir wollen gemeinsam mit jungen Menschen in einer&nbsp;<strong>Jugendkonferenz<\/strong>&nbsp;debattieren, wie und wo Jugendarbeit verbessert werden kann. Themen daf\u00fcr sollen unter anderem Kultur- und Freizeitangebote und die Einf\u00fchrung eines Jugendbeirats f\u00fcr den Bezirk Bergedorf sein. Die auf unsere Initiative eingef\u00fchrten Jugendsprechstunden mit der Bezirksamtsleiterin wollen wir weiterf\u00fchren und inhaltlich weiterentwickeln.<\/p>\n\n\n\n<p>Wir streben die Einrichtung eines&nbsp;<strong>bezirklichen Jugendbeirats<\/strong>&nbsp;an, damit analog zum Seniorenbeirat auch die junge Generation eine starke Stimme in der Bezirkspolitik bekommt. Zu diesem Zweck setzen wir uns f\u00fcr die Schaffung einer Koordinationsstelle f\u00fcr Jugendbeteiligung bei der Hamburger Fachbeh\u00f6rde sowie f\u00fcr eine Ausstattung des Bezirks mit einer personellen Ressource f\u00fcr den Aufbau und Betreuung des neuen Gremiums ein.<\/p>\n\n\n\n<p>Wir setzen uns f\u00fcr eine Neuausrichtung des&nbsp;<strong>Bergedorfer Kindertag<\/strong>es ein. Demokratief\u00f6rderung und Partizipation sollen wesentliche Bausteine des Kindertages sein.<\/p>\n\n\n\n<p>Wir setzen uns f\u00fcr eine breitere Verankerung des&nbsp;<strong>Esther-Bejanaro-Pr\u00e4ventionspreis<\/strong>es f\u00fcr das Engagement von Kindern und Jugendlichen ein.<\/p>\n\n\n\n<p>Wir werden den Prozess, in Bergedorf eine Tagesst\u00e4tte f\u00fcr&nbsp;<strong>Obdachlose<\/strong>&nbsp;einzurichten, aktiv vorantreiben. Wir wollen das Projekt \u201d<strong>Lebenspl\u00e4tze<\/strong>\u201d zur Hilfe bei wohnungslosen Menschen weiterf\u00fchren und fordern eine wissenschaftliche Begleitung dieses einmaligen Projektes.<\/p>\n\n\n\n<p>\u00dcber 15% der Bergedorfer B\u00fcrger*innen haben keinen deutschen Pass, viele einen Migrationshintergrund. Deswegen wollen wir den 2019 eingeschlafenen&nbsp;<strong>Integrationsbeirat<\/strong>&nbsp;bei der Reaktivierung unterst\u00fctzen, um der Perspektive zugewanderter B\u00fcrger*innen mehr Raum zu geben \u00e4hnlich dem gut etablierten Senior*innenbeirats.<\/p>\n\n\n\n<p>Um dem zu erwartenden Mangel in der&nbsp;<strong>haus- und kinder\u00e4rztlichen Versorgung<\/strong>&nbsp;entgegenzuwirken, setzen wir uns daf\u00fcr ein, dass insbesondere dort, wo sich die Nachfolge schwierig gestaltet, neue Tr\u00e4germodelle f\u00fcr Praxen realisiert werden. Im Zuge der bevorstehenden Krankenhausreform wollen wir das Agaplesion Bethesda Krankenhaus als Allgemein- und Fachversorger st\u00e4rken und ausbauen. Besonderes Augenmerk werden wir auf die Notfallversorgung richten.<\/p>\n\n\n\n<p><strong>Gesunde Ern\u00e4hrung<\/strong>&nbsp;ist einer der wichtigsten Pfeiler f\u00fcr ein langes und gesundes Leben. Deshalb wollen wir, dass die Ern\u00e4hrungsbildung in Bergedorfer Kitas und Kinderg\u00e4rten gef\u00f6rdert wird.<\/p>\n\n\n\n<p>Wir wollen das kommunale\u00a0<strong>Gesundheitsf\u00f6rderungsmanagement<\/strong>\u00a0st\u00e4rken und ausbauen. Insbesondere st\u00e4rken wir das im Aufbau befindliche bezirkliche Kompetenznetzwerk gegen Einsamkeit. Hier werden wir uns f\u00fcr weitere F\u00f6rderm\u00f6glichkeiten auch auf Landes- und Bundesebene einsetzen.<\/p>\n\n\n\n<p>Wir fordern einen&nbsp;<strong>Inklusionsbeirat<\/strong>, in dem betroffene Menschen die Bergedorfer Politik in allen wesentlichen Fragen, die die Belange von Menschen mit Behinderungen ber\u00fchren, beraten und unterst\u00fctzen. Zudem soll der Inklusionsbeirat vom Bezirksamt personell unterst\u00fctzt werden und in den Fachaussch\u00fcssen der Bezirksversammlung Rederecht erhalten.<\/p>\n\n\n\n<p>Grunds\u00e4tzlich wollen wir gelebte Integration in allen Altersschichten, damit eine \u00e4lter werdende Gesellschaft auch von den Vorteilen von Zuwanderung und einem bunten Bergedorf profitieren kann. Wir bef\u00fcrworten Ideen wie interkulturelle&nbsp;<strong>Mehrgenerationenh\u00e4user<\/strong>, um diesen Gedanken zu f\u00f6rdern.<\/p>\n\n\n\n<p>Demokratie braucht Demokrat*innen. Wir unterst\u00fctzen&nbsp;<strong>demokratische Schulentwicklung<\/strong>, damit Kinder und Jugendliche lernen und erleben was Partizipation und Selbstwirksamkeit in einer offenen Gesellschaft bedeuten.<\/p>\n\n\n\n<div style=\"height:100px\" aria-hidden=\"true\" class=\"wp-block-spacer\"><\/div>\n\n\n\n<div class=\"wp-block-buttons is-content-justification-center is-layout-flex wp-container-core-buttons-is-layout-16018d1d wp-block-buttons-is-layout-flex\">\n<div class=\"wp-block-button\"><a class=\"wp-block-button__link wp-element-button\" href=\"https:\/\/gruene-bergedorf.de\/index.php\/ein-gruenes-oberbillwerder-klimaneutral-oekologisch-und-sozial\/\">zur\u00fcck<\/a><\/div>\n\n\n\n<div class=\"wp-block-button\"><a class=\"wp-block-button__link wp-element-button\" href=\"https:\/\/gruene-bergedorf.de\/index.php\/die-vier-und-marschlande\/\">weiter<\/a><\/div>\n<\/div>\n","protected":false},"excerpt":{"rendered":"<p>Kapitel 7 Die Krisen unserer Zeit k\u00f6nnen wir nur gemeinsam bew\u00e4ltigen. Wir sind \u00fcberzeugt, dass das Fundament f\u00fcr ein funktionierendes Miteinander in unserer Stadt die soziale Gerechtigkeit ist. Zu einer [&hellip;]<\/p>\n","protected":false},"author":3,"featured_media":0,"parent":0,"menu_order":0,"comment_status":"closed","ping_status":"closed","template":"","meta":{"footnotes":""},"class_list":["post-119","page","type-page","status-publish","hentry"],"_links":{"self":[{"href":"https:\/\/gruene-bergedorf.de\/index.php\/wp-json\/wp\/v2\/pages\/119","targetHints":{"allow":["GET"]}}],"collection":[{"href":"https:\/\/gruene-bergedorf.de\/index.php\/wp-json\/wp\/v2\/pages"}],"about":[{"href":"https:\/\/gruene-bergedorf.de\/index.php\/wp-json\/wp\/v2\/types\/page"}],"author":[{"embeddable":true,"href":"https:\/\/gruene-bergedorf.de\/index.php\/wp-json\/wp\/v2\/users\/3"}],"replies":[{"embeddable":true,"href":"https:\/\/gruene-bergedorf.de\/index.php\/wp-json\/wp\/v2\/comments?post=119"}],"version-history":[{"count":6,"href":"https:\/\/gruene-bergedorf.de\/index.php\/wp-json\/wp\/v2\/pages\/119\/revisions"}],"predecessor-version":[{"id":919,"href":"https:\/\/gruene-bergedorf.de\/index.php\/wp-json\/wp\/v2\/pages\/119\/revisions\/919"}],"wp:attachment":[{"href":"https:\/\/gruene-bergedorf.de\/index.php\/wp-json\/wp\/v2\/media?parent=119"}],"curies":[{"name":"wp","href":"https:\/\/api.w.org\/{rel}","templated":true}]}}