{"id":118,"date":"2024-10-17T20:07:09","date_gmt":"2024-10-17T18:07:09","guid":{"rendered":"https:\/\/wordpress86.gcms.verdigado.net\/?page_id=118"},"modified":"2025-01-20T16:11:53","modified_gmt":"2025-01-20T15:11:53","slug":"ein-gruenes-oberbillwerder-klimaneutral-oekologisch-und-sozial","status":"publish","type":"page","link":"https:\/\/gruene-bergedorf.de\/index.php\/ein-gruenes-oberbillwerder-klimaneutral-oekologisch-und-sozial\/","title":{"rendered":"Ein Gr\u00fcnes Oberbillwerder &#8211; klimaneutral, \u00f6kologisch und sozial."},"content":{"rendered":"\n<figure class=\"wp-block-embed is-type-rich is-provider-spotify wp-block-embed-spotify wp-embed-aspect-21-9 wp-has-aspect-ratio\"><div class=\"wp-block-embed__wrapper\">\n\t\t<div class=\"embed-privacy-container is-disabled embed-spotify\" data-embed-id=\"oembed_d0c6b9d6a5ba5d1cf7e49e311d3063cc\" data-embed-provider=\"spotify\" style=\"aspect-ratio: 876\/152;\">\t\t\t\t\t\t<button type=\"button\" class=\"embed-privacy-enable screen-reader-text\">\u201eSpotify Embed: Kapitel 6 | Ein Gr\u00fcnes Oberbillwerder &#8211; klimaneutral, \u00f6kologisch und sozial\u201c von Spotify anzeigen<\/button>\t\t\t\t\t\t<div class=\"embed-privacy-overlay\">\t\t\t\t<div class=\"embed-privacy-inner\">\t\t\t\t\t<div class=\"embed-privacy-logo\" style=\"background-image: url(https:\/\/gruene-bergedorf.de\/wp-content\/plugins\/embed-privacy\/assets\/images\/embed-spotify.png?ver=1.12.3);\"><\/div>\t\t<p>\t\tHier klicken, um den Inhalt von Spotify anzuzeigen.\t\t\t\t\t<br>\t\t\t\t\tErfahre mehr in der <a href=\"https:\/\/www.spotify.com\/privacy\/\" target=\"_blank\">Datenschutzerkl\u00e4rung von Spotify<\/a>.\t\t<\/p>\t\t<p class=\"embed-privacy-input-wrapper\">\t\t\t<input id=\"embed-privacy-store-spotify-d0c6b9d6a5ba5d1cf7e49e311d3063cc\" type=\"checkbox\" value=\"1\" class=\"embed-privacy-input\" data-embed-provider=\"spotify\">\t\t\t<label for=\"embed-privacy-store-spotify-d0c6b9d6a5ba5d1cf7e49e311d3063cc\" class=\"embed-privacy-label\" data-embed-provider=\"spotify\">\t\t\t\tInhalt von Spotify immer anzeigen\t\t\t<\/label>\t\t<\/p>\t\t\t\t\t\t<\/div>\t\t\t\t\t\t\t\t<div class=\"embed-privacy-footer\"><span class=\"embed-privacy-url\"><a href=\"https:\/\/open.spotify.com\/episode\/27rS7F1gDKn7Uro50RNg4a?si=02f9b3c89b264a16\">\u201eSpotify Embed: Kapitel 6 | Ein Gr\u00fcnes Oberbillwerder &#8211; klimaneutral, \u00f6kologisch und sozial\u201c direkt \u00f6ffnen<\/a><\/span><\/div>\t\t\t<\/div>\t\t\t\t\t\t<div class=\"embed-privacy-content\">\t\t\t\t<script>var _oembed_d0c6b9d6a5ba5d1cf7e49e311d3063cc = '{\\\"embed\\\":\\\"&lt;iframe title=&quot;Spotify Embed: Kapitel 6 | Ein Gr&uuml;nes Oberbillwerder - klimaneutral, &ouml;kologisch und sozial&quot; style=&quot;border-radius: 12px&quot; width=&quot;100%&quot; height=&quot;152&quot; frameborder=&quot;0&quot; allowfullscreen allow=&quot;autoplay; clipboard-write; encrypted-media; fullscreen; picture-in-picture&quot; loading=&quot;lazy&quot; src=&quot;https:\\\\\/\\\\\/open.spotify.com\\\\\/embed\\\\\/episode\\\\\/27rS7F1gDKn7Uro50RNg4a?si=02f9b3c89b264a16&amp;utm_source=oembed&quot;&gt;&lt;\\\\\/iframe&gt;\\\"}';<\/script>\t\t\t<\/div>\t\t<\/div>\t\t\n<\/div><\/figure>\n\n\n\n<div style=\"height:100px\" aria-hidden=\"true\" class=\"wp-block-spacer\"><\/div>\n\n\n\n<h2 class=\"wp-block-heading has-text-align-center\">Kapitel 6<\/h2>\n\n\n\n<p>Wir begr\u00fc\u00dfen das Ergebnis der langj\u00e4hrigen Planungen zu dem neuen Stadtteil Oberbillwerder und haben uns aktiv an seiner Gestaltung beteiligt. Wir sehen in den Planungen f\u00fcr Oberbillwerder die M\u00f6glichkeit, einen modernen Stadtteil mit viel Potenzial f\u00fcr ein soziales Miteinander in der Zukunft zu schaffen und klimafreundliche Konzepte umzusetzen. Es ist unser Ziel, dass dieser 105. Stadtteil Hamburgs seine Vorreiterrolle in Sachen Nachhaltigkeit einnimmt.<\/p>\n\n\n\n<p>Als Gr\u00fcne haben wir erfolgreich durchgesetzt, dass der Stadtteil autoarm geplant wird, die Energieversorgung klimafreundlich ist und \u00f6kologische Aspekte besonders ber\u00fccksichtigt werden. Die verdichtete Bauweise und das Angebot an Baugemeinschaften erg\u00e4nzen die Vision eines vielf\u00e4ltigen und lebenswerten Stadtteils, der nicht nur zum \u00dcbernachten einl\u00e4dt, sondern auch eine umfassende Infrastruktur bietet. Mit diesen Ma\u00dfnahmen m\u00f6chten wir den Bed\u00fcrfnissen der modernen Gro\u00dfst\u00e4dter*innen gerecht werden und gleichzeitig die Natur in der Stadt erhalten.<\/p>\n\n\n\n<p>Im autoarmen Konzept von Oberbillwerder werden Stra\u00dfen und Wege so gestaltet, dass sie f\u00fcr Fu\u00dfg\u00e4nger*innen, Fahrradfahrer*innen sowie den \u00f6ffentlichen Nahverkehr optimal zug\u00e4nglich sind. Durch breite Fu\u00dfg\u00e4ngerzonen, Fahrradwege und gut angebundene Haltestellen des \u00f6ffentlichen Nahverkehrs schaffen wir eine lebendige und lebenswerte Umgebung. Dar\u00fcber hinaus werden wir Ma\u00dfnahmen ergreifen, um sicherzustellen, dass der Autoverkehr in Oberbillwerder nicht zu einer zus\u00e4tzlichen Belastung f\u00fcr angrenzende Stadtteile f\u00fchrt. Wir werden verkehrslenkende Ma\u00dfnahmen implementieren, um den Durchgangsverkehr zu vermeiden und die Wohngebiete der umliegenden Stadtteile davor und vor zus\u00e4tzlichem Parken zu sch\u00fctzen. F\u00fcr Zulieferer, Dienstleister sowie Handwerker*innen soll es jedoch auch in Oberbillwerder, gerade wegen der Planung als autoarmer Stadtteil, ausreichend Parkm\u00f6glichkeiten geben, um eine einfache und hindernisfreie Versorgung der Bewohner*innen sicherzustellen.<\/p>\n\n\n\n<div style=\"height:100px\" aria-hidden=\"true\" class=\"wp-block-spacer\"><\/div>\n\n\n\n<h4 class=\"wp-block-heading\"><strong>Wof\u00fcr wir uns in den kommenden Jahren einsetzen werden:<\/strong><\/h4>\n\n\n\n<p>Wir wollen die kulturelle Dimension konkret in den Fokus nehmen, im Sinne der lokalen Anbindung umliegende Orte der kulturellen Identit\u00e4t in die weiteren Planungen einbinden: die historische Kirche in Billwerder beispielsweise als wichtiger Ort spiritueller Ruhe oder die Vereine unterschiedlicher Communities in Neuallerm\u00f6he als Gestalter*innen \u00f6ffentlichen Austausches. Orte des Zusammenkommens, kulturellen Gestaltens und Erlebens brauchen in der Planung fr\u00fchzeitig Partner*innen.<\/p>\n\n\n\n<p>Neben den bekannten Planungen des&nbsp;<strong>Schwimmbad<\/strong>s wollen wir die Ausgestaltung des Stadtteils als&nbsp;<strong>ActiveCity<\/strong>&nbsp;konkretisieren und Akteur*innen des Sports im Bezirk beteiligen.<\/p>\n\n\n\n<p>Wir wollen bei den weiteren Planungen die Bedarfe des&nbsp;<strong>Handwerk<\/strong>s und Mittelstands, die dort eine Rolle spielen sollen, enger einpreisen.<\/p>\n\n\n\n<p>Aspekte der&nbsp;<strong>altersgerechten Stadtplanung<\/strong>&nbsp;sollen fr\u00fchzeitig auch kleinteilig entlang des Konzeptes der Age Friendly City ber\u00fccksichtigt werden.<\/p>\n\n\n\n<p>Wir wollen den&nbsp;<strong>Umweltverbund<\/strong>&nbsp;(Fu\u00dfg\u00e4nger*innen, Radfahrer*innen und Busverkehr) in Oberbillwerder und in den angrenzenden Stadtteilen bei allen Stra\u00dfenplanungen gegen\u00fcber dem Individualverkehr deutlich bevorzugen, um den vom Senat f\u00fcr 2030 angestrebten Anteil des Umweltverbunds am gesamten Verkehrsaufkommen (Modal Split) von 80% zu erreichen. Hierzu geh\u00f6rt unter anderem, dass der geplante Radschnellweg nach Bergedorf bei allen Stra\u00dfen kreuzungsfrei funktionieren muss, um Konflikte zwischen Radfahrer*innen, Fu\u00dfg\u00e4nger*innen und dem Individualverkehr zu vermeiden.<\/p>\n\n\n\n<p>Wir setzen darauf, dass weiter konsequent an den fehlenden Gleichrichterwerken f\u00fcr die Stromversorgung entlang der S-Bahnstrecke nach Bergedorf gearbeitet wird, um die versprochenen Langz\u00fcge (Z\u00fcge mit 9 Wagen) bis sp\u00e4testens zum Einzug der ersten Bewohner*innen zu realisieren.<\/p>\n\n\n\n<p>Wir werden nach Pr\u00e4mierung des Wettbewerbs die Verwirklichung des&nbsp;<strong>Gr\u00fcnen Loop<\/strong>s eng begleiten und konsequent neben der hohen Aufenthaltsqualit\u00e4t f\u00fcr den Menschen auch auf die Belange der Fauna und Flora vor Ort achten.<\/p>\n\n\n\n<p>Wir wollen darauf hinzuwirken, mit den potenziellen Investor*innen im Quartier und&nbsp;<strong>Baugemeinschaften<\/strong>&nbsp;zeitnah auf bezirklicher Ebene in Dialog zu treten und in diesem Rahmen die Auswirkungen der Einigung mit der Initiative \u201dKeine Profite mit Boden und Miete\u201d auf Oberbillwerder pr\u00e4zisieren, um Klarheit dar\u00fcber herzustellen, welche Rahmenbedingungen f\u00fcr die Stadtentwicklung in Oberbillwerder f\u00fcr alle gelten werden, die dort bauen wollen.<\/p>\n\n\n\n<div style=\"height:100px\" aria-hidden=\"true\" class=\"wp-block-spacer\"><\/div>\n\n\n\n<div class=\"wp-block-buttons is-content-justification-center is-layout-flex wp-container-core-buttons-is-layout-16018d1d wp-block-buttons-is-layout-flex\">\n<div class=\"wp-block-button\"><a class=\"wp-block-button__link wp-element-button\" href=\"https:\/\/gruene-bergedorf.de\/index.php\/jedes-viertel-braucht-seinen-dorfplatz\/\">zur\u00fcck<\/a><\/div>\n\n\n\n<div class=\"wp-block-button\"><a class=\"wp-block-button__link wp-element-button\" href=\"https:\/\/gruene-bergedorf.de\/index.php\/gemeinsam-fuer-mehr-gerechtigkeit-den-sozialen-zusammenhalt-im-quartier-sichern\/\">weiter<\/a><\/div>\n<\/div>\n","protected":false},"excerpt":{"rendered":"<p>Kapitel 6 Wir begr\u00fc\u00dfen das Ergebnis der langj\u00e4hrigen Planungen zu dem neuen Stadtteil Oberbillwerder und haben uns aktiv an seiner Gestaltung beteiligt. Wir sehen in den Planungen f\u00fcr Oberbillwerder die [&hellip;]<\/p>\n","protected":false},"author":3,"featured_media":0,"parent":0,"menu_order":0,"comment_status":"closed","ping_status":"closed","template":"","meta":{"footnotes":""},"class_list":["post-118","page","type-page","status-publish","hentry"],"_links":{"self":[{"href":"https:\/\/gruene-bergedorf.de\/index.php\/wp-json\/wp\/v2\/pages\/118","targetHints":{"allow":["GET"]}}],"collection":[{"href":"https:\/\/gruene-bergedorf.de\/index.php\/wp-json\/wp\/v2\/pages"}],"about":[{"href":"https:\/\/gruene-bergedorf.de\/index.php\/wp-json\/wp\/v2\/types\/page"}],"author":[{"embeddable":true,"href":"https:\/\/gruene-bergedorf.de\/index.php\/wp-json\/wp\/v2\/users\/3"}],"replies":[{"embeddable":true,"href":"https:\/\/gruene-bergedorf.de\/index.php\/wp-json\/wp\/v2\/comments?post=118"}],"version-history":[{"count":5,"href":"https:\/\/gruene-bergedorf.de\/index.php\/wp-json\/wp\/v2\/pages\/118\/revisions"}],"predecessor-version":[{"id":688,"href":"https:\/\/gruene-bergedorf.de\/index.php\/wp-json\/wp\/v2\/pages\/118\/revisions\/688"}],"wp:attachment":[{"href":"https:\/\/gruene-bergedorf.de\/index.php\/wp-json\/wp\/v2\/media?parent=118"}],"curies":[{"name":"wp","href":"https:\/\/api.w.org\/{rel}","templated":true}]}}