{"id":117,"date":"2024-10-17T20:07:09","date_gmt":"2024-10-17T18:07:09","guid":{"rendered":"https:\/\/wordpress86.gcms.verdigado.net\/?page_id=117"},"modified":"2025-01-20T16:11:34","modified_gmt":"2025-01-20T15:11:34","slug":"jedes-viertel-braucht-seinen-dorfplatz","status":"publish","type":"page","link":"https:\/\/gruene-bergedorf.de\/index.php\/jedes-viertel-braucht-seinen-dorfplatz\/","title":{"rendered":"Jedes Viertel braucht seinen Dorfplatz."},"content":{"rendered":"\n<figure class=\"wp-block-embed is-type-rich is-provider-spotify wp-block-embed-spotify wp-embed-aspect-21-9 wp-has-aspect-ratio\"><div class=\"wp-block-embed__wrapper\">\n\t\t<div class=\"embed-privacy-container is-disabled embed-spotify\" data-embed-id=\"oembed_ac0feb7e7cda9e1405f73f0b7be47544\" data-embed-provider=\"spotify\" style=\"aspect-ratio: 876\/152;\">\t\t\t\t\t\t<button type=\"button\" class=\"embed-privacy-enable screen-reader-text\">\u201eSpotify Embed: Kapitel 5 | Jedes Viertel braucht seinen Dorfplatz\u201c von Spotify anzeigen<\/button>\t\t\t\t\t\t<div class=\"embed-privacy-overlay\">\t\t\t\t<div class=\"embed-privacy-inner\">\t\t\t\t\t<div class=\"embed-privacy-logo\" style=\"background-image: url(https:\/\/gruene-bergedorf.de\/wp-content\/plugins\/embed-privacy\/assets\/images\/embed-spotify.png?ver=1.12.3);\"><\/div>\t\t<p>\t\tHier klicken, um den Inhalt von Spotify anzuzeigen.\t\t\t\t\t<br>\t\t\t\t\tErfahre mehr in der <a href=\"https:\/\/www.spotify.com\/privacy\/\" target=\"_blank\">Datenschutzerkl\u00e4rung von Spotify<\/a>.\t\t<\/p>\t\t<p class=\"embed-privacy-input-wrapper\">\t\t\t<input id=\"embed-privacy-store-spotify-ac0feb7e7cda9e1405f73f0b7be47544\" type=\"checkbox\" value=\"1\" class=\"embed-privacy-input\" data-embed-provider=\"spotify\">\t\t\t<label for=\"embed-privacy-store-spotify-ac0feb7e7cda9e1405f73f0b7be47544\" class=\"embed-privacy-label\" data-embed-provider=\"spotify\">\t\t\t\tInhalt von Spotify immer anzeigen\t\t\t<\/label>\t\t<\/p>\t\t\t\t\t\t<\/div>\t\t\t\t\t\t\t\t<div class=\"embed-privacy-footer\"><span class=\"embed-privacy-url\"><a href=\"https:\/\/open.spotify.com\/episode\/7iZmunHhVzVFDdNUbZkmg9?si=baa386094a004dbb\">\u201eSpotify Embed: Kapitel 5 | Jedes Viertel braucht seinen Dorfplatz\u201c direkt \u00f6ffnen<\/a><\/span><\/div>\t\t\t<\/div>\t\t\t\t\t\t<div class=\"embed-privacy-content\">\t\t\t\t<script>var _oembed_ac0feb7e7cda9e1405f73f0b7be47544 = '{\\\"embed\\\":\\\"&lt;iframe title=&quot;Spotify Embed: Kapitel 5 | Jedes Viertel braucht seinen Dorfplatz&quot; style=&quot;border-radius: 12px&quot; width=&quot;100%&quot; height=&quot;152&quot; frameborder=&quot;0&quot; allowfullscreen allow=&quot;autoplay; clipboard-write; encrypted-media; fullscreen; picture-in-picture&quot; loading=&quot;lazy&quot; src=&quot;https:\\\\\/\\\\\/open.spotify.com\\\\\/embed\\\\\/episode\\\\\/7iZmunHhVzVFDdNUbZkmg9?si=baa386094a004dbb&amp;utm_source=oembed&quot;&gt;&lt;\\\\\/iframe&gt;\\\"}';<\/script>\t\t\t<\/div>\t\t<\/div>\t\t\n<\/div><\/figure>\n\n\n\n<div style=\"height:100px\" aria-hidden=\"true\" class=\"wp-block-spacer\"><\/div>\n\n\n\n<h2 class=\"wp-block-heading has-text-align-center\">Kapitel 5<\/h2>\n\n\n\n<p>Wir stehen f\u00fcr ein gr\u00fcnes Bergedorf der kurzen Wege. Dazu soll jede*r Bergedorfer*in die M\u00f6glichkeit haben, Einkaufsgelegenheiten sowie Angebote der Freizeitgestaltung und der Naherholung innerhalb von f\u00fcnfzehn Minuten zu Fu\u00df, mit dem Fahrrad oder dem \u00d6PNV zu erreichen. So mancher historische Ortskern l\u00e4sst heute Orte des Zusammenkommens vermissen, manch neues Quartier braucht erst noch neue Orte der Identifikation. Ein gr\u00fcneres Zentrum soll die Lebendigkeit des Stadtteils erh\u00f6hen, indem es zum Aufenthalt und Austausch einl\u00e4dt und die Identifikation mit dem Stadtteil st\u00e4rkt.<\/p>\n\n\n\n<p>Wir wollen zudem den Wandel der Innenst\u00e4dte aktiv gestalten. Daf\u00fcr m\u00fcssen wir die Stadtgestaltung neu denken. Eine Belebung durch Wohnen, Arbeiten, Kultur, Gastronomie und Freizeitaktivit\u00e4ten bietet neue Chancen, die Fu\u00dfg\u00e4ngerzonen weiterhin attraktiv zu gestalten. Prozesse zur Bergedorfer Innenstadt haben wir bereits angesto\u00dfen und begleiten diese. Au\u00dferdem wollen wir die \u00f6ffentlichen Verkehrsverbindungen innerhalb Bergedorfs verbessern und setzen uns f\u00fcr eine bessere Anbindung an das Zentrum ein.<\/p>\n\n\n\n<p>Unser Einsatz in den letzten Jahren hat ma\u00dfgeblich dazu beigetragen, dass gekoppelt an unsere Zustimmung zum Bau Oberbillwerders Potenzialfl\u00e4chen in den Vier- und Marschlanden gestrichen wurden, um einer weiteren Zersiedelung dieser wertvollen Kulturlandschaft vorzubeugen. Diesen Ansatz wollen wir weiterverfolgen.<\/p>\n\n\n\n<div style=\"height:100px\" aria-hidden=\"true\" class=\"wp-block-spacer\"><\/div>\n\n\n\n<h4 class=\"wp-block-heading\"><strong>Wof\u00fcr wir uns in den kommenden Jahren einsetzen werden:<\/strong><\/h4>\n\n\n\n<p>Bergedorf zum Vorbild solidarischen Wirtschaftens machen! Wir wollen den Erfolg unserer Gesellschaft am Erreichen gemeinsamer Ziele und Zukunftsf\u00e4higkeit messen, nicht mehr allein an der Gr\u00f6\u00dfe des finanziellen Profits. L\u00e4ngst ist erkannt, dass unsere Art zu Wirtschaften in den vergangenen Jahrzehnten dem Gemeinwohl und den nachfolgenden Generationen nicht ausreichend Rechnung getragen hat. Durch das Ausbeuten des Planeten und der Menschen sind Sch\u00e4den entstanden, f\u00fcr die alle bezahlen, aber die nicht die in Unternehmensbilanzen einflie\u00dfen. Solidarit\u00e4t, Nachhaltigkeit und Demokratie sind Werte, die wir ins Zentrum unseres Schaffens stellen wollen. Zur Erreichung der Nachhaltigkeitsziele der Vereinten Nationen, zu denen wir uns verpflichtet haben, ist es dringend n\u00f6tig, schneller ins Handeln zu kommen. F\u00fcr diesen Wandel unseres Wirtschaftens ist weltweit einiges in Bewegung geraten und auch Hamburg hat sich bereits auf den Weg gemacht die Gemeinwohl-Bilanz als zus\u00e4tzliches Bilanzierungsinstrument einzuf\u00fchren. Durch den Rot-Gr\u00fcnen Koalitionsvertrag von 2020 wurde ein Pilotprojekt gestartet: die Stadtreinigung Hamburg wurde als \u00f6ffentliches Unternehmen dadurch zum Leuchtturmprojekt und zeigt nun, wie die Neubewertung von unternehmerischem Handeln in Hamburg funktionieren kann. Andernorts, beispielsweise in der Gemeinwohl-Region Kreis H\u00f6xter, gibt es bereits umfassende Erfahrung zur systematischen Erhebung der Gemeinwohl-Bilanz f\u00fcr Kommunen. \u00d6ffentliche Unternehmen haben ebenso wie St\u00e4dte und Kommunen eine wichtige Vorbildrolle f\u00fcr die nachhaltige Entwicklung. Wir wollen mit Bergedorf als ein solches Vorbild vorangehen und eine&nbsp;<strong>Gemeinwohl-Bilanz<\/strong>&nbsp;des Bezirks auf den Weg bringen.<\/p>\n\n\n\n<p>Wir wollen den&nbsp;<strong>Innovationsstandort Bergedorf<\/strong>&nbsp;st\u00e4rken, der mittlerweile viele Studierende in unseren Bezirk gelockt hat. Mit dem Energiecampus hat Bergedorf einen spannenden Hochschulstandort der HAW hinzugewonnen, wo das Herz des CC4E (die norddeutsche Energiewendekooperation) schl\u00e4gt. Wir werden uns daf\u00fcr einsetzen, dass sowohl dieser Standort wie auch weitere prominente Forschungseinrichtungen wie das Th\u00fcnen-Institut f\u00fcr Holzforschung oder die Sternwarte im Bezirk bleiben, der HAW-Standort der Fakult\u00e4t Life Sciences in Oberbillwerder realisiert wird und alle Einrichtungen Ansprechpartner*innen f\u00fcr ihre Belange finden.<\/p>\n\n\n\n<p>Die in absehbarer Zeit durch K\u00f6rber Technologies freiwerdende Fl\u00e4che soll auf eine Art und Weise entwickelt werden, die verhindert, dass die Neugestaltung sich allein an marktwirtschaftlichen Prinzipien orientiert. Die Entwicklung und langfristige Nutzung des zentral gelegenen&nbsp;<strong>Hauni-Areals<\/strong>&nbsp;wollen wir eng begleiten und gemeinsam mit B\u00fcrger*innen zukunftsf\u00e4hig gestalten.<\/p>\n\n\n\n<p>In Bergedorf werden in Zukunft gro\u00dfe neue Standorte nicht nur f\u00fcr Hauni, sondern auch f\u00fcr die&nbsp;<strong>HAW<\/strong>&nbsp;entstehen. Es soll bei der \u00dcberplanung der alten Fl\u00e4chen auch darauf geachtet werden, die bestehenden Geb\u00e4ude soweit m\u00f6glich zu erhalten und zu sanieren. Bei zu errichtenden Neubauten sollen nicht mehr genutzte Materialien des Bestands eingesetzt werden (Urban mining). Zudem muss bei der Entwicklung dieser Fl\u00e4chen darauf geachtet werden, dass diese zuk\u00fcnftig auch als Standorte f\u00fcr eine Vielzahl von \u00f6ffentlichen und privaten Einrichtungen, von Gastronomie, \u00fcber Kultur, Bildung, Freizeit, Soziales bis hin zu Arbeitsorten, Gewerbe- und Handwerkerh\u00f6fen und Verwaltungseinrichtungen dienen.<\/p>\n\n\n\n<p>Um die Attraktivit\u00e4t bestehender und neuer Wohnviertel zu st\u00e4rken und die Verkehrswende weiter voranzubringen, fordern wir die Schaffung neuer vernetzter&nbsp;<strong>Mobility Hubs<\/strong>, die als Quartiersgaragen dienen und dadurch den \u00f6ffentlichen Raum von parkenden Autos entlasten, die dar\u00fcber hinaus aber auch Ladeinfrastruktur f\u00fcr E-Autos, Carsharing-Angebote und Leihlastenr\u00e4der sowie Zugang zu \u00f6ffentlichen Verkehrsmitteln bieten.<\/p>\n\n\n\n<p>Statt teure Stellpl\u00e4tze f\u00fcr Autos zu bauen, wird es wichtiger, bequem zu erreichende R\u00e4ume f\u00fcr beispielsweise schwere und gro\u00dfe Lastenr\u00e4der in den Wohngeb\u00e4uden als auch am Arbeitsplatz rechtzeitig einzuplanen. Ebenso wichtig ist die Schaffung von R\u00e4umen zur Fahrradreparatur und von Duschm\u00f6glichkeiten.<\/p>\n\n\n\n<p>Die Wohnanlage am&nbsp;<strong>Gleisdreieck<\/strong>&nbsp;ist bisher schlecht an die sozio-kulturelle Infrastruktur und Nahversorger angebunden. Wir wollen daher eine direkte Anbindung nach Osten (Neuallerm\u00f6he\/Oberbillwerder) pr\u00fcfen.<\/p>\n\n\n\n<p>Um allen Menschen die Teilhabe an st\u00e4dtischem Leben zu erm\u00f6glichen, brauchen wir mehr&nbsp;<strong>Toiletten<\/strong>&nbsp;in der Stadt. Wir fordern, das Konzept der netten Toilette in Bergedorf umzusetzen. Das bedeutet, dass sich der Bezirk an den Reinigungskosten der Toiletten gastronomischer Betriebe beteiligt, diese daf\u00fcr ihre Toiletten allen Menschen zur Verf\u00fcgung stellen. Wir wollen im Rahmen des Konzepts der Changing Places eine inklusive Toilette im Bezirk realisieren.<\/p>\n\n\n\n<p>Wir setzen uns f\u00fcr eine inklusive, gerechte und nachhaltige&nbsp;<strong>Sportpolitik<\/strong>&nbsp;ein, die die vielf\u00e4ltigen Bed\u00fcrfnisse und Interessen unserer B\u00fcrger*innen ber\u00fccksichtigt. Wir glauben fest daran, dass Sport ein bedeutendes soziales Gut ist, das die Gesundheit f\u00f6rdert, den Zusammenhalt st\u00e4rkt und Integration erm\u00f6glicht. Unsere Sportpolitik konzentriert sich auf die F\u00f6rderung des Breitensports, die Schaffung von Chancengleichheit sowie Nachhaltigkeit. Wir unterst\u00fctzen Sportvereine, um den Zugang zum Sport f\u00fcr alle &#8211; unabh\u00e4ngig von Geschlecht, Alter, F\u00e4higkeiten oder Herkunft &#8211; zu gew\u00e4hrleisten. Und wir w\u00fcrdigen und unterst\u00fctzen das Engagement von Ehrenamtlichen, denn ihre Arbeit in Vereinen und Organisationen ist von unsch\u00e4tzbarem Wert f\u00fcr die Gemeinschaft. Zudem setzen wir uns f\u00fcr nachhaltigen Sport ein, der umweltfreundlich ist. Dies schlie\u00dft den Einsatz erneuerbarer Energiequellen in Sportst\u00e4tten und die F\u00f6rderung von umweltbewusstem Verhalten von Sportveranstaltungen ein.<\/p>\n\n\n\n<p>Im Bezirk gibt es viele&nbsp;<strong>Badeseen<\/strong>, die im Sommer zum Planschen und Erholen einladen. Leider kam es in der Vergangenheit auch dort zu tragischen Badeunf\u00e4llen. Wir wollen gemeinsam mit der Verwaltung und den verschiedenen Vereinen, die sich dort engagieren, eine m\u00f6glichst umfassende Aufsicht und Beschilderung sicherstellen, um derartige Ungl\u00fccke k\u00fcnftig zu vermeiden.<\/p>\n\n\n\n<p>Mit der Er\u00f6ffnung des&nbsp;<strong>K\u00f6rberhaus<\/strong>es wurde f\u00fcr die Bergedorfer*innen ein neuer Ort des Zusammenkommens, der Kultur und der Vielfalt zur Verf\u00fcgung gestellt. Wir haben uns f\u00fcr diese Realisierung eingesetzt und wollen auch k\u00fcnftig dazu beitragen, dass der Ort im Herzen der Stadt im Interesse der Nutzer*innen weiterentwickelt wird. Wir wollen die Kooperation mit dem Altonaer Theater im K\u00f6rberhaus intensivieren und wollen bezirkliche Projekte enger mit diesem Akteur verzahnen, denn wir sehen gro\u00dfes Potential in der F\u00f6rderung von Kinder- und Jugendtheater gemeinsam mit dem Altonaer Theater.<\/p>\n\n\n\n<p>Die Unterversorgung von&nbsp;<strong>haus\u00e4rztlichen Praxen und Fach\u00e4rzt*innen<\/strong>&nbsp;ist ein zunehmendes Problem in den Bergedorfer Stadtteilen. Hierf\u00fcr ist der Austausch mit der kassen\u00e4rztlichen Vereinigung ebenso zentral wie die Schaffung von Anreizen zur Niederlassung.<\/p>\n\n\n\n<p>Kreativit\u00e4t in Form kunstvoller&nbsp;<strong>Fassadengestaltung<\/strong>&nbsp;geh\u00f6rt f\u00fcr uns zum Grundverst\u00e4ndnis lebendiger \u00f6ffentlicher R\u00e4ume. Graffiti Projekte, wie sie in anderen Stadtteilen erfolgreich durchgef\u00fchrt werden, sollen auch in Bergedorf an freien Fl\u00e4chen erm\u00f6glicht werden.<\/p>\n\n\n\n<p><strong>Bildende Kunst<\/strong>&nbsp;und Kunst im \u00f6ffentlichen Raum ist in Bergedorf fester Bestandteil des Stadtbildes und soll weiterentwickelt werden. In neuen Quartieren soll Kunst selbstverst\u00e4ndlich mitgedacht werden.<\/p>\n\n\n\n<p>Wir wollen eine vom Bezirk gef\u00f6rderte&nbsp;<strong>Kunst &amp; Kultur &#8211; Vermittlung<\/strong>. Eine F\u00f6rderung, die angemessene Honorare f\u00fcr die Vermittlung von Formaten (Workshops, Kurse, Mitmach-Formate) finanziert, w\u00fcrde den Kunstschaffenden und Akteur*innen der Kultur eine Basis bieten, frei ihre Ideen und Erfahrungen mit der Gesellschaft zu teilen. Workshops, die nicht von den Teilnehmer*innen, sondern von dem Bezirk finanziert werden, schaffen mehr Zugang f\u00fcr Menschen, die aus weniger privilegierten Umst\u00e4nden kommen und einen bisher begrenzten Zugang zur Kunst und Kultur haben.<\/p>\n\n\n\n<p>Die freischaffenden K\u00fcnstler*innen von Bergedorf brauchen subventionierte&nbsp;<strong>Arbeitsr\u00e4ume<\/strong>&nbsp;(Atelier \/ Studio) und Formate, die es gew\u00e4hrleisten, dass sie ihre Kunst zeigen k\u00f6nnen, ohne in Vorleistung gehen zu m\u00fcssen. Diese F\u00f6rderung w\u00fcrde gew\u00e4hrleisten, dass mehr kulturelle Events in Bergedorf stattfinden k\u00f6nnen und dass die Kunstschaffenden sich in ihrer Praxis vertiefen k\u00f6nnen, wovon die Gesellschaft profitiert.<\/p>\n\n\n\n<p>Wir wollen im Zuge der Neugestaltung des&nbsp;<strong>Frascatiplatz<\/strong>es die Fl\u00e4che \u00f6kologisch aufwerten und neue Nutzungsm\u00f6glichkeiten f\u00fcr Kinder und Jugendliche schaffen. Ein Erlebnisangebot f\u00fcr junge Menschen wie ein Bauspielplatz oder eine Kletterfl\u00e4che, insbesondere inklusiv gestaltete Orte, fehlen dem Bezirk bisher.<\/p>\n\n\n\n<p>Wir wollen bezirklichen Formate wie das der&nbsp;<strong>Jugendtheatertage<\/strong>&nbsp;und des Musikkantenwettstreits unterst\u00fctzen und weiterentwickeln.<\/p>\n\n\n\n<p>Wir unterst\u00fctzen die Umsetzung der&nbsp;<strong>Neugestaltung des Sander Marktes<\/strong>&nbsp;und wollen damit die Aufenthaltsqualit\u00e4t erh\u00f6hen und im Zuge dessen weitere \u00f6kologische Aufwertungen einfordern.<\/p>\n\n\n\n<p>Wir wollen die moderne Entwicklung von&nbsp;<strong>Ortskerne<\/strong>n in den Vier- und Marschlanden sinnvoll vorantreiben und damit eine weitere Zersiedelung dieser wertvollen Kulturlandschaft verhindern.<\/p>\n\n\n\n<p>In Hamburg wird perspektivisch jede dritte Kirche schlie\u00dfen m\u00fcssen. Wir m\u00f6chten gemeinsam mit der Bev\u00f6lkerung und den&nbsp;<strong>Kirchen<\/strong>&nbsp;eine sinnvolle Weiternutzung erm\u00f6glichen.<\/p>\n\n\n\n<p>Wir wollen das Stadtteilkulturzentrum&nbsp;<strong>Lola<\/strong>&nbsp;st\u00e4rken und mit den Mitarbeiter*innen zusammen einen Prozess auf den Weg bringen, in dem Stadtteilkultur fester Bestandteil innerst\u00e4dtischen Lebens wird. Der Prozess der Innenstadtentwicklung ist ohne Kultur f\u00fcr uns nicht denkbar.<\/p>\n\n\n\n<p>Das&nbsp;<strong>Bergedorfer Zentrum<\/strong>&nbsp;ist ein wichtiger Bezugspunkt f\u00fcr ganz Bergedorf und die umliegenden Gemeinden. Wir fordern, dass diese Bedeutung durch die Schaffung eines&nbsp;<strong>Regionalausschuss<\/strong>es f\u00fcr das Bergedorfer Zentrum gew\u00fcrdigt wird.<\/p>\n\n\n\n<div style=\"height:100px\" aria-hidden=\"true\" class=\"wp-block-spacer\"><\/div>\n\n\n\n<div class=\"wp-block-buttons is-content-justification-center is-layout-flex wp-container-core-buttons-is-layout-16018d1d wp-block-buttons-is-layout-flex\">\n<div class=\"wp-block-button\"><a class=\"wp-block-button__link wp-element-button\" href=\"https:\/\/gruene-bergedorf.de\/index.php\/passender-wohnraum-fuer-jede-lebenssituation\/\">zur\u00fcck<\/a><\/div>\n\n\n\n<div class=\"wp-block-button\"><a class=\"wp-block-button__link wp-element-button\" href=\"https:\/\/gruene-bergedorf.de\/index.php\/ein-gruenes-oberbillwerder-klimaneutral-oekologisch-und-sozial\/\">weiter<\/a><\/div>\n<\/div>\n","protected":false},"excerpt":{"rendered":"<p>Kapitel 5 Wir stehen f\u00fcr ein gr\u00fcnes Bergedorf der kurzen Wege. Dazu soll jede*r Bergedorfer*in die M\u00f6glichkeit haben, Einkaufsgelegenheiten sowie Angebote der Freizeitgestaltung und der Naherholung innerhalb von f\u00fcnfzehn Minuten [&hellip;]<\/p>\n","protected":false},"author":3,"featured_media":0,"parent":0,"menu_order":0,"comment_status":"closed","ping_status":"closed","template":"","meta":{"footnotes":""},"class_list":["post-117","page","type-page","status-publish","hentry"],"_links":{"self":[{"href":"https:\/\/gruene-bergedorf.de\/index.php\/wp-json\/wp\/v2\/pages\/117","targetHints":{"allow":["GET"]}}],"collection":[{"href":"https:\/\/gruene-bergedorf.de\/index.php\/wp-json\/wp\/v2\/pages"}],"about":[{"href":"https:\/\/gruene-bergedorf.de\/index.php\/wp-json\/wp\/v2\/types\/page"}],"author":[{"embeddable":true,"href":"https:\/\/gruene-bergedorf.de\/index.php\/wp-json\/wp\/v2\/users\/3"}],"replies":[{"embeddable":true,"href":"https:\/\/gruene-bergedorf.de\/index.php\/wp-json\/wp\/v2\/comments?post=117"}],"version-history":[{"count":5,"href":"https:\/\/gruene-bergedorf.de\/index.php\/wp-json\/wp\/v2\/pages\/117\/revisions"}],"predecessor-version":[{"id":687,"href":"https:\/\/gruene-bergedorf.de\/index.php\/wp-json\/wp\/v2\/pages\/117\/revisions\/687"}],"wp:attachment":[{"href":"https:\/\/gruene-bergedorf.de\/index.php\/wp-json\/wp\/v2\/media?parent=117"}],"curies":[{"name":"wp","href":"https:\/\/api.w.org\/{rel}","templated":true}]}}