{"id":116,"date":"2024-10-17T20:07:09","date_gmt":"2024-10-17T18:07:09","guid":{"rendered":"https:\/\/wordpress86.gcms.verdigado.net\/?page_id=116"},"modified":"2025-04-23T15:41:19","modified_gmt":"2025-04-23T13:41:19","slug":"passender-wohnraum-fuer-jede-lebenssituation","status":"publish","type":"page","link":"https:\/\/gruene-bergedorf.de\/index.php\/passender-wohnraum-fuer-jede-lebenssituation\/","title":{"rendered":"Passender Wohnraum f\u00fcr jede Lebenssituation."},"content":{"rendered":"\n<figure class=\"wp-block-embed is-type-rich is-provider-spotify wp-block-embed-spotify wp-embed-aspect-21-9 wp-has-aspect-ratio\"><div class=\"wp-block-embed__wrapper\">\n\t\t<div class=\"embed-privacy-container is-disabled embed-spotify\" data-embed-id=\"oembed_7d7a488f84662776ea701e4c190b953e\" data-embed-provider=\"spotify\" style=\"aspect-ratio: 876\/152;\">\t\t\t\t\t\t<button type=\"button\" class=\"embed-privacy-enable screen-reader-text\">\u201eSpotify Embed: Kapitel 4 | Passender Lebensraum f\u00fcr jede Lebenssituation\u201c von Spotify anzeigen<\/button>\t\t\t\t\t\t<div class=\"embed-privacy-overlay\">\t\t\t\t<div class=\"embed-privacy-inner\">\t\t\t\t\t<div class=\"embed-privacy-logo\" style=\"background-image: url(https:\/\/gruene-bergedorf.de\/wp-content\/plugins\/embed-privacy\/assets\/images\/embed-spotify.png?ver=1.12.3);\"><\/div>\t\t<p>\t\tHier klicken, um den Inhalt von Spotify anzuzeigen.\t\t\t\t\t<br>\t\t\t\t\tErfahre mehr in der <a href=\"https:\/\/www.spotify.com\/privacy\/\" target=\"_blank\">Datenschutzerkl\u00e4rung von Spotify<\/a>.\t\t<\/p>\t\t<p class=\"embed-privacy-input-wrapper\">\t\t\t<input id=\"embed-privacy-store-spotify-7d7a488f84662776ea701e4c190b953e\" type=\"checkbox\" value=\"1\" class=\"embed-privacy-input\" data-embed-provider=\"spotify\">\t\t\t<label for=\"embed-privacy-store-spotify-7d7a488f84662776ea701e4c190b953e\" class=\"embed-privacy-label\" data-embed-provider=\"spotify\">\t\t\t\tInhalt von Spotify immer anzeigen\t\t\t<\/label>\t\t<\/p>\t\t\t\t\t\t<\/div>\t\t\t\t\t\t\t\t<div class=\"embed-privacy-footer\"><span class=\"embed-privacy-url\"><a href=\"https:\/\/open.spotify.com\/episode\/1vjU4LoIBmBUStFHz5m8mN?si=5c02d720254d4a93\">\u201eSpotify Embed: Kapitel 4 | Passender Lebensraum f\u00fcr jede Lebenssituation\u201c direkt \u00f6ffnen<\/a><\/span><\/div>\t\t\t<\/div>\t\t\t\t\t\t<div class=\"embed-privacy-content\">\t\t\t\t<script>var _oembed_7d7a488f84662776ea701e4c190b953e = '{\\\"embed\\\":\\\"&lt;iframe title=&quot;Spotify Embed: Kapitel 4 | Passender Lebensraum f&uuml;r jede Lebenssituation&quot; style=&quot;border-radius: 12px&quot; width=&quot;100%&quot; height=&quot;152&quot; frameborder=&quot;0&quot; allowfullscreen allow=&quot;autoplay; clipboard-write; encrypted-media; fullscreen; picture-in-picture&quot; loading=&quot;lazy&quot; src=&quot;https:\\\\\/\\\\\/open.spotify.com\\\\\/embed\\\\\/episode\\\\\/1vjU4LoIBmBUStFHz5m8mN?si=5c02d720254d4a93&amp;utm_source=oembed&quot;&gt;&lt;\\\\\/iframe&gt;\\\"}';<\/script>\t\t\t<\/div>\t\t<\/div>\t\t\n<\/div><\/figure>\n\n\n\n<div style=\"height:100px\" aria-hidden=\"true\" class=\"wp-block-spacer\"><\/div>\n\n\n\n<h2 class=\"wp-block-heading has-text-align-center\">Kapitel 4<\/h2>\n\n\n\n<p>Der Zuzug in Gro\u00dfst\u00e4dte wie Hamburg ist nicht gebrochen und Wohnraum ist daher ein wichtiges Thema f\u00fcr viele Menschen. Und auch Bergedorf ist ein attraktiver Ort zum Leben &#8211; das belegt das Wachstum um \u00fcber 10 000 Einwohner*innen im vergangenen Jahrzehnt. Nicht nur mit dem Bau Oberbillwerders, sondern der Entwicklung verschiedener Quartiere entlang des Schleusengrabens kommt der Bezirk seiner Verpflichtung zur Schaffung neuen Wohnraums nach. Von jungen Familien \u00fcber Studierende und Auszubildende bis hin zu Senior*innen &#8211; wer in Bergedorf wohnen m\u00f6chte, ben\u00f6tigt ein passendes Angebot. Die gestiegenen Bau- und Zinskosten sowie die gestiegenen Energiekosten stellen die Menschen dabei vor gro\u00dfe Herausforderungen. Deswegen m\u00f6chten wir beim Neubau noch mehr auf preisged\u00e4mpftes Bauen setzen. Daf\u00fcr hat Hamburg gemeinsam mit der Initiative \u201dKeine Profite f\u00fcr Boden und Miete\u201d einen Paradigmenwechsel eingeleitet, mit 100-j\u00e4hriger Mietpreisbindung f\u00fcr mindestens 1000 Neubau-Wohnungen im Jahr. Wir erh\u00f6hen den Anteil von gef\u00f6rdertem Wohnraum und f\u00f6rdern zus\u00e4tzlich preisged\u00e4mpften Wohnraum f\u00fcr Menschen, die unter den hohen Marktpreisen leiden. Dabei werden wir zuk\u00fcnftig noch st\u00e4rker auf ma\u00dfvolle und effiziente Nachverdichtung setzen. Au\u00dferdem soll vor jeder Abrissma\u00dfnahme genau untersucht werden, ob nicht eine Sanierung oder ein Umbau m\u00f6glich und sinnvoll ist. Wir werden bestehende und neue Instrumente nutzen, um den rasanten Anstieg der Mieten in Bergedorf zu bremsen. Wir m\u00f6chten, dass unser wertvoller Boden in \u00f6ffentlicher Hand bleibt, damit er allen zugutekommt. Daf\u00fcr werden wir Boden zuk\u00fcnftig grunds\u00e4tzlich nur per Erbbaurecht vergeben sowie Vorkaufsrechte ausbauen und konsequent nutzen. In Zukunft werden wir durch die geplante \u201dNeue Wohnungsgemeinn\u00fctzigkeit\u201d auf Bundesebene Ma\u00dfnahmen ergreifen, um dem Verlust von Sozialwohnungen aufgrund auslaufender Belegungsbindungen entgegenzuwirken und auch bestehenden Wohnraum dauerhaft unter der orts\u00fcblichen Miete halten. Unseretwegen wurden bereits Standards bez\u00fcglich energetischen Bauens als auch die Anforderung an Dachbegr\u00fcnung regelm\u00e4\u00dfig in Ausschreibungen gefordert und umgesetzt.<strong><\/strong><\/p>\n\n\n\n<div style=\"height:100px\" aria-hidden=\"true\" class=\"wp-block-spacer\"><\/div>\n\n\n\n<h4 class=\"wp-block-heading\"><strong>Wof\u00fcr wir uns in den kommenden Jahren einsetzen wollen:<\/strong><\/h4>\n\n\n\n<p>Wir fordern f\u00fcr das Entwicklungsgebiet am&nbsp;<strong>Schleusengraben<\/strong>&nbsp;eine zusammenh\u00e4ngende Freiraumplanung.<\/p>\n\n\n\n<p>Im Rahmen einer weiteren Beteiligung der B\u00fcrger*innen innerhalb gewachsener, aber auch neuer Quartiere, fordern wir die Einf\u00fchrung und finanzielle Ausstattung von\u00a0<strong>Quartiersbeir\u00e4ten<\/strong>. Dieses Hamburger Erfolgsmodell der integrierten Stadtentwicklung f\u00fchrt dazu, dass sich die Anwohner*innen an der Entwicklung ihres Quartiers beteiligen. Initial sehen wir das insbesondere f\u00fcr Neubauten beispielsweise am Schleusengraben. A6: Passender Wohnraum f\u00fcr jede Lebenssituation<\/p>\n\n\n\n<p><strong>Nachverdichtung<\/strong>&nbsp;in bestehenden Wohngebieten ist der Ausweisung von neuen Fl\u00e4chen immer vorzuziehen. Aber dies muss auch f\u00fcr die derzeitigen Bewohner*innen Vorteile mitbringen. Das kann beispielsweise die Ansiedlung von Nahversorgern oder die Schaffung von soziokulturellen Einrichtungen sein.<\/p>\n\n\n\n<p>Wir fordern Stadt und Verwaltung auf, \u00f6ffentliche Wohnungsbauunternehmen und Wohnungsbaugenossenschaften dabei zu unterst\u00fctzen, diese Projekte&nbsp;<strong>gemeinwohlorientiert<\/strong>&nbsp;zu entwickeln.<\/p>\n\n\n\n<p>Wenn \u00e4ltere Menschen aus gro\u00dfen Wohnungen in kleinere umziehen m\u00f6chten, wollen wir ein unterst\u00fctzendes Angebot zum&nbsp;<strong>Wohnungstausch<\/strong>&nbsp;im gleichen Quartier einf\u00fchren, das Hilfe bei der Wohnungssuche, beim Packen und beim Umziehen einschlie\u00dft. Wir unterst\u00fctzen zudem landesweite Initiativen ein System f\u00fcr den Wohnungstausch zu organisieren.<\/p>\n\n\n\n<p>Wir setzen uns daf\u00fcr ein, dass Bergedorf langfristig ein ausreichendes Angebot an&nbsp;<strong>bezahlbaren Wohnungen<\/strong>&nbsp;vorh\u00e4lt und interessante Fl\u00e4chen f\u00fcr den Wohnungsbau nicht zu Spekulationsobjekten werden. Dazu geh\u00f6rt neben dem Bau von mehr Sozialwohnungen auch deutlich mehr Wohnungsbau f\u00fcr niedrige Mieten.<\/p>\n\n\n\n<p>Wir setzen uns daf\u00fcr ein, dass auch&nbsp;<strong>Bestandsgeb\u00e4ude<\/strong>&nbsp;energetisch saniert werden, um die Nebenkosten f\u00fcr Mieter*innen gering zu halten. Hier braucht es weitreichendere Vorgaben als die bisherigen. Grunds\u00e4tzlich ist der Erhalt vor dem Abriss zu pr\u00fcfen.<\/p>\n\n\n\n<div style=\"height:100px\" aria-hidden=\"true\" class=\"wp-block-spacer\"><\/div>\n\n\n\n<div class=\"wp-block-buttons is-content-justification-center is-layout-flex wp-container-core-buttons-is-layout-16018d1d wp-block-buttons-is-layout-flex\">\n<div class=\"wp-block-button\"><a class=\"wp-block-button__link wp-element-button\" href=\"https:\/\/gruene-bergedorf.de\/index.php\/erneuerbar-in-eine-unabhaengige-zukunft\/\">zur\u00fcck<\/a><\/div>\n\n\n\n<div class=\"wp-block-button\"><a class=\"wp-block-button__link wp-element-button\" href=\"https:\/\/gruene-bergedorf.de\/index.php\/jedes-viertel-braucht-seinen-dorfplatz\/\">weiter<\/a><\/div>\n<\/div>\n\n\n\n<p><\/p>\n","protected":false},"excerpt":{"rendered":"<p>Kapitel 4 Der Zuzug in Gro\u00dfst\u00e4dte wie Hamburg ist nicht gebrochen und Wohnraum ist daher ein wichtiges Thema f\u00fcr viele Menschen. Und auch Bergedorf ist ein attraktiver Ort zum Leben [&hellip;]<\/p>\n","protected":false},"author":3,"featured_media":0,"parent":0,"menu_order":0,"comment_status":"closed","ping_status":"closed","template":"","meta":{"footnotes":""},"class_list":["post-116","page","type-page","status-publish","hentry"],"_links":{"self":[{"href":"https:\/\/gruene-bergedorf.de\/index.php\/wp-json\/wp\/v2\/pages\/116","targetHints":{"allow":["GET"]}}],"collection":[{"href":"https:\/\/gruene-bergedorf.de\/index.php\/wp-json\/wp\/v2\/pages"}],"about":[{"href":"https:\/\/gruene-bergedorf.de\/index.php\/wp-json\/wp\/v2\/types\/page"}],"author":[{"embeddable":true,"href":"https:\/\/gruene-bergedorf.de\/index.php\/wp-json\/wp\/v2\/users\/3"}],"replies":[{"embeddable":true,"href":"https:\/\/gruene-bergedorf.de\/index.php\/wp-json\/wp\/v2\/comments?post=116"}],"version-history":[{"count":7,"href":"https:\/\/gruene-bergedorf.de\/index.php\/wp-json\/wp\/v2\/pages\/116\/revisions"}],"predecessor-version":[{"id":918,"href":"https:\/\/gruene-bergedorf.de\/index.php\/wp-json\/wp\/v2\/pages\/116\/revisions\/918"}],"wp:attachment":[{"href":"https:\/\/gruene-bergedorf.de\/index.php\/wp-json\/wp\/v2\/media?parent=116"}],"curies":[{"name":"wp","href":"https:\/\/api.w.org\/{rel}","templated":true}]}}