{"id":115,"date":"2024-10-17T20:07:09","date_gmt":"2024-10-17T18:07:09","guid":{"rendered":"https:\/\/wordpress86.gcms.verdigado.net\/?page_id=115"},"modified":"2025-01-20T16:09:46","modified_gmt":"2025-01-20T15:09:46","slug":"erneuerbar-in-eine-unabhaengige-zukunft","status":"publish","type":"page","link":"https:\/\/gruene-bergedorf.de\/index.php\/erneuerbar-in-eine-unabhaengige-zukunft\/","title":{"rendered":"Erneuerbar in eine unabh\u00e4ngige Zukunft."},"content":{"rendered":"\n<figure class=\"wp-block-embed is-type-rich is-provider-spotify wp-block-embed-spotify wp-embed-aspect-21-9 wp-has-aspect-ratio\"><div class=\"wp-block-embed__wrapper\">\n\t\t<div class=\"embed-privacy-container is-disabled embed-spotify\" data-embed-id=\"oembed_7957318ca143727f0968413eb32b903c\" data-embed-provider=\"spotify\" style=\"aspect-ratio: 876\/152;\">\t\t\t\t\t\t<button type=\"button\" class=\"embed-privacy-enable screen-reader-text\">\u201eSpotify Embed: Kapitel 3 | Erneuerbar in eine unabh\u00e4ngige Zukunft\u201c von Spotify anzeigen<\/button>\t\t\t\t\t\t<div class=\"embed-privacy-overlay\">\t\t\t\t<div class=\"embed-privacy-inner\">\t\t\t\t\t<div class=\"embed-privacy-logo\" style=\"background-image: url(https:\/\/gruene-bergedorf.de\/wp-content\/plugins\/embed-privacy\/assets\/images\/embed-spotify.png?ver=1.12.3);\"><\/div>\t\t<p>\t\tHier klicken, um den Inhalt von Spotify anzuzeigen.\t\t\t\t\t<br>\t\t\t\t\tErfahre mehr in der <a href=\"https:\/\/www.spotify.com\/privacy\/\" target=\"_blank\">Datenschutzerkl\u00e4rung von Spotify<\/a>.\t\t<\/p>\t\t<p class=\"embed-privacy-input-wrapper\">\t\t\t<input id=\"embed-privacy-store-spotify-7957318ca143727f0968413eb32b903c\" type=\"checkbox\" value=\"1\" class=\"embed-privacy-input\" data-embed-provider=\"spotify\">\t\t\t<label for=\"embed-privacy-store-spotify-7957318ca143727f0968413eb32b903c\" class=\"embed-privacy-label\" data-embed-provider=\"spotify\">\t\t\t\tInhalt von Spotify immer anzeigen\t\t\t<\/label>\t\t<\/p>\t\t\t\t\t\t<\/div>\t\t\t\t\t\t\t\t<div class=\"embed-privacy-footer\"><span class=\"embed-privacy-url\"><a href=\"https:\/\/open.spotify.com\/episode\/1vywdgiIX0Ds5TK5aE4eJ3?si=7f2360b182f4488e\">\u201eSpotify Embed: Kapitel 3 | Erneuerbar in eine unabh\u00e4ngige Zukunft\u201c direkt \u00f6ffnen<\/a><\/span><\/div>\t\t\t<\/div>\t\t\t\t\t\t<div class=\"embed-privacy-content\">\t\t\t\t<script>var _oembed_7957318ca143727f0968413eb32b903c = '{\\\"embed\\\":\\\"&lt;iframe title=&quot;Spotify Embed: Kapitel 3 | Erneuerbar in eine unabh&auml;ngige Zukunft&quot; style=&quot;border-radius: 12px&quot; width=&quot;100%&quot; height=&quot;152&quot; frameborder=&quot;0&quot; allowfullscreen allow=&quot;autoplay; clipboard-write; encrypted-media; fullscreen; picture-in-picture&quot; loading=&quot;lazy&quot; src=&quot;https:\\\\\/\\\\\/open.spotify.com\\\\\/embed\\\\\/episode\\\\\/1vywdgiIX0Ds5TK5aE4eJ3?si=7f2360b182f4488e&amp;utm_source=oembed&quot;&gt;&lt;\\\\\/iframe&gt;\\\"}';<\/script>\t\t\t<\/div>\t\t<\/div>\t\t\n<\/div><\/figure>\n\n\n\n<div style=\"height:100px\" aria-hidden=\"true\" class=\"wp-block-spacer\"><\/div>\n\n\n\n<h2 class=\"wp-block-heading has-text-align-center\">Kapitel 3<\/h2>\n\n\n\n<p>Die extremen Energiepreissteigerungen, die durch den russischen Angriffskrieg auf die Ukraine ausgel\u00f6st wurden, haben uns vor Augen gef\u00fchrt, dass wir durch den Ausbau der Erneuerbaren Energien nicht nur das Klima sch\u00fctzen, sondern auch die Sicherheit und Souver\u00e4nit\u00e4t unserer Demokratie bewahren. Wir als Gr\u00fcne m\u00f6chten eine nachhaltige, unabh\u00e4ngige und sichere Energieversorgung f\u00fcr alle Menschen. Eine Gr\u00fcne Energie- und W\u00e4rmewende ist sozial gerecht und f\u00fchrt zu mehr Lebensqualit\u00e4t. Aufgrund der Beschaffenheit unseres Bezirks liegt bei uns Hamburgs gr\u00f6\u00dftes Potenzial, um die Energiewende voranzubringen.<\/p>\n\n\n\n<p>Sowohl bezirkliche Immobilien als auch zuk\u00fcnftige Bauvorhaben bieten viele M\u00f6glichkeiten weitere Photovoltaik-Anlagen aufzustellen und die Energieeffizienz von Geb\u00e4uden zu steigern. Mit jedem Projekt wird ein Beitrag zur Energiewende geleistet und gleichzeitig die fossilen Abh\u00e4ngigkeiten nachhaltig verringert. Zusammen mit Unternehmer*innen, Immobilienbesitzer*innen, der Landwirtschaft oder den Bewohner*innen in den Vier- und Marschlanden wollen wir die nachhaltige Stromerzeugung in unserem Bezirk angehen. Durch finanzielle Beteiligungsm\u00f6glichkeiten und B\u00fcrgerenergiegenossenschaften schaffen wir es, eine nachhaltige Zukunft zum Wohle aller aufzubauen. Durch den Abbau b\u00fcrokratischer H\u00fcrden und durch neue und vereinfachte Genehmigungsverfahren geben wir allen Menschen die M\u00f6glichkeit, an der Ver\u00e4nderung teilzuhaben. Bei Bebauungspl\u00e4nen werden wir intensiv das Thema einer nachhaltigen Energie- und W\u00e4rmeversorgung in den Blick nehmen und gemeinsam mit der lokalen Wirtschaft Antworten auf die Fragen unserer Zeit erarbeiten. Vor allem die Sanierung der Bestandsgeb\u00e4uden sind eine gro\u00dfe Chance unseren CO2 Aussto\u00df konsequent zu minimieren. Neben Beratungsangeboten f\u00fcr Mieter*innen, Immobilienbesitzer*innen und Industrie schafft Hamburg die n\u00f6tige Netzinfrastruktur, um die Energie- und W\u00e4rmewende an ihr Ziel zu bringen.<\/p>\n\n\n\n<div style=\"height:100px\" aria-hidden=\"true\" class=\"wp-block-spacer\"><\/div>\n\n\n\n<h4 class=\"wp-block-heading\"><strong>Wof\u00fcr wir uns in den kommenden f\u00fcnf Jahren einsetzen wollen:<\/strong><\/h4>\n\n\n\n<p>Um die gr\u00f6\u00dften CO2-Verursacher und Einsparpotenziale zu identifizieren, fordern wir eine&nbsp;<strong>CO2-Bilanz<\/strong>&nbsp;f\u00fcr den Bezirk Bergedorf.<\/p>\n\n\n\n<p>Wir fordern den konsequenten Ausbau von&nbsp;<strong>Solaranlagen auf allen D\u00e4chern<\/strong>, insbesondere \u00f6ffentlichen Geb\u00e4uden wie Schulen und Verwaltungsgeb\u00e4uden, in Kombination mit einem Gr\u00fcndach. Au\u00dferdem sollen bauwerks- und fassadenintegrierte PV-Anlagen gef\u00f6rdert werden.<\/p>\n\n\n\n<p>Wir fordern das Potenzial der solaren Energieerzeugung in unserem Bezirk zu heben. Bergedorf soll&nbsp;<strong>Modellregion<\/strong>&nbsp;werden, um die Vorschl\u00e4ge der Solarpotenzialstudie des Netzwerks Erneuerbare Energien Hamburg m\u00f6glichst rasch umzusetzen. Hierbei dienen neben Hausd\u00e4chern auch Lagerhallen, Parkpl\u00e4tze und sogar landwirtschaftlich genutzte Fl\u00e4chen in den Vier- und Marschlanden als Potenziale zur Erzeugung erneuerbarer Energien (Agri-PV). Wir unterst\u00fctzen dazu eine fl\u00e4chendeckende Solarstrategie f\u00fcr die gesamte Hansestadt Hamburg.<\/p>\n\n\n\n<p><strong>Windkraftanlagen<\/strong>&nbsp;sind unerl\u00e4sslicher Bestandteil der Energiewende. Aktuell leisten die 31 Anlagen in unserem Bezirk einen wichtigen Beitrag dazu, Bergedorf und Hamburg mit sauberer Energie zuverl\u00e4ssig zu versorgen. Neben der Erneuerung bestehender Windkraftanlagen durch modernere und leistungsst\u00e4rkere Anlagen (sog. Repowering) fordern wir einen effizienten Ausbau der Kapazit\u00e4ten in unserem Bezirk in Form von B\u00fcrger*innenwindparks.<\/p>\n\n\n\n<p>Damit der Strom aus den Erneuerbaren Energien sein volles Potenzial entfalten kann, m\u00fcssen wir ganzheitlich in unsere Infrastruktur investieren. Aus diesem Grund hat f\u00fcr uns der Aus- und Umbau der&nbsp;<strong>Netzinfrastruktur<\/strong>&nbsp;in Bergedorf h\u00f6chste Priorit\u00e4t.<\/p>\n\n\n\n<p>Zus\u00e4tzlich sollen alle die M\u00f6glichkeit bekommen bei der Energiewende mitzumachen. Durch ein ausgebautes Angebot von&nbsp;<strong>Beratungsdiensten<\/strong>&nbsp;in unserem Bezirk sollen beispielsweise Fragen zum Energiesparen, der passenden W\u00e4rmed\u00e4mmung oder der Installation von sogenannten Balkonkraftwerken schnell und professionell gekl\u00e4rt werden k\u00f6nnen. Dazu fordern wir Klimaschutz als Gemeinschaftsprojekt anzugehen., Veranstaltungen f\u00fcr den Austausch von Ideen und zur Vernetzung lokaler Klimaschutzprojekte sind daf\u00fcr ein wichtiger Baustein.<\/p>\n\n\n\n<p><strong>\u00d6ffentliche Veranstaltungen<\/strong>, die in Bergedorf stattfinden, sollen nachhaltiger werden. Standbetreiber*innen sollen deshalb ausschlie\u00dflich mit erneuerbarem Strom versorgt werden und in Zusammenarbeit mit Politik und Verwaltung einen verantwortungsbewussten Umgang mit Ressourcen pflegen. Zu diesem Zweck setzen wir uns daf\u00fcr ein, dass an Veranstaltungsorten eine geeignete Infrastruktur geschaffen wird, etwa ein Stromanschluss f\u00fcr das Wutzrock-Festivalgel\u00e4nde am Eichbaumsee oder Abwasseranschl\u00fcsse in der Alten Holstenstra\u00dfe und auf dem Frascatiplatz.<\/p>\n\n\n\n<p>Politik und Verwaltung m\u00fcssen mit gutem Beispiel vorangehen. Deshalb begr\u00fc\u00dfen wir, dass das Rathaus Bergedorf von der Sprinkenhof GmbH als Eigent\u00fcmerin inzwischen in die Priorit\u00e4tenliste der energetisch zu sanierenden Geb\u00e4ude aufgenommen worden ist.<\/p>\n\n\n\n<p>Wir unterst\u00fctzen Wissenschaft und Forschung. Die Wissenschaftler*innen und Mitarbeiter*innen am HAW-<strong>Energiecampus<\/strong>&nbsp;sind Innovationstreiber, wenn es um die Zukunft unserer Energieversorgung geht. Hierf\u00fcr soll der HAW-Energiecampus die n\u00f6tige Unterst\u00fctzung erhalten seine wissenschaftliche Arbeit weiter auszubauen, um neuartige L\u00f6sungen zu entwickeln.<\/p>\n\n\n\n<p><strong>Nahw\u00e4rme-\/ Arealnetze<\/strong>&nbsp;sind ein wichtiger Faktor f\u00fcr die Energiewende. In Bergedorf werden bereits heute viele Menschen mit dieser W\u00e4rme versorgt. Aufgrund negativer Erfahrungen mit privatwirtschaftlichen Monopolen wollen wir k\u00fcnftig und mit Blick auf die kommunale W\u00e4rmeplanung den Fokus auf die st\u00e4dtische Versorgung legen. Falls m\u00f6glich sollen Neubauten an die entsprechenden Netze angeschlossen werden.<\/p>\n\n\n\n<p>Aktuell werden noch um die 8.000 Tonnen Erd\u00f6l pro Jahr in den Vier- und Marschlanden gef\u00f6rdert. Aus dem Grund, dass die Klimakrise immer rasanter voranschreitet, fordern wir daher die schnellstm\u00f6gliche Einstellung der&nbsp;<strong>\u00d6lf\u00f6rderung<\/strong>&nbsp;in unserem Bezirk.<\/p>\n\n\n\n<div style=\"height:100px\" aria-hidden=\"true\" class=\"wp-block-spacer\"><\/div>\n\n\n\n<div class=\"wp-block-buttons is-content-justification-center is-layout-flex wp-container-core-buttons-is-layout-16018d1d wp-block-buttons-is-layout-flex\">\n<div class=\"wp-block-button\"><a class=\"wp-block-button__link wp-element-button\" href=\"https:\/\/gruene-bergedorf.de\/index.php\/ungestoerte-lebensraeume-und-freizeit-dschungel\/\">zur\u00fcck<\/a><\/div>\n\n\n\n<div class=\"wp-block-button\"><a class=\"wp-block-button__link wp-element-button\" href=\"https:\/\/gruene-bergedorf.de\/index.php\/passender-wohnraum-fuer-jede-lebenssituation\/\">weiter<\/a><\/div>\n<\/div>\n","protected":false},"excerpt":{"rendered":"<p>Kapitel 3 Die extremen Energiepreissteigerungen, die durch den russischen Angriffskrieg auf die Ukraine ausgel\u00f6st wurden, haben uns vor Augen gef\u00fchrt, dass wir durch den Ausbau der Erneuerbaren Energien nicht nur [&hellip;]<\/p>\n","protected":false},"author":3,"featured_media":0,"parent":0,"menu_order":0,"comment_status":"closed","ping_status":"closed","template":"","meta":{"footnotes":""},"class_list":["post-115","page","type-page","status-publish","hentry"],"_links":{"self":[{"href":"https:\/\/gruene-bergedorf.de\/index.php\/wp-json\/wp\/v2\/pages\/115","targetHints":{"allow":["GET"]}}],"collection":[{"href":"https:\/\/gruene-bergedorf.de\/index.php\/wp-json\/wp\/v2\/pages"}],"about":[{"href":"https:\/\/gruene-bergedorf.de\/index.php\/wp-json\/wp\/v2\/types\/page"}],"author":[{"embeddable":true,"href":"https:\/\/gruene-bergedorf.de\/index.php\/wp-json\/wp\/v2\/users\/3"}],"replies":[{"embeddable":true,"href":"https:\/\/gruene-bergedorf.de\/index.php\/wp-json\/wp\/v2\/comments?post=115"}],"version-history":[{"count":5,"href":"https:\/\/gruene-bergedorf.de\/index.php\/wp-json\/wp\/v2\/pages\/115\/revisions"}],"predecessor-version":[{"id":685,"href":"https:\/\/gruene-bergedorf.de\/index.php\/wp-json\/wp\/v2\/pages\/115\/revisions\/685"}],"wp:attachment":[{"href":"https:\/\/gruene-bergedorf.de\/index.php\/wp-json\/wp\/v2\/media?parent=115"}],"curies":[{"name":"wp","href":"https:\/\/api.w.org\/{rel}","templated":true}]}}