{"id":111,"date":"2024-10-17T20:07:09","date_gmt":"2024-10-17T18:07:09","guid":{"rendered":"https:\/\/wordpress86.gcms.verdigado.net\/?page_id=111"},"modified":"2025-01-20T16:08:10","modified_gmt":"2025-01-20T15:08:10","slug":"unser-bergedorf-dein-zuhause","status":"publish","type":"page","link":"https:\/\/gruene-bergedorf.de\/index.php\/unser-bergedorf-dein-zuhause\/","title":{"rendered":"Unser Bergedorf. Dein Zuhause."},"content":{"rendered":"\n<figure class=\"wp-block-embed is-type-rich is-provider-spotify wp-block-embed-spotify wp-embed-aspect-21-9 wp-has-aspect-ratio\"><div class=\"wp-block-embed__wrapper\">\n\t\t<div class=\"embed-privacy-container is-disabled embed-spotify\" data-embed-id=\"oembed_c6ec3c7a33cc265864c19c5273f7b9d7\" data-embed-provider=\"spotify\" style=\"aspect-ratio: 876\/152;\">\t\t\t\t\t\t<button type=\"button\" class=\"embed-privacy-enable screen-reader-text\">\u201eSpotify Embed: Pr\u00e4ambel | Unser Bergedorf. Dein Zuhause.\u201c von Spotify anzeigen<\/button>\t\t\t\t\t\t<div class=\"embed-privacy-overlay\">\t\t\t\t<div class=\"embed-privacy-inner\">\t\t\t\t\t<div class=\"embed-privacy-logo\" style=\"background-image: url(https:\/\/gruene-bergedorf.de\/wp-content\/plugins\/embed-privacy\/assets\/images\/embed-spotify.png?ver=1.12.3);\"><\/div>\t\t<p>\t\tHier klicken, um den Inhalt von Spotify anzuzeigen.\t\t\t\t\t<br>\t\t\t\t\tErfahre mehr in der <a href=\"https:\/\/www.spotify.com\/privacy\/\" target=\"_blank\">Datenschutzerkl\u00e4rung von Spotify<\/a>.\t\t<\/p>\t\t<p class=\"embed-privacy-input-wrapper\">\t\t\t<input id=\"embed-privacy-store-spotify-c6ec3c7a33cc265864c19c5273f7b9d7\" type=\"checkbox\" value=\"1\" class=\"embed-privacy-input\" data-embed-provider=\"spotify\">\t\t\t<label for=\"embed-privacy-store-spotify-c6ec3c7a33cc265864c19c5273f7b9d7\" class=\"embed-privacy-label\" data-embed-provider=\"spotify\">\t\t\t\tInhalt von Spotify immer anzeigen\t\t\t<\/label>\t\t<\/p>\t\t\t\t\t\t<\/div>\t\t\t\t\t\t\t\t<div class=\"embed-privacy-footer\"><span class=\"embed-privacy-url\"><a href=\"https:\/\/open.spotify.com\/episode\/14qyr2iCxMShln1L58ISNL?si=100052392f014bb5\">\u201eSpotify Embed: Pr\u00e4ambel | Unser Bergedorf. Dein Zuhause.\u201c direkt \u00f6ffnen<\/a><\/span><\/div>\t\t\t<\/div>\t\t\t\t\t\t<div class=\"embed-privacy-content\">\t\t\t\t<script>var _oembed_c6ec3c7a33cc265864c19c5273f7b9d7 = '{\\\"embed\\\":\\\"&lt;iframe title=&quot;Spotify Embed: Pr&auml;ambel | Unser Bergedorf. Dein Zuhause.&quot; style=&quot;border-radius: 12px&quot; width=&quot;100%&quot; height=&quot;152&quot; frameborder=&quot;0&quot; allowfullscreen allow=&quot;autoplay; clipboard-write; encrypted-media; fullscreen; picture-in-picture&quot; loading=&quot;lazy&quot; src=&quot;https:\\\\\/\\\\\/open.spotify.com\\\\\/embed\\\\\/episode\\\\\/14qyr2iCxMShln1L58ISNL?si=100052392f014bb5&amp;utm_source=oembed&quot;&gt;&lt;\\\\\/iframe&gt;\\\"}';<\/script>\t\t\t<\/div>\t\t<\/div>\t\t\n<\/div><\/figure>\n\n\n\n<div style=\"height:100px\" aria-hidden=\"true\" class=\"wp-block-spacer\"><\/div>\n\n\n\n<h2 class=\"wp-block-heading has-text-align-center\">Pr\u00e4ambel<\/h2>\n\n\n\n<p>Bergedorf, einer der sieben Bezirke Hamburgs, ist dank seiner gro\u00dfen Fl\u00e4che, der vergleichsweise geringen Besiedlungsdichte, der sozialen, kulturellen und verkehrlichen Infrastruktur, Geschichte und dem einzigartigen Selbstverst\u00e4ndnis seiner Bewohner*innen ein besonders lebenswerter Ort. In den letzten Jahren sich Bergedorf zudem immer st\u00e4rker zu einem Innovationsstandort entwickelt, an dem verschiedene Forschungseinrichtungen, Universit\u00e4ten sowie innovative Unternehmen wichtige Weichen f\u00fcr unseren Wohlstand legen.<\/p>\n\n\n\n<p>Als Gr\u00fcne setzen wir uns daf\u00fcr ein, dass Bergedorf ein lebendiger Teil des gro\u00dfen Ganzen bleibt und einen unverzichtbaren Beitrag zur gelebten Vielfalt unserer Stadt leistet.<\/p>\n\n\n\n<p>In den urban gepr\u00e4gten Vierteln sind wir bereits heute mit unseren Ideen Teil der Mehrheitsgesellschaft. Unser zentrales Anliegen ist es, gr\u00fcne Ziele konsequent in konkretes Verwaltungshandeln umzusetzen und Gr\u00fcne Politik vor Ort sp\u00fcrbar zu machen. Gleichzeitig m\u00f6chten wir mit unserem breiten sozial\u00f6kologischen Profil auch neue W\u00e4hler*innen in den l\u00e4ndlich gepr\u00e4gten Stadtteilen erreichen und gemeinsam Ideen f\u00fcr eine nachhaltige Zukunft entwickeln.<\/p>\n\n\n\n<p>Was uns Gr\u00fcne in Bergedorf eint, ist der Wille, Politik f\u00fcr eine solidarische und demokratische Stadt ohne Ausgrenzung, Hass und Hetze zu machen. Bergedorfs St\u00e4rke liegt im gesellschaftlichen Zusammenhalt. Hier ist das Zuhause f\u00fcr viele Menschen mit Migrationsgeschichte, kulturelle Vielfalt und unterschiedliche Weltanschauungen. Vielfalt als Bereicherung zu verstehen und ihr offen zu begegnen, ist Grundlage f\u00fcr Inspiration und Fortschritt!<\/p>\n\n\n\n<p>Wir sind fest davon \u00fcberzeugt, dass Engagement vor Ort und eine aktive und wirksame Bezirkspolitik der Schl\u00fcssel zu einer Stadt f\u00fcr alle sind. Der Kontakt mit den Menschen und ihren Interessen vor Ort ist von entscheidender Bedeutung f\u00fcr das Gelingen von Projekten und die Entwicklung neuer Ideen. Verschiedene Formen der Beteiligung laufen bereits vor Ort oder auch digital. Damit diese Beteiligungsformen erfolgreich sind, braucht es Ansprechpartner*innen, die sich authentisch mit den Anliegen auskennen, Verfahren und Sachverhalte erkl\u00e4ren k\u00f6nnen und die Menschen f\u00fcr die Teilnahme an solchen Prozessen begeistern k\u00f6nnen. Wir Gr\u00fcne machen uns stark f\u00fcr eine engere Verzahnung von Landespolitik, der Verwaltung und den konkreten Interessen der Bergedorfer*innen.<\/p>\n\n\n\n<p>Unsere Gr\u00fcnen Bezirksfraktionen in ganz Hamburg, aber auch die f\u00fcr Hamburgs Bezirkspolitik zust\u00e4ndige Senatorin, Katharina Fegebank, stellen tagt\u00e4glich unter Beweis, dass wir eine Partei sind, die durch Engagement auf Bezirksebene lebt. Hier geht es um die Grundfunktionen der Stadt, um das, was B\u00fcrger*innen direkt erleben, ob beim Amt oder den st\u00e4dtebaulichen Entwicklungen in ihrer Nachbarschaft.<\/p>\n\n\n\n<p>Unsere Gr\u00fcne Bezirksfraktion in Bergedorf war in den vergangenen Jahren als Teil der Koalition aus SPD, Gr\u00fcnen und FDP in der Verantwortung f\u00fcr viele gro\u00dfe Projekte und konnte starke Gr\u00fcne Akzente setzen. Trotz der Herausforderungen der Corona-Pandemie haben wir unsere wichtige Arbeit in der Bezirkspolitik fortgesetzt und uns daf\u00fcr eingesetzt, dass Bergedorf gut durch die Krise kommt. Wir haben die Unterst\u00fctzung der B\u00fcrgerschaftsfraktion und des Senats genutzt, um die Bezirkspolitik erfolgreich voranzutreiben. Daran wollen wir ankn\u00fcpfen!<\/p>\n\n\n\n<p>Wir setzen uns f\u00fcr die Begr\u00fcnung des Bezirks, die Schaffung bezahlbaren Wohnraums, den Klimaschutz und die F\u00f6rderung einer nachhaltigen Mobilit\u00e4t ein. Wir arbeiten daran, den gesellschaftlichen Zusammenhalt in den Quartieren zu st\u00e4rken und Chancengerechtigkeit zu f\u00f6rdern. Die Digitalisierung der Bezirksverwaltung und ihrer Dienstleistungen ist f\u00fcr uns ein wichtiges Anliegen, um B\u00fcrger*innenn\u00e4he und effiziente Verwaltungsprozesse zu gew\u00e4hrleisten.<\/p>\n\n\n\n<p>Engagierte Bezirkspolitik ist der Schl\u00fcssel zu einer lebenswerten und gerechten Stadt. Daf\u00fcr wollen wir die Menschen vor Ort st\u00e4rker einbinden, ihre Anliegen diskutieren und Bergedorf fit machen f\u00fcr die gro\u00dfen Herausforderungen der Zukunft: die Energie-, Agrar- und Mobilit\u00e4tswende sowie den demografischen Wandel und Integration.<\/p>\n\n\n\n<p>Bergedorf soll ein Zuhause f\u00fcr alle und gewappnet sein f\u00fcr anstehende Ver\u00e4nderungen. Eine starke Gr\u00fcne Bezirksfraktion wird sich in diesem Sinne mit vollem Engagement f\u00fcr eine nachhaltige, gerechte und lebenswerte Zukunft in Bergedorf einsetzen.<\/p>\n\n\n\n<p>Wir wollen durch eine Politik der sozialen Entwicklung daf\u00fcr sorgen, dass keiner der Bergedorfer Stadtteile abgeh\u00e4ngt wird. Bergedorf gilt als gr\u00fcner Stadtteil und wir wollen Bergedorf noch GR\u00dcNER machen \u2013 \u00f6kologisch und politisch. Wof\u00fcr wir konkret stehen, haben wir bezogen auf die einzelnen Politikbereiche f\u00fcr Sie zusammengestellt.<\/p>\n\n\n\n<div style=\"height:100px\" aria-hidden=\"true\" class=\"wp-block-spacer\"><\/div>\n\n\n\n<div class=\"wp-block-buttons is-content-justification-center is-layout-flex wp-container-core-buttons-is-layout-16018d1d wp-block-buttons-is-layout-flex\">\n<div class=\"wp-block-button\"><a class=\"wp-block-button__link wp-element-button\" href=\"https:\/\/gruene-bergedorf.de\/index.php\/themen\/\">zur\u00fcck<\/a><\/div>\n\n\n\n<div class=\"wp-block-button\"><a class=\"wp-block-button__link wp-element-button\" href=\"https:\/\/gruene-bergedorf.de\/index.php\/in-jedem-tempo-sicher-unterwegs\/\">weiter<\/a><\/div>\n<\/div>\n\n\n\n<p><\/p>\n","protected":false},"excerpt":{"rendered":"<p>Pr\u00e4ambel Bergedorf, einer der sieben Bezirke Hamburgs, ist dank seiner gro\u00dfen Fl\u00e4che, der vergleichsweise geringen Besiedlungsdichte, der sozialen, kulturellen und verkehrlichen Infrastruktur, Geschichte und dem einzigartigen Selbstverst\u00e4ndnis seiner Bewohner*innen ein [&hellip;]<\/p>\n","protected":false},"author":3,"featured_media":0,"parent":0,"menu_order":0,"comment_status":"closed","ping_status":"closed","template":"","meta":{"footnotes":""},"class_list":["post-111","page","type-page","status-publish","hentry"],"_links":{"self":[{"href":"https:\/\/gruene-bergedorf.de\/index.php\/wp-json\/wp\/v2\/pages\/111","targetHints":{"allow":["GET"]}}],"collection":[{"href":"https:\/\/gruene-bergedorf.de\/index.php\/wp-json\/wp\/v2\/pages"}],"about":[{"href":"https:\/\/gruene-bergedorf.de\/index.php\/wp-json\/wp\/v2\/types\/page"}],"author":[{"embeddable":true,"href":"https:\/\/gruene-bergedorf.de\/index.php\/wp-json\/wp\/v2\/users\/3"}],"replies":[{"embeddable":true,"href":"https:\/\/gruene-bergedorf.de\/index.php\/wp-json\/wp\/v2\/comments?post=111"}],"version-history":[{"count":13,"href":"https:\/\/gruene-bergedorf.de\/index.php\/wp-json\/wp\/v2\/pages\/111\/revisions"}],"predecessor-version":[{"id":682,"href":"https:\/\/gruene-bergedorf.de\/index.php\/wp-json\/wp\/v2\/pages\/111\/revisions\/682"}],"wp:attachment":[{"href":"https:\/\/gruene-bergedorf.de\/index.php\/wp-json\/wp\/v2\/media?parent=111"}],"curies":[{"name":"wp","href":"https:\/\/api.w.org\/{rel}","templated":true}]}}